{"id":16851,"date":"2022-06-17T17:03:56","date_gmt":"2022-06-17T14:03:56","guid":{"rendered":"https:\/\/www.phys.uaic.ro\/?page_id=16851"},"modified":"2022-06-17T17:33:33","modified_gmt":"2022-06-17T14:33:33","slug":"promotia-fizica-2002","status":"publish","type":"page","link":"https:\/\/www.phys.uaic.ro\/index.php\/promotia-fizica-2002\/","title":{"rendered":"Promo\u021bia Fizic\u0103 2002"},"content":{"rendered":"<div class=\"page\" title=\"Page 1\">\n<div class=\"layoutArea\">\n<div class=\"column\">\n<p><b>Stima\u021bi<\/b><strong>\u00a0colegi\u00a0absolven\u021bi\u00a0ai Faculta\u0306t\u0326ii de Fizica\u0306, promot\u0326ia 2002<\/strong><\/p>\n<p>I\u0302n urma\u0306 cu 20 de ani, ne-am i\u0302ncheiat cu ma\u0302ndrie studiile i\u0302n cadrul celei mai vechi universita\u0306t\u0326i din Roma\u0302nia, Universitatea \u201cAl. I. Cuza\u201d din Ia\u0219i. \u00centre timp, ne-am rer\u0103sp\u00e2ndit i\u0302n toat\u0103 lumea i\u0302n ca\u0306utarea \u00eemplinirii profesionale, familiale ori materiale iar cuno\u0219tin\u021bele s\u0326i performan\u021bele noastre fac diferen\u021ba acolo unde ne aflam.<\/p>\n<p>I\u0302mi face o imensa\u0306 pla\u0306cere sa\u0306 va\u0306 invit la aniversarea celor 20 de ani de la terminarea studiilor. Cred ca i\u0302nta\u0302lnirea este importanta\u0306 pentru noi, ne ofera\u0306 oportunitatea de a ne revedea s\u0326i i\u0302mprospa\u0306ta prieteniile dupa\u0306 o lunga\u0306 perioada\u0306 de timp. Va fi s\u0326i o ocazie sa\u0306 ne reinta\u0302lnim cu fostii profesori, sa\u0306 apreciem eforturile lor depuse pentru educat\u0326ia noastra\u0306 s\u0326i sa\u0306 arata\u0306m ca\u0306 acele eforturi au dat roade. De asemenea, i\u0302nta\u0302lnirea ne va permite sa\u0306 observa\u0306m schimba\u0306rile s\u0326i evolut\u0326iile care au avut loc i\u0302n cadrul facultat\u0326ii, atunci s\u0326i acum.<\/p>\n<p>\u00cencurajat\u0326i s\u0326i de cadrele didactice de a ra\u0306ma\u0302ne i\u0302n contact cu student\u0326ii lor, va\u0306 invit sa\u0306 ne i\u0302nta\u0302lnim sa\u0302mba\u0306ta, 23 iulie 2022, ora 16:00 la reuniunea promotiei 2002.<\/p>\n<p>Nu i\u0302n ultimul ra\u0302nd, as\u0326 dori sa\u0306 va\u0306 mult\u0326umesc pentru deosebita voastra\u0306 colegialitate, pentru prieteniile legate s\u0326i pentru anii frumos\u0326i petrecut\u0326i impreuna\u0306.<\/p>\n<p>Program:<br \/>\n15:15 Adunarea in fata amfiteatrului IV-13, Facultatea de Fizica\u0306 16:00 Curs festiv<br \/>\n17:00 Vizitarea laboratoarelor<br \/>\n17:30 Recept\u0326ie, i\u0302n fat\u0326a salii de seminar L1<\/p>\n<p>Cu drag,<br \/>\nEduard<br \/>\n08 iunie 2022, Leuven, Belgia<\/p>\n<p>eduard.fron@kuleuven.be<\/p>\n<\/div>\n<\/div>\n<\/div>\n","protected":false},"excerpt":{"rendered":"<p>Stima\u021bi\u00a0colegi\u00a0absolven\u021bi\u00a0ai Faculta\u0306t\u0326ii de Fizica\u0306, promot\u0326ia 2002 I\u0302n urma\u0306 cu 20 de ani, ne-am i\u0302ncheiat cu ma\u0302ndrie studiile i\u0302n cadrul celei mai vechi universita\u0306t\u0326i din Roma\u0302nia, Universitatea \u201cAl. I. Cuza\u201d din Ia\u0219i. \u00centre timp, ne-am rer\u0103sp\u00e2ndit i\u0302n toat\u0103 lumea i\u0302n ca\u0306utarea \u00eemplinirii profesionale, familiale ori materiale iar cuno\u0219tin\u021bele s\u0326i performan\u021bele noastre fac diferen\u021ba acolo unde ne aflam. I\u0302mi face\u2026 <span class=\"read-more\"><a href=\"https:\/\/www.phys.uaic.ro\/index.php\/promotia-fizica-2002\/\">Read More &raquo;<\/a><\/span><\/p>\n","protected":false},"author":3,"featured_media":0,"parent":0,"menu_order":0,"comment_status":"closed","ping_status":"closed","template":"","meta":{"footnotes":""},"class_list":["post-16851","page","type-page","status-publish","hentry"],"_links":{"self":[{"href":"https:\/\/www.phys.uaic.ro\/index.php\/wp-json\/wp\/v2\/pages\/16851","targetHints":{"allow":["GET"]}}],"collection":[{"href":"https:\/\/www.phys.uaic.ro\/index.php\/wp-json\/wp\/v2\/pages"}],"about":[{"href":"https:\/\/www.phys.uaic.ro\/index.php\/wp-json\/wp\/v2\/types\/page"}],"author":[{"embeddable":true,"href":"https:\/\/www.phys.uaic.ro\/index.php\/wp-json\/wp\/v2\/users\/3"}],"replies":[{"embeddable":true,"href":"https:\/\/www.phys.uaic.ro\/index.php\/wp-json\/wp\/v2\/comments?post=16851"}],"version-history":[{"count":0,"href":"https:\/\/www.phys.uaic.ro\/index.php\/wp-json\/wp\/v2\/pages\/16851\/revisions"}],"wp:attachment":[{"href":"https:\/\/www.phys.uaic.ro\/index.php\/wp-json\/wp\/v2\/media?parent=16851"}],"curies":[{"name":"wp","href":"https:\/\/api.w.org\/{rel}","templated":true}]}}