{"id":16858,"date":"2022-06-20T09:07:38","date_gmt":"2022-06-20T06:07:38","guid":{"rendered":"https:\/\/www.phys.uaic.ro\/?page_id=16858"},"modified":"2022-06-20T09:07:38","modified_gmt":"2022-06-20T06:07:38","slug":"nunt-privind-sustinerea-raportului-de-cercetare-a-drd-postolachi-cristina-pe-06-07-2022","status":"publish","type":"page","link":"https:\/\/www.phys.uaic.ro\/index.php\/nunt-privind-sustinerea-raportului-de-cercetare-a-drd-postolachi-cristina-pe-06-07-2022\/","title":{"rendered":"nun\u021b privind sus\u021binerea raportului de cercetare a drd. POSTOLACHI CRISTINA pe 06.07.2022"},"content":{"rendered":"<p>La data de <strong>06<\/strong> <strong>iulie 2022<\/strong>, \u00eencep\u00e2nd cu ora <strong>14<sup>00<\/sup><\/strong>, \u00een <strong>laboratorul LOA-SL<\/strong> va avea loc sus\u021binerea raportului de cercetare cu titlul <strong>\u201c<em>Spectroscopic techniques for characterization thin fims obtained from laser ablation. Instruments and investigation methods \/ Tehnici spectroscopice de caracterizare a straturilor subtiri obtinute prin ablatie laser. Instrumente si metode de investigare<\/em><\/strong><em>\u201d<\/em>, prezentat de studenta-doctorand\u0103 <strong>POSTOLACHI CRISTINA<\/strong>, sub \u00eendrumarea <strong>prof. univ. dr. habil. <\/strong><strong>Silviu-Octavian GURLUI.<\/strong><\/p>\n","protected":false},"excerpt":{"rendered":"<p>La data de 06 iulie 2022, \u00eencep\u00e2nd cu ora 1400, \u00een laboratorul LOA-SL va avea loc sus\u021binerea raportului de cercetare cu titlul \u201cSpectroscopic techniques for characterization thin fims obtained from laser ablation. Instruments and investigation methods \/ Tehnici spectroscopice de caracterizare a straturilor subtiri obtinute prin ablatie laser. Instrumente si metode de investigare\u201d, prezentat de studenta-doctorand\u0103 POSTOLACHI CRISTINA,\u2026 <span class=\"read-more\"><a href=\"https:\/\/www.phys.uaic.ro\/index.php\/nunt-privind-sustinerea-raportului-de-cercetare-a-drd-postolachi-cristina-pe-06-07-2022\/\">Read More &raquo;<\/a><\/span><\/p>\n","protected":false},"author":4,"featured_media":0,"parent":0,"menu_order":0,"comment_status":"closed","ping_status":"closed","template":"","meta":{"footnotes":""},"class_list":["post-16858","page","type-page","status-publish","hentry"],"_links":{"self":[{"href":"https:\/\/www.phys.uaic.ro\/index.php\/wp-json\/wp\/v2\/pages\/16858","targetHints":{"allow":["GET"]}}],"collection":[{"href":"https:\/\/www.phys.uaic.ro\/index.php\/wp-json\/wp\/v2\/pages"}],"about":[{"href":"https:\/\/www.phys.uaic.ro\/index.php\/wp-json\/wp\/v2\/types\/page"}],"author":[{"embeddable":true,"href":"https:\/\/www.phys.uaic.ro\/index.php\/wp-json\/wp\/v2\/users\/4"}],"replies":[{"embeddable":true,"href":"https:\/\/www.phys.uaic.ro\/index.php\/wp-json\/wp\/v2\/comments?post=16858"}],"version-history":[{"count":0,"href":"https:\/\/www.phys.uaic.ro\/index.php\/wp-json\/wp\/v2\/pages\/16858\/revisions"}],"wp:attachment":[{"href":"https:\/\/www.phys.uaic.ro\/index.php\/wp-json\/wp\/v2\/media?parent=16858"}],"curies":[{"name":"wp","href":"https:\/\/api.w.org\/{rel}","templated":true}]}}