{"id":16900,"date":"2022-06-21T10:48:09","date_gmt":"2022-06-21T07:48:09","guid":{"rendered":"https:\/\/www.phys.uaic.ro\/?page_id=16900"},"modified":"2022-06-21T11:09:09","modified_gmt":"2022-06-21T08:09:09","slug":"anunt-privind-sustinerea-raportului-de-cercetare-a-drd-andriesei-alexandra-pe-30-06-2022","status":"publish","type":"page","link":"https:\/\/www.phys.uaic.ro\/index.php\/anunt-privind-sustinerea-raportului-de-cercetare-a-drd-andriesei-alexandra-pe-30-06-2022\/","title":{"rendered":"Anun\u021b privind sus\u021binerea raportului de cercetare a drd. Dranca Alexandra (cas. Andriesei) pe 30.06.2022"},"content":{"rendered":"<div class=\"entry-content\">\n<p>La data de <strong>30 iunie 2022<\/strong>, \u00eencep\u00e2nd cu ora <strong>10<sup>00<\/sup><\/strong>, \u00een <strong>laboratorul <\/strong>\u201c<strong>Fizica informatica<\/strong>\u201d va avea loc sus\u021binerea raportului de cercetare cu titlul \u201e<strong><em>MODELE PENTRU STUDIUL TRANZITIILOR DE SPIN<\/em><\/strong>\u201d, prezentat de studenta-doctorand <strong>DRANCA (cas. ANDRIESEI) Alexandra<\/strong>, sub \u00eendrumarea <strong>prof. univ. dr. habil. Cristian En\u0103chescu.<\/strong><\/p>\n<\/div>\n","protected":false},"excerpt":{"rendered":"<p>La data de 30 iunie 2022, \u00eencep\u00e2nd cu ora 1000, \u00een laboratorul \u201cFizica informatica\u201d va avea loc sus\u021binerea raportului de cercetare cu titlul \u201eMODELE PENTRU STUDIUL TRANZITIILOR DE SPIN\u201d, prezentat de studenta-doctorand DRANCA (cas. ANDRIESEI) Alexandra, sub \u00eendrumarea prof. univ. dr. habil. Cristian En\u0103chescu.<\/p>\n","protected":false},"author":3,"featured_media":0,"parent":0,"menu_order":0,"comment_status":"closed","ping_status":"closed","template":"","meta":{"footnotes":""},"class_list":["post-16900","page","type-page","status-publish","hentry"],"_links":{"self":[{"href":"https:\/\/www.phys.uaic.ro\/index.php\/wp-json\/wp\/v2\/pages\/16900","targetHints":{"allow":["GET"]}}],"collection":[{"href":"https:\/\/www.phys.uaic.ro\/index.php\/wp-json\/wp\/v2\/pages"}],"about":[{"href":"https:\/\/www.phys.uaic.ro\/index.php\/wp-json\/wp\/v2\/types\/page"}],"author":[{"embeddable":true,"href":"https:\/\/www.phys.uaic.ro\/index.php\/wp-json\/wp\/v2\/users\/3"}],"replies":[{"embeddable":true,"href":"https:\/\/www.phys.uaic.ro\/index.php\/wp-json\/wp\/v2\/comments?post=16900"}],"version-history":[{"count":0,"href":"https:\/\/www.phys.uaic.ro\/index.php\/wp-json\/wp\/v2\/pages\/16900\/revisions"}],"wp:attachment":[{"href":"https:\/\/www.phys.uaic.ro\/index.php\/wp-json\/wp\/v2\/media?parent=16900"}],"curies":[{"name":"wp","href":"https:\/\/api.w.org\/{rel}","templated":true}]}}