{"id":16962,"date":"2022-06-28T12:24:29","date_gmt":"2022-06-28T09:24:29","guid":{"rendered":"https:\/\/www.phys.uaic.ro\/?page_id=16962"},"modified":"2022-06-28T12:24:29","modified_gmt":"2022-06-28T09:24:29","slug":"anunt-privind-pre-sustinerea-in-fata-comisiei-de-indrumare-a-tezei-de-doctorat-a-drd-dragan-valentin-stelian-pe-30-06-2022","status":"publish","type":"page","link":"https:\/\/www.phys.uaic.ro\/index.php\/anunt-privind-pre-sustinerea-in-fata-comisiei-de-indrumare-a-tezei-de-doctorat-a-drd-dragan-valentin-stelian-pe-30-06-2022\/","title":{"rendered":"Anun\u021b privind pre-sus\u021binerea, \u00een fa\u021ba comisiei de \u00eendrumare, a tezei de doctorat a drd. DRAGAN Valentin-Stelian pe 30.06.2022"},"content":{"rendered":"<div dir=\"ltr\" data-setdir=\"false\">La data de\u00a0<strong>30.06.2022<\/strong>, \u00eencep\u00e2nd cu ora\u00a0<strong>17<sup>30<\/sup><\/strong>, \u00een\u00a0<strong>Laboratorul de AUTOORGANIZARE<\/strong>\u00a0 va avea loc sus\u021binerea, \u00een fa\u021ba comisiei de \u00eendrumare, a tezei de doctorat cu titlul: <em><b>&#8222;<\/b><\/em><b><em>Studiul unor sisteme complexe utiliz\u00e2nd elemente de dinamic\u0103 neliniar\u0103<\/em>&#8222;<\/b>, prezentat\u0103 de doctorandul <strong>DRAGAN Valentin-Stelian<\/strong> sub \u00eendrumarea <b>prof. univ. dr. Maricel AGOP<\/b>.<\/div>\n","protected":false},"excerpt":{"rendered":"<p>La data de\u00a030.06.2022, \u00eencep\u00e2nd cu ora\u00a01730, \u00een\u00a0Laboratorul de AUTOORGANIZARE\u00a0 va avea loc sus\u021binerea, \u00een fa\u021ba comisiei de \u00eendrumare, a tezei de doctorat cu titlul: &#8222;Studiul unor sisteme complexe utiliz\u00e2nd elemente de dinamic\u0103 neliniar\u0103&#8222;, prezentat\u0103 de doctorandul DRAGAN Valentin-Stelian sub \u00eendrumarea prof. univ. dr. Maricel AGOP.<\/p>\n","protected":false},"author":4,"featured_media":0,"parent":0,"menu_order":0,"comment_status":"closed","ping_status":"closed","template":"","meta":{"footnotes":""},"class_list":["post-16962","page","type-page","status-publish","hentry"],"_links":{"self":[{"href":"https:\/\/www.phys.uaic.ro\/index.php\/wp-json\/wp\/v2\/pages\/16962","targetHints":{"allow":["GET"]}}],"collection":[{"href":"https:\/\/www.phys.uaic.ro\/index.php\/wp-json\/wp\/v2\/pages"}],"about":[{"href":"https:\/\/www.phys.uaic.ro\/index.php\/wp-json\/wp\/v2\/types\/page"}],"author":[{"embeddable":true,"href":"https:\/\/www.phys.uaic.ro\/index.php\/wp-json\/wp\/v2\/users\/4"}],"replies":[{"embeddable":true,"href":"https:\/\/www.phys.uaic.ro\/index.php\/wp-json\/wp\/v2\/comments?post=16962"}],"version-history":[{"count":0,"href":"https:\/\/www.phys.uaic.ro\/index.php\/wp-json\/wp\/v2\/pages\/16962\/revisions"}],"wp:attachment":[{"href":"https:\/\/www.phys.uaic.ro\/index.php\/wp-json\/wp\/v2\/media?parent=16962"}],"curies":[{"name":"wp","href":"https:\/\/api.w.org\/{rel}","templated":true}]}}