{"id":17005,"date":"2022-07-05T10:21:50","date_gmt":"2022-07-05T07:21:50","guid":{"rendered":"https:\/\/www.phys.uaic.ro\/?page_id=17005"},"modified":"2022-07-05T10:22:36","modified_gmt":"2022-07-05T07:22:36","slug":"conf-dr-habil-claudiu-costin-expertiza","status":"publish","type":"page","link":"https:\/\/www.phys.uaic.ro\/index.php\/scoala-doctorala\/conducatori-doctorat\/conf-dr-habil-claudiu-costin-expertiza\/","title":{"rendered":"Conf. Dr. habil. Claudiu COSTIN &#8211; expertiz\u0103"},"content":{"rendered":"<p style=\"font-weight: 400;\"><strong>Domeniul major de cercetare:<\/strong><\/p>\n<ul>\n<li>Fizica plasmei<\/li>\n<\/ul>\n<p style=\"font-weight: 400;\"><strong>Direc\u021bii de cercetare:<\/strong><\/p>\n<ul>\n<li>Diagnoza electric\u0103 a plasmelor de temperatur\u0103 joas\u0103<\/li>\n<li>Diagnoza electric\u0103 a plasmelor de interes termonuclear<\/li>\n<li>Simul\u0103ri numerice \u00een fizica plasmei<\/li>\n<\/ul>\n","protected":false},"excerpt":{"rendered":"<p>Domeniul major de cercetare: Fizica plasmei Direc\u021bii de cercetare: Diagnoza electric\u0103 a plasmelor de temperatur\u0103 joas\u0103 Diagnoza electric\u0103 a plasmelor de interes termonuclear Simul\u0103ri numerice \u00een fizica plasmei<\/p>\n","protected":false},"author":3,"featured_media":0,"parent":150,"menu_order":0,"comment_status":"closed","ping_status":"closed","template":"","meta":{"footnotes":""},"class_list":["post-17005","page","type-page","status-publish","hentry"],"_links":{"self":[{"href":"https:\/\/www.phys.uaic.ro\/index.php\/wp-json\/wp\/v2\/pages\/17005","targetHints":{"allow":["GET"]}}],"collection":[{"href":"https:\/\/www.phys.uaic.ro\/index.php\/wp-json\/wp\/v2\/pages"}],"about":[{"href":"https:\/\/www.phys.uaic.ro\/index.php\/wp-json\/wp\/v2\/types\/page"}],"author":[{"embeddable":true,"href":"https:\/\/www.phys.uaic.ro\/index.php\/wp-json\/wp\/v2\/users\/3"}],"replies":[{"embeddable":true,"href":"https:\/\/www.phys.uaic.ro\/index.php\/wp-json\/wp\/v2\/comments?post=17005"}],"version-history":[{"count":0,"href":"https:\/\/www.phys.uaic.ro\/index.php\/wp-json\/wp\/v2\/pages\/17005\/revisions"}],"up":[{"embeddable":true,"href":"https:\/\/www.phys.uaic.ro\/index.php\/wp-json\/wp\/v2\/pages\/150"}],"wp:attachment":[{"href":"https:\/\/www.phys.uaic.ro\/index.php\/wp-json\/wp\/v2\/media?parent=17005"}],"curies":[{"name":"wp","href":"https:\/\/api.w.org\/{rel}","templated":true}]}}