{"id":17070,"date":"2022-07-12T10:42:50","date_gmt":"2022-07-12T07:42:50","guid":{"rendered":"https:\/\/www.phys.uaic.ro\/?page_id=17070"},"modified":"2022-07-12T10:42:50","modified_gmt":"2022-07-12T07:42:50","slug":"anunt-privind-sustinerea-raportului-de-cercetare-a-drd-dulgheriu-cas-pavel-cristina-maria-pe-18-07-2022","status":"publish","type":"page","link":"https:\/\/www.phys.uaic.ro\/index.php\/anunt-privind-sustinerea-raportului-de-cercetare-a-drd-dulgheriu-cas-pavel-cristina-maria-pe-18-07-2022\/","title":{"rendered":"Anun\u021b privind sus\u021binerea raportului de cercetare a drd. Dulgheriu (c\u0103s. Pavel) Cristina-Maria pe 18.07.2022"},"content":{"rendered":"<p>La data de <strong>18.07.2022<\/strong>, \u00eencep\u00e2nd cu ora <strong>12:00<\/strong>, \u00een <strong>Laboratorul de autoorganizare <\/strong>va avea loc sus\u021binerea public\u0103 a raportului de cercetare cu titlul <strong><em>Modele ale solu\u021biilor cu dou\u0103 \u0219i trei componente<\/em><\/strong> prezentat de studenta-doctorand <strong>Dulgheriu (c\u0103s. Pavel) Cristina-Maria<\/strong> sub \u00eendrumarea <strong>conf. univ. dr. habil. Dan-Gheorghe DIMITRIU<\/strong>.<\/p>\n","protected":false},"excerpt":{"rendered":"<p>La data de 18.07.2022, \u00eencep\u00e2nd cu ora 12:00, \u00een Laboratorul de autoorganizare va avea loc sus\u021binerea public\u0103 a raportului de cercetare cu titlul Modele ale solu\u021biilor cu dou\u0103 \u0219i trei componente prezentat de studenta-doctorand Dulgheriu (c\u0103s. Pavel) Cristina-Maria sub \u00eendrumarea conf. univ. dr. habil. Dan-Gheorghe DIMITRIU.<\/p>\n","protected":false},"author":4,"featured_media":0,"parent":0,"menu_order":0,"comment_status":"closed","ping_status":"closed","template":"","meta":{"footnotes":""},"class_list":["post-17070","page","type-page","status-publish","hentry"],"_links":{"self":[{"href":"https:\/\/www.phys.uaic.ro\/index.php\/wp-json\/wp\/v2\/pages\/17070","targetHints":{"allow":["GET"]}}],"collection":[{"href":"https:\/\/www.phys.uaic.ro\/index.php\/wp-json\/wp\/v2\/pages"}],"about":[{"href":"https:\/\/www.phys.uaic.ro\/index.php\/wp-json\/wp\/v2\/types\/page"}],"author":[{"embeddable":true,"href":"https:\/\/www.phys.uaic.ro\/index.php\/wp-json\/wp\/v2\/users\/4"}],"replies":[{"embeddable":true,"href":"https:\/\/www.phys.uaic.ro\/index.php\/wp-json\/wp\/v2\/comments?post=17070"}],"version-history":[{"count":0,"href":"https:\/\/www.phys.uaic.ro\/index.php\/wp-json\/wp\/v2\/pages\/17070\/revisions"}],"wp:attachment":[{"href":"https:\/\/www.phys.uaic.ro\/index.php\/wp-json\/wp\/v2\/media?parent=17070"}],"curies":[{"name":"wp","href":"https:\/\/api.w.org\/{rel}","templated":true}]}}