{"id":17403,"date":"2022-09-02T12:39:29","date_gmt":"2022-09-02T09:39:29","guid":{"rendered":"https:\/\/www.phys.uaic.ro\/?page_id=17403"},"modified":"2022-09-02T15:55:46","modified_gmt":"2022-09-02T12:55:46","slug":"sustinerea-tezei-de-doctorat-a-drd-hlenschi-i-costica-pe-23-09-2022","status":"publish","type":"page","link":"https:\/\/www.phys.uaic.ro\/index.php\/sustinerea-tezei-de-doctorat-a-drd-hlenschi-i-costica-pe-23-09-2022\/","title":{"rendered":"Sus\u021binerea tezei de doctorat a drd. HLENSCHI I. COSTIC\u0102 pe 23.09.2022"},"content":{"rendered":"<p><a href=\"https:\/\/www.phys.uaic.ro\/wp-content\/uploads\/2022\/09\/anunt_HLENSCHI.pdf\"><span style=\"color: #ff0000;\"><em>Anun\u021bul sus\u021binerii p<\/em><em>ublice<\/em><\/span><\/a><\/p>\n<p>La data de 23.09.2022, ora 11:00, \u00een sala L1, dl. HLENSCHI I. COSTIC\u0102 va sus\u0163ine, \u00een \u015fedin\u0163\u0103 public\u0103, teza de doctorat cu titlul<\/p>\n<p><strong><em>APLICA\u0162II \u00ceN SENZORI ALE FIRELOR MAGNETICE AMORFE<\/em><\/strong><\/p>\n<p>\u00een vederea ob\u0163inerii titlului \u015ftiin\u0163ific de doctor \u00een domeniul FIZIC\u0102.<\/p>\n<p>HLENSCHI I. COSTIC\u0102 [ <a href=\"https:\/\/www.phys.uaic.ro\/wp-content\/uploads\/2022\/09\/CV_C.Hlenschi.pdf\">CV<\/a> ]<\/p>\n<p>&nbsp;<\/p>\n<p>Comisia de doctorat are urm\u0103toarea componen\u0163\u0103:<\/p>\n<ul>\n<li><b>Pre\u015fedinte<\/b>:\n<ul>\n<li>Prof. univ. dr. Diana Mihaela MARDARE, Universitatea &#8222;Alexandru Ioan Cuza&#8221; din Ia\u0219i [ <a href=\"https:\/\/www.phys.uaic.ro\/wp-content\/uploads\/2022\/05\/MARDARE_Diana_CV_RO.pdf\">CV<\/a> ]<\/li>\n<\/ul>\n<\/li>\n<\/ul>\n<ul>\n<li><b>Conduc\u0103tor \u015ftiin\u0163ific<\/b>:\n<ul>\n<li>Prof. univ. dr. Maria NEAGU, Universitatea &#8222;Alexandru Ioan Cuza&#8221; din Ia\u0219i [ <a href=\"https:\/\/www.phys.uaic.ro\/wp-content\/uploads\/2022\/09\/CV_M.Neagu_.pdf\">CV<\/a> ]<\/li>\n<\/ul>\n<\/li>\n<\/ul>\n<ul>\n<li><b>Referen\u0163i<\/b>:\n<ul>\n<li>C.S. I dr. Horia CHIRIAC,\u00a0 Institutul Na\u021bional de Cercetare-Dezvoltare Fizic\u0103 Tehnic\u0103 Ia\u0219i [ <a href=\"https:\/\/www.phys.uaic.ro\/wp-content\/uploads\/2022\/03\/CV-20121-Horia-Chiriac.pdf\">CV<\/a> ]<\/li>\n<li>Prof. univ. dr. habil. Cristina STAN, Universitatea &#8222;Politehnica&#8221; din Bucure\u0219ti [ <a href=\"https:\/\/www.phys.uaic.ro\/wp-content\/uploads\/2022\/09\/CV_C.Stan_.pdf\">CV<\/a> ]<\/li>\n<li>Prof. univ. dr. Dacia-Felicia IACOMI, Universitatea &#8222;Alexandru Ioan Cuza&#8221; din Ia\u0219i [ <a href=\"https:\/\/www.phys.uaic.ro\/wp-content\/uploads\/2022\/09\/CV_F.Iacomi.pdf\">CV<\/a> ]<\/li>\n<\/ul>\n<\/li>\n<\/ul>\n<p>&nbsp;<\/p>\n<p>Teza poate fi consultat\u0103 la Biblioteca Facult\u0103\u0163ii de Fizic\u0103.<\/p>\n<ul>\n<li><span style=\"color: #ff0000;\"><a style=\"color: #ff0000;\" href=\"https:\/\/www.phys.uaic.ro\/wp-content\/uploads\/2022\/09\/Rezumat_Teza_Hlenschi.pdf\"><em>Rezumatul tezei de doctorat<\/em><\/a><\/span><\/li>\n<\/ul>\n","protected":false},"excerpt":{"rendered":"<p>Anun\u021bul sus\u021binerii publice La data de 23.09.2022, ora 11:00, \u00een sala L1, dl. HLENSCHI I. COSTIC\u0102 va sus\u0163ine, \u00een \u015fedin\u0163\u0103 public\u0103, teza de doctorat cu titlul APLICA\u0162II \u00ceN SENZORI ALE FIRELOR MAGNETICE AMORFE \u00een vederea ob\u0163inerii titlului \u015ftiin\u0163ific de doctor \u00een domeniul FIZIC\u0102. HLENSCHI I. COSTIC\u0102 [ CV ] &nbsp; Comisia de doctorat are urm\u0103toarea componen\u0163\u0103: Pre\u015fedinte: Prof.\u2026 <span class=\"read-more\"><a href=\"https:\/\/www.phys.uaic.ro\/index.php\/sustinerea-tezei-de-doctorat-a-drd-hlenschi-i-costica-pe-23-09-2022\/\">Read More &raquo;<\/a><\/span><\/p>\n","protected":false},"author":4,"featured_media":0,"parent":0,"menu_order":0,"comment_status":"closed","ping_status":"closed","template":"","meta":{"footnotes":""},"class_list":["post-17403","page","type-page","status-publish","hentry"],"_links":{"self":[{"href":"https:\/\/www.phys.uaic.ro\/index.php\/wp-json\/wp\/v2\/pages\/17403","targetHints":{"allow":["GET"]}}],"collection":[{"href":"https:\/\/www.phys.uaic.ro\/index.php\/wp-json\/wp\/v2\/pages"}],"about":[{"href":"https:\/\/www.phys.uaic.ro\/index.php\/wp-json\/wp\/v2\/types\/page"}],"author":[{"embeddable":true,"href":"https:\/\/www.phys.uaic.ro\/index.php\/wp-json\/wp\/v2\/users\/4"}],"replies":[{"embeddable":true,"href":"https:\/\/www.phys.uaic.ro\/index.php\/wp-json\/wp\/v2\/comments?post=17403"}],"version-history":[{"count":0,"href":"https:\/\/www.phys.uaic.ro\/index.php\/wp-json\/wp\/v2\/pages\/17403\/revisions"}],"wp:attachment":[{"href":"https:\/\/www.phys.uaic.ro\/index.php\/wp-json\/wp\/v2\/media?parent=17403"}],"curies":[{"name":"wp","href":"https:\/\/api.w.org\/{rel}","templated":true}]}}