{"id":17478,"date":"2022-09-05T15:14:53","date_gmt":"2022-09-05T12:14:53","guid":{"rendered":"https:\/\/www.phys.uaic.ro\/?page_id=17478"},"modified":"2022-09-05T15:14:53","modified_gmt":"2022-09-05T12:14:53","slug":"anunt-privind-sustinerea-raportului-de-cercetare-a-drd-hatescu-iustina-pe-07-09-2022","status":"publish","type":"page","link":"https:\/\/www.phys.uaic.ro\/index.php\/anunt-privind-sustinerea-raportului-de-cercetare-a-drd-hatescu-iustina-pe-07-09-2022\/","title":{"rendered":"Anun\u021b privind sus\u021binerea raportului de cercetare a drd. HATESCU Iustina pe 07.09.2022"},"content":{"rendered":"<p>La data de 7.09.2022, \u00eencep\u00e2nd cu ora 11:00, \u00een Laboratorul de Fizic\u0103 Nuclear\u0103 \u2013 etaj 3, va avea loc sus\u021binerea public\u0103 a raportului de cercetare cu titlul \u201c<em><strong>Analiza modific\u0103rilor induse de particule de mare energie asupra materialelor polimere<\/strong><\/em>\u201d, prezentat de studenta-doctorand\u0103 <strong>HATESCU Iustina,<\/strong> sub \u00eendrumarea prof. univ. dr. habil. <strong>Gabriela BORCIA.<\/strong><\/p>\n","protected":false},"excerpt":{"rendered":"<p>La data de 7.09.2022, \u00eencep\u00e2nd cu ora 11:00, \u00een Laboratorul de Fizic\u0103 Nuclear\u0103 \u2013 etaj 3, va avea loc sus\u021binerea public\u0103 a raportului de cercetare cu titlul \u201cAnaliza modific\u0103rilor induse de particule de mare energie asupra materialelor polimere\u201d, prezentat de studenta-doctorand\u0103 HATESCU Iustina, sub \u00eendrumarea prof. univ. dr. habil. Gabriela BORCIA.<\/p>\n","protected":false},"author":4,"featured_media":0,"parent":0,"menu_order":0,"comment_status":"closed","ping_status":"closed","template":"","meta":{"footnotes":""},"class_list":["post-17478","page","type-page","status-publish","hentry"],"_links":{"self":[{"href":"https:\/\/www.phys.uaic.ro\/index.php\/wp-json\/wp\/v2\/pages\/17478","targetHints":{"allow":["GET"]}}],"collection":[{"href":"https:\/\/www.phys.uaic.ro\/index.php\/wp-json\/wp\/v2\/pages"}],"about":[{"href":"https:\/\/www.phys.uaic.ro\/index.php\/wp-json\/wp\/v2\/types\/page"}],"author":[{"embeddable":true,"href":"https:\/\/www.phys.uaic.ro\/index.php\/wp-json\/wp\/v2\/users\/4"}],"replies":[{"embeddable":true,"href":"https:\/\/www.phys.uaic.ro\/index.php\/wp-json\/wp\/v2\/comments?post=17478"}],"version-history":[{"count":0,"href":"https:\/\/www.phys.uaic.ro\/index.php\/wp-json\/wp\/v2\/pages\/17478\/revisions"}],"wp:attachment":[{"href":"https:\/\/www.phys.uaic.ro\/index.php\/wp-json\/wp\/v2\/media?parent=17478"}],"curies":[{"name":"wp","href":"https:\/\/api.w.org\/{rel}","templated":true}]}}