{"id":17528,"date":"2022-09-12T13:23:46","date_gmt":"2022-09-12T10:23:46","guid":{"rendered":"https:\/\/www.phys.uaic.ro\/?page_id=17528"},"modified":"2022-09-22T15:09:53","modified_gmt":"2022-09-22T12:09:53","slug":"sustinerea-tezei-de-doctorat-a-drd-enescu-i-florin-pe-29-09-2022","status":"publish","type":"page","link":"https:\/\/www.phys.uaic.ro\/index.php\/sustinerea-tezei-de-doctorat-a-drd-enescu-i-florin-pe-29-09-2022\/","title":{"rendered":"Sus\u021binerea tezei de doctorat a drd. ENESCU I. FLORIN pe 29.09.2022"},"content":{"rendered":"<p><a href=\"https:\/\/www.phys.uaic.ro\/wp-content\/uploads\/2022\/09\/anunt-Enescu-F.pdf\"><em>Anun\u021bul sus\u021binerii publice<\/em><\/a><\/p>\n<p>La data de 29.09.2022, ora 14:00, \u00een sala L1, dl. ENESCU I. FLORIN va sus\u0163ine, \u00een \u015fedin\u0163\u0103 public\u0103, teza de doctorat cu titlul<\/p>\n<p><strong><em>CONTRIBU\u0162II EXPERIMENTALE \u015eI TEORETICE PRIVIND STUDIUL UNOR CLASE SPECIALE DE GEOMATERIALE<\/em><\/strong><\/p>\n<p>\u00een vederea ob\u0163inerii titlului \u015ftiin\u0163ific de doctor \u00een domeniul FIZIC\u0102.<\/p>\n<p>ENESCU I. FLORIN [ <a href=\"https:\/\/www.phys.uaic.ro\/wp-content\/uploads\/2022\/09\/Florin_Enescu_CV_En.pdf\">CV<\/a> ]<\/p>\n<p>&nbsp;<\/p>\n<p>Comisia de doctorat are urm\u0103toarea componen\u0163\u0103:<\/p>\n<ul>\n<li><b>Pre\u015fedinte<\/b>:\n<ul>\n<li>Prof. univ. dr. Diana Mihaela MARDARE, Universitatea &#8222;Alexandru Ioan Cuza&#8221; din Ia\u0219i [ <a href=\"https:\/\/www.phys.uaic.ro\/wp-content\/uploads\/2022\/05\/MARDARE_Diana_CV_RO.pdf\">CV<\/a> ]<\/li>\n<\/ul>\n<\/li>\n<\/ul>\n<ul>\n<li><b>Conduc\u0103tor \u015ftiin\u0163ific<\/b>:\n<ul>\n<li>Prof. univ. dr. Maricel AGOP, Universitatea &#8222;Alexandru Ioan Cuza&#8221; din Ia\u0219i [ <a href=\"https:\/\/www.phys.uaic.ro\/wp-content\/uploads\/2022\/03\/CV-2021-AGOP-engl.pdf\">CV<\/a> ]<\/li>\n<\/ul>\n<\/li>\n<\/ul>\n<ul>\n<li><b>Referen\u0163i<\/b>:\n<ul>\n<li>Prof. univ. dr. habil. Silviu-Octavian GURLUI,\u00a0 Universitatea &#8222;Alexandru Ioan Cuza&#8221; din Ia\u0219i [ <a href=\"https:\/\/www.phys.uaic.ro\/wp-content\/uploads\/2022\/05\/Gurlui_Silviu_CV_Ro.pdf\">CV<\/a> ]<\/li>\n<li>Prof. univ. dr. habil. Nicanor CIMPOE\u0218U, Universitatea Tehnic\u0103 &#8222;Gh. Asachi&#8221; din Ia\u0219i [ <a href=\"https:\/\/www.phys.uaic.ro\/wp-content\/uploads\/2022\/09\/CV-Europass_CimpoesuN.pdf\">CV<\/a> ]<\/li>\n<li>CS I dr. Valentin CR\u0102CIUN, Institutul Na\u021bional de Fizica Laserilor, Plasm\u0103 \u0219i Radia\u021bii, M\u0103gurele, Bucure\u0219ti [ <a href=\"https:\/\/www.phys.uaic.ro\/wp-content\/uploads\/2022\/09\/CV_Valentin-Craciun.pdf\">CV<\/a> ]<\/li>\n<\/ul>\n<\/li>\n<\/ul>\n<p>&nbsp;<\/p>\n<p>Teza poate fi consultat\u0103 la Biblioteca Facult\u0103\u0163ii de Fizic\u0103.<\/p>\n<ul>\n<li><a href=\"https:\/\/www.phys.uaic.ro\/wp-content\/uploads\/2022\/09\/Rezumat-Teza-Enescu-Florin.pdf\"><em>Rezumatul tezei de doctorat<\/em><\/a><\/li>\n<\/ul>\n","protected":false},"excerpt":{"rendered":"<p>Anun\u021bul sus\u021binerii publice La data de 29.09.2022, ora 14:00, \u00een sala L1, dl. ENESCU I. FLORIN va sus\u0163ine, \u00een \u015fedin\u0163\u0103 public\u0103, teza de doctorat cu titlul CONTRIBU\u0162II EXPERIMENTALE \u015eI TEORETICE PRIVIND STUDIUL UNOR CLASE SPECIALE DE GEOMATERIALE \u00een vederea ob\u0163inerii titlului \u015ftiin\u0163ific de doctor \u00een domeniul FIZIC\u0102. ENESCU I. FLORIN [ CV ] &nbsp; Comisia de doctorat are\u2026 <span class=\"read-more\"><a href=\"https:\/\/www.phys.uaic.ro\/index.php\/sustinerea-tezei-de-doctorat-a-drd-enescu-i-florin-pe-29-09-2022\/\">Read More &raquo;<\/a><\/span><\/p>\n","protected":false},"author":4,"featured_media":0,"parent":0,"menu_order":0,"comment_status":"closed","ping_status":"closed","template":"","meta":{"footnotes":""},"class_list":["post-17528","page","type-page","status-publish","hentry"],"_links":{"self":[{"href":"https:\/\/www.phys.uaic.ro\/index.php\/wp-json\/wp\/v2\/pages\/17528","targetHints":{"allow":["GET"]}}],"collection":[{"href":"https:\/\/www.phys.uaic.ro\/index.php\/wp-json\/wp\/v2\/pages"}],"about":[{"href":"https:\/\/www.phys.uaic.ro\/index.php\/wp-json\/wp\/v2\/types\/page"}],"author":[{"embeddable":true,"href":"https:\/\/www.phys.uaic.ro\/index.php\/wp-json\/wp\/v2\/users\/4"}],"replies":[{"embeddable":true,"href":"https:\/\/www.phys.uaic.ro\/index.php\/wp-json\/wp\/v2\/comments?post=17528"}],"version-history":[{"count":0,"href":"https:\/\/www.phys.uaic.ro\/index.php\/wp-json\/wp\/v2\/pages\/17528\/revisions"}],"wp:attachment":[{"href":"https:\/\/www.phys.uaic.ro\/index.php\/wp-json\/wp\/v2\/media?parent=17528"}],"curies":[{"name":"wp","href":"https:\/\/api.w.org\/{rel}","templated":true}]}}