{"id":17538,"date":"2022-09-12T13:51:24","date_gmt":"2022-09-12T10:51:24","guid":{"rendered":"https:\/\/www.phys.uaic.ro\/?page_id=17538"},"modified":"2022-10-28T10:43:16","modified_gmt":"2022-10-28T07:43:16","slug":"sustinerea-tezei-de-doctorat-a-drd-alupului-n-teodor-iulian-pe-30-09-2022","status":"publish","type":"page","link":"https:\/\/www.phys.uaic.ro\/index.php\/sustinerea-tezei-de-doctorat-a-drd-alupului-n-teodor-iulian-pe-30-09-2022\/","title":{"rendered":"Sus\u021binerea tezei de doctorat a drd. ALUPULUI N. TEODOR-IULIAN pe 30.09.2022"},"content":{"rendered":"<p><a href=\"https:\/\/www.phys.uaic.ro\/wp-content\/uploads\/2022\/09\/scan-anunt-Alupului-T-2.pdf\"><em>Anun\u021bul sus\u021binerii publice<\/em><\/a><\/p>\n<p>La data de 30.09.2022, ora 13:00, \u00een Laboratorul de Fizic\u0103 Molecular\u0103, dl. ALUPULUI N. TEODOR-IULIAN va sus\u0163ine, \u00een \u015fedin\u0163\u0103 public\u0103, teza de doctorat cu titlul<\/p>\n<p><strong><em>STUDIUL UNOR STRATURI SUB\u0162IRI OXIDICE \u015eI ORGANICE PENTRU APLICA\u0162II FOTOVOLTAICE \u015eI OPTOELECTRONICE<\/em><\/strong><\/p>\n<p>\u00een vederea ob\u0163inerii titlului \u015ftiin\u0163ific de doctor \u00een domeniul FIZIC\u0102.<\/p>\n<p>ALUPULUI N. TEODOR-IULIAN [ <a href=\"https:\/\/www.phys.uaic.ro\/wp-content\/uploads\/2022\/09\/CV-Romana-Alupului.pdf\">CV<\/a> ]<\/p>\n<p>&nbsp;<\/p>\n<p>Comisia de doctorat are urm\u0103toarea componen\u0163\u0103:<\/p>\n<ul>\n<li><b>Pre\u015fedinte<\/b>:\n<ul>\n<li>Prof. univ. dr. Diana Mihaela MARDARE, Universitatea &#8222;Alexandru Ioan Cuza&#8221; din Ia\u0219i [ <a href=\"https:\/\/www.phys.uaic.ro\/wp-content\/uploads\/2022\/05\/MARDARE_Diana_CV_RO.pdf\">CV<\/a> ]<\/li>\n<\/ul>\n<\/li>\n<\/ul>\n<ul>\n<li><b>Conduc\u0103tor \u015ftiin\u0163ific<\/b>:\n<ul>\n<li>Prof. univ. dr. Felicia-Dacia IACOMI, Universitatea &#8222;Alexandru Ioan Cuza&#8221; din Ia\u0219i [ <a href=\"https:\/\/www.phys.uaic.ro\/wp-content\/uploads\/2022\/09\/CV_F.Iacomi.pdf\">CV<\/a> ]<\/li>\n<\/ul>\n<\/li>\n<\/ul>\n<ul>\n<li><b>Referen\u0163i<\/b>:\n<ul>\n<li>Prof. univ. dr. Viorica SIMON,\u00a0 Universitatea &#8222;Babe\u0219-Bolyai&#8221; Cluj-Napoca [ CV ]<\/li>\n<li>CS II dr. Daniel \u021a\u00ceMPU, Institutul de Chimie Macromolecular\u0103 &#8222;Petru Poni&#8221; Ia\u0219i [ CV ]<\/li>\n<li>Prof. univ. dr. habil. Liviu LEONTIE, Universitatea &#8222;Alexandru Ioan Cuza&#8221; din Ia\u0219i [ <a href=\"https:\/\/www.phys.uaic.ro\/wp-content\/uploads\/2022\/09\/Leontie_Liviu_CV_RO.pdf\">CV<\/a> ]<\/li>\n<\/ul>\n<\/li>\n<\/ul>\n<p>&nbsp;<\/p>\n<p>Teza poate fi consultat\u0103 la Biblioteca Facult\u0103\u0163ii de Fizic\u0103.<\/p>\n<ul>\n<li><a href=\"https:\/\/www.phys.uaic.ro\/wp-content\/uploads\/2022\/10\/Rezumat-Romana-Teza-Alupului.pdf\" target=\"_blank\" rel=\"noopener\"><em>Rezumatul tezei de doctorat<\/em><\/a><\/li>\n<\/ul>\n","protected":false},"excerpt":{"rendered":"<p>Anun\u021bul sus\u021binerii publice La data de 30.09.2022, ora 13:00, \u00een Laboratorul de Fizic\u0103 Molecular\u0103, dl. ALUPULUI N. TEODOR-IULIAN va sus\u0163ine, \u00een \u015fedin\u0163\u0103 public\u0103, teza de doctorat cu titlul STUDIUL UNOR STRATURI SUB\u0162IRI OXIDICE \u015eI ORGANICE PENTRU APLICA\u0162II FOTOVOLTAICE \u015eI OPTOELECTRONICE \u00een vederea ob\u0163inerii titlului \u015ftiin\u0163ific de doctor \u00een domeniul FIZIC\u0102. ALUPULUI N. TEODOR-IULIAN [ CV ] &nbsp; Comisia\u2026 <span class=\"read-more\"><a href=\"https:\/\/www.phys.uaic.ro\/index.php\/sustinerea-tezei-de-doctorat-a-drd-alupului-n-teodor-iulian-pe-30-09-2022\/\">Read More &raquo;<\/a><\/span><\/p>\n","protected":false},"author":4,"featured_media":0,"parent":0,"menu_order":0,"comment_status":"closed","ping_status":"closed","template":"","meta":{"footnotes":""},"class_list":["post-17538","page","type-page","status-publish","hentry"],"_links":{"self":[{"href":"https:\/\/www.phys.uaic.ro\/index.php\/wp-json\/wp\/v2\/pages\/17538","targetHints":{"allow":["GET"]}}],"collection":[{"href":"https:\/\/www.phys.uaic.ro\/index.php\/wp-json\/wp\/v2\/pages"}],"about":[{"href":"https:\/\/www.phys.uaic.ro\/index.php\/wp-json\/wp\/v2\/types\/page"}],"author":[{"embeddable":true,"href":"https:\/\/www.phys.uaic.ro\/index.php\/wp-json\/wp\/v2\/users\/4"}],"replies":[{"embeddable":true,"href":"https:\/\/www.phys.uaic.ro\/index.php\/wp-json\/wp\/v2\/comments?post=17538"}],"version-history":[{"count":0,"href":"https:\/\/www.phys.uaic.ro\/index.php\/wp-json\/wp\/v2\/pages\/17538\/revisions"}],"wp:attachment":[{"href":"https:\/\/www.phys.uaic.ro\/index.php\/wp-json\/wp\/v2\/media?parent=17538"}],"curies":[{"name":"wp","href":"https:\/\/api.w.org\/{rel}","templated":true}]}}