{"id":17597,"date":"2022-09-19T09:37:36","date_gmt":"2022-09-19T06:37:36","guid":{"rendered":"https:\/\/www.phys.uaic.ro\/?page_id=17597"},"modified":"2022-09-26T08:23:16","modified_gmt":"2022-09-26T05:23:16","slug":"burse-doctorale-in-cadrul-proiectului-suport-educational-si-formativ-pentru-doctoranzi-si-tineri-cercetatori-in-pregatirea-insertiei-in-piata-muncii","status":"publish","type":"page","link":"https:\/\/www.phys.uaic.ro\/index.php\/burse-doctorale-in-cadrul-proiectului-suport-educational-si-formativ-pentru-doctoranzi-si-tineri-cercetatori-in-pregatirea-insertiei-in-piata-muncii\/","title":{"rendered":"Burse doctorale POCU 2022-2023"},"content":{"rendered":"<p><span style=\"font-size: 14pt; color: #0000ff;\"><strong>Burse doctorale \u00een cadrul proiectului \u201e<em>Suport educa\u021bional \u0219i formativ pentru doctoranzi \u0219i tineri cercet\u0103tori \u00een preg\u0103tirea inser\u021biei \u00een pia\u021ba muncii\u201d<\/em><\/strong><\/span><\/p>\n<p><span style=\"color: #ff0000;\"><strong>Important!<\/strong><\/span><\/p>\n<p><span style=\"color: #ff0000;\"><strong>Perioada de \u00eenscriere<\/strong> a candida\u021bilor la concursul pentru acordarea burselor doctorale din cadrul proiectului <strong>s-a prelungit p\u00e2n\u0103 la data de 27 septembrie 2022, ora 15.00<\/strong>.<\/span><\/p>\n<p>Va rug\u0103m s\u0103 consulta\u021bi <a href=\"https:\/\/www.phys.uaic.ro\/wp-content\/uploads\/2022\/09\/Anexa-2_Grafic-selectie-drd_v2.pdf\"><strong>noul Grafic de desf\u0103\u0219urare a procesului de selec\u021bie<\/strong><\/a><\/p>\n<p>&nbsp;<\/p>\n<p>Universitatea \u201eAlexandru Ioan Cuza\u201d din Ia\u0219i anun\u021b\u0103 lansarea concursurilor pentru acordarea unui num\u0103r de <strong>93 de burse doctorale pe o perioad\u0103 de 12 luni consecutive<\/strong>, \u00een cadrul proiectului cu titlul <em>\u201eSuport educa\u021bional \u0219i formativ pentru doctoranzi \u0219i tineri cercet\u0103tori \u00een preg\u0103tirea inser\u021biei \u00een pia\u021ba muncii\u201d<\/em>, cod MySMIS 153322, cofinan\u021bat din Fondul Social European prin Programul Opera\u0163ional Capital Uman, implementat \u00een parteneriat cu Academia Rom\u00e2n\u0103 \u2013 Filiala Ia\u0219i.<\/p>\n<p>Proiectul \u00ee\u015fi propune furnizarea de sprijin financiar pentru doctoranzii, care vor face parte din grupul \u0163int\u0103 al proiectului, sub form\u0103 de burse doctorale, derularea de mobilit\u0103\u0163i, participarea la conferin\u021be \u0219i publicarea de articole \u0219tiin\u021bifice, organizarea de sesiuni de dezvoltare a competen\u0163elor de cercetare avansat\u0103 cu component\u0103 aplicativ\u0103 \u0219i de module de cursuri complementare, interdisciplinare care vizeaz\u0103 dob\u00e2ndirea de competen\u021be transversale, inclusiv pedagogice.<\/p>\n<p>Procesul de selec\u0163ie a beneficiarilor <strong>burselor doctorale<\/strong> \u00een cuantum de 400 euro\/lun\u0103 va avea loc \u00een perioada <strong>15 septembrie \u2013 22 septembrie 2022, <\/strong>fiind eligibili doctoranzii care \u00eendeplinesc cumulativ urm\u0103toarele condi\u0163ii:<\/p>\n<ul>\n<li>sunt cet\u0103\u0163eni ai Uniunii Europene cu domiciliul sau re\u015fedin\u0163a legal\u0103 \u00een Rom\u00e2nia \u00een una din cele 7 regiuni de dezvoltare vizate de proiect (toate regiunile de dezvoltare din Rom\u00e2nia, cu excep\u021bia regiunii Bucure\u0219ti-Ilfov);<\/li>\n<li>sunt \u00eenmatricula\u021bi ca doctoranzi \u00een ultimul an de studii universitare de doctorat (pe locuri la buget sau cu tax\u0103) sau \u00een prelungire;<\/li>\n<li>sunt doctoranzi care \u00ee\u0219i \u00eenscriu cercet\u0103rile domeniilor prioritare ale Strategiei Na\u021bionale de Competitivitate 2014-2020, respectiv \u00een domeniile de specializare inteligent\u0103, cum ar fi: Biologie, Chimie, Drept, Cibernetic\u0103 \u0219i Statistic\u0103, Contabilitate, Economie, Economie \u0219i afaceri interna\u021bionale, Finan\u021be, Informatic\u0103 economic\u0103, Management, Marketing, Sociologie, \u0218tiin\u021be ale comunic\u0103rii, \u0218tiin\u021be politice, Fizic\u0103, Geografie, Geologie, \u0218tiin\u021ba mediului, Informatic\u0103, Istorie, Matematic\u0103, Psihologie, \u0218tiin\u021be ale educa\u021biei, \u0218tiin\u021ba Sportului \u0219i Educa\u021biei Fizice;<\/li>\n<li>nu au mai beneficiat de finan\u021bare prin POSDRU\/POCU pentru activit\u0103\u0163i similare sau de alte programe publice \u00een acest sens.<\/li>\n<\/ul>\n<p><span style=\"font-size: 14pt;\"><strong><span style=\"color: #0000ff;\">Modalitatea de selec\u021bie<\/span><\/strong><\/span><\/p>\n<p>Selec\u021bia candida\u021bilor const\u0103 din dou\u0103 probe, dup\u0103 cum urmeaz\u0103:<\/p>\n<ul>\n<li>Proba 1: <em>Evaluarea dosarului de concurs<\/em><\/li>\n<li>Proba 2: <em>Evaluarea candidatului \u00een cadrul unui interviu<\/em><\/li>\n<\/ul>\n<p><strong>\u00censcrierea candida\u021bilor<\/strong> se va face, \u00een format <strong>fizic<\/strong>, la <strong>Biroul pentru Studiile Universitare de Doctorat<\/strong> din cadrul UAIC.<\/p>\n<p>\u00cen cazuri excep\u021bionale, documentele vor putea fi depuse electronic, urm\u00e2nd ca p\u00e2n\u0103 la data interviului acestea s\u0103 fie depuse \u0219i \u00een format fizic.<\/p>\n<p>Pentru mai multe detalii referitoare la proiect \u0219i la selec\u021bia grupului \u021bint\u0103, v\u0103 invit\u0103m s\u0103 consulta\u021bi documentele ata\u0219ate sau s\u0103 contacta\u021bi echipa de proiect:<\/p>\n<p><a href=\"https:\/\/www.phys.uaic.ro\/wp-content\/uploads\/2022\/09\/Metodologie-de-selectie-burse-doctorale.pdf\"><em><span style=\"color: #ff0000;\">Metodologia privind selec\u021bia beneficiarilor \u0219i graficul procesului de selec\u021bie<\/span><\/em><\/a><\/p>\n<p><strong>\u00a0<\/strong>Manager proiect,<\/p>\n<p>Conf.dr. Florin Br\u00eenz\u0103<\/p>\n<p>&nbsp;<\/p>\n<ul style=\"list-style-type: disc;\">\n<li><span style=\"color: #ff0000;\"><em><a style=\"color: #ff0000;\" href=\"https:\/\/www.phys.uaic.ro\/wp-content\/uploads\/2022\/09\/Anexa-1_Repartizare-burse_drd-completata.pdf\">Repartizarea burselor pe domenii de doctorat<\/a><\/em><\/span><\/li>\n<li><em><span style=\"color: #ff0000;\"><a style=\"color: #ff0000;\" href=\"https:\/\/www.phys.uaic.ro\/wp-content\/uploads\/2022\/09\/Anexa-2_Grafic-selectie-drd.pdf\">Grafic de selec\u021bie<\/a><\/span><\/em><\/li>\n<li><em><span style=\"color: #ff0000;\"><a style=\"color: #ff0000;\" href=\"https:\/\/www.phys.uaic.ro\/wp-content\/uploads\/2022\/09\/Anexa-3_Cerere-inscriere_drd.pdf\">Cerere \u00eenscriere doctoranzi<\/a><\/span><\/em><\/li>\n<li><em><span style=\"color: #ff0000;\"><a style=\"color: #ff0000;\" href=\"https:\/\/www.phys.uaic.ro\/wp-content\/uploads\/2022\/09\/Anexa-4_Raport_de_autoevaluare_drd.pdf\">Raport autoevaluare doctoranzi<\/a><\/span><\/em><\/li>\n<li><em><span style=\"color: #ff0000;\"><a style=\"color: #ff0000;\" href=\"https:\/\/www.phys.uaic.ro\/wp-content\/uploads\/2022\/09\/Anexa-5_Declaratie_acord_utilizare_date_personale_drd.pdf\">Declaratie acord utilizare date personale doctoranzi<\/a><\/span><\/em><\/li>\n<li><a href=\"https:\/\/www.phys.uaic.ro\/wp-content\/uploads\/2022\/09\/Anexa-6_Declaratie_evitarea_dublei_finantari_drd-1.pdf\"><span style=\"color: #ff0000;\"><em>Declaratie evitarea dublei finantari drd<\/em><\/span><\/a><\/li>\n<\/ul>\n","protected":false},"excerpt":{"rendered":"<p>Burse doctorale \u00een cadrul proiectului \u201eSuport educa\u021bional \u0219i formativ pentru doctoranzi \u0219i tineri cercet\u0103tori \u00een preg\u0103tirea inser\u021biei \u00een pia\u021ba muncii\u201d Important! Perioada de \u00eenscriere a candida\u021bilor la concursul pentru acordarea burselor doctorale din cadrul proiectului s-a prelungit p\u00e2n\u0103 la data de 27 septembrie 2022, ora 15.00. Va rug\u0103m s\u0103 consulta\u021bi noul Grafic de desf\u0103\u0219urare a procesului de selec\u021bie\u2026 <span class=\"read-more\"><a href=\"https:\/\/www.phys.uaic.ro\/index.php\/burse-doctorale-in-cadrul-proiectului-suport-educational-si-formativ-pentru-doctoranzi-si-tineri-cercetatori-in-pregatirea-insertiei-in-piata-muncii\/\">Read More &raquo;<\/a><\/span><\/p>\n","protected":false},"author":4,"featured_media":0,"parent":0,"menu_order":0,"comment_status":"closed","ping_status":"closed","template":"","meta":{"footnotes":""},"class_list":["post-17597","page","type-page","status-publish","hentry"],"_links":{"self":[{"href":"https:\/\/www.phys.uaic.ro\/index.php\/wp-json\/wp\/v2\/pages\/17597","targetHints":{"allow":["GET"]}}],"collection":[{"href":"https:\/\/www.phys.uaic.ro\/index.php\/wp-json\/wp\/v2\/pages"}],"about":[{"href":"https:\/\/www.phys.uaic.ro\/index.php\/wp-json\/wp\/v2\/types\/page"}],"author":[{"embeddable":true,"href":"https:\/\/www.phys.uaic.ro\/index.php\/wp-json\/wp\/v2\/users\/4"}],"replies":[{"embeddable":true,"href":"https:\/\/www.phys.uaic.ro\/index.php\/wp-json\/wp\/v2\/comments?post=17597"}],"version-history":[{"count":0,"href":"https:\/\/www.phys.uaic.ro\/index.php\/wp-json\/wp\/v2\/pages\/17597\/revisions"}],"wp:attachment":[{"href":"https:\/\/www.phys.uaic.ro\/index.php\/wp-json\/wp\/v2\/media?parent=17597"}],"curies":[{"name":"wp","href":"https:\/\/api.w.org\/{rel}","templated":true}]}}