{"id":17876,"date":"2022-10-23T08:30:16","date_gmt":"2022-10-23T05:30:16","guid":{"rendered":"https:\/\/www.phys.uaic.ro\/?page_id=17876"},"modified":"2025-09-24T10:20:03","modified_gmt":"2025-09-24T07:20:03","slug":"cercetare-conferinte-cercetare-conferinte-cercetare-2022","status":"publish","type":"page","link":"https:\/\/www.phys.uaic.ro\/index.php\/cercetare-conferinte-cercetare-conferinte-cercetare-2022\/","title":{"rendered":"Conferinte 2022"},"content":{"rendered":"<p><!-- ++++++++++++++++++++++++++++++++++++++++++++++++++++++++++++++++++++++++++++++++++++ --><\/p>\n<div id=\"farphys-2022\" class=\"colorbox\" style=\"background-color: #e6e6e6;\">\n<h3 id=\"farphys\"><b>FARPHYS 2022<\/b><\/h3>\n<p>Facultatea de Fizic\u0103 organizeaz\u0103 pe 4 noiembrie 2022 conferin\u021ba \u015ftiin\u021bific\u0103 studen\u021beasc\u0103 FARPHYS 2022. Conferinta se va desfasura onsite, iar programul exact va fi stabilit in functie de numarul de lucrari primite.<\/p>\n<p>Propunerile de comunic\u0103ri \u015ftiin\u0163ifice vor cuprinde titlul, autorii \u015fi un rezumat de maxim 200 de cuvinte (\u00een limba rom\u00e2n\u0103) \u015fi vor fi trimise p\u00e2n\u0103 pe data de 28 octombrie pe adresa <span style=\"color: blue;\">fizica@uaic.ro<\/span>, cu subiectul <strong>Rezumat FARPHYS 2022<\/strong>. In cazul studentilor de la licen\u021b\u0103 \u015fi masteranzilor, printre autorii fiec\u0103rei comunic\u0103ri trebuie s\u0103 se reg\u0103seasc\u0103 obligatoriu \u015fi un cadru didactic\/cercet\u0103tor.<\/p>\n<p><a href=\"https:\/\/www.phys.uaic.ro\/wp-content\/uploads\/2022\/11\/Abstracte_FARPHYS_2022.pdf\"><strong>Program FARPHYS 2022<\/strong><\/a><\/p>\n<\/div>\n<p>&nbsp;<\/p>\n<p><!-- ++++++++++++++++++++++++++++++++++++++++++++++++++++++++++++++++++++++++++++++++++++ --><\/p>\n<div id=\"iwama-2022\" class=\"colorbox\" style=\"background-color: #e6e6e6;\">\n<h3 id=\"farphys\"><b>International Workshop on Advanced Materials and Applications<\/b><\/h3>\n<p>Conferinta International Workshop on Advanced Materials and Applications va avea loc intre 28 si 30 octombrie 2022.<br \/>\n<a href=\"https:\/\/www.phys.uaic.ro\/wp-content\/uploads\/2022\/10\/Dies-Academici-Festivi-Universitatis-Iassiensis-2022.pdf\"><strong>Programul conferintei.<\/strong><\/a><\/p>\n<\/div>\n<p>&nbsp;<\/p>\n<p><!-- ++++++++++++++++++++++++++++++++++++++++++++++++++++++++++++++++++++++++++++++++++++ --><\/p>\n<div id=\"nfs\" class=\"colorbox\" style=\"background-color: #e6e6e6;\">\n<h3><b>ICPAM-14 2022<\/b><\/h3>\n<p>The main objective of ICPAM is to provide a forum for scientists involved in physics of advanced materials, emerging nanotechnologies, and new devices, to exchange their ideas, knowledge and experience.<\/p>\n<p><a href=\"https:\/\/icpams.com\/main\/wp-content\/uploads\/BoA-PAMS5-webfriendly.pdf\">ICPAM-14, PAMS-5: <\/a><a href=\"https:\/\/icpams.com\/main\/wp-content\/uploads\/BoA-ICPAM14-webfriendly.pdf\">Book of abstracts (ICPAM)<\/a><a href=\"https:\/\/icpams.com\/main\/wp-content\/uploads\/BoA-PAMS5-webfriendly.pdf\"> | <\/a><a href=\"https:\/\/icpams.com\/main\/wp-content\/uploads\/BoA-PAMS5-webfriendly.pdf\">Book of abstracts (PAMS)<\/a><a href=\"https:\/\/icpams.com\/main\/wp-content\/uploads\/BoA-PAMS5-webfriendly.pdf\"> | <\/a><a href=\"https:\/\/www.icpams.com\/main\/static\/awards-2022\/awards-2022.pdf\" target=\"_blank\" rel=\"noopener\">Awards<\/a><a href=\"https:\/\/icpams.com\/main\/wp-content\/uploads\/BoA-PAMS5-webfriendly.pdf\"> | <\/a><a href=\"https:\/\/www.mdpi.com\/journal\/coatings\/special_issues\/new_trends_materials_devices\">Coatings<\/a><a href=\"https:\/\/icpams.com\/main\/wp-content\/uploads\/BoA-PAMS5-webfriendly.pdf\"> | <\/a><a href=\"https:\/\/www.mdpi.com\/journal\/nanomaterials\/special_issues\/8MG65S9Z5Y\">Nanomaterials<\/a><a href=\"https:\/\/icpams.com\/main\/wp-content\/uploads\/BoA-PAMS5-webfriendly.pdf\"> |<\/a><\/p>\n<\/div>\n<p>&nbsp;<\/p>\n<p><strong>FTEM 2022<\/strong><\/p>\n<p>Conferin\u0163a \u201eFizica \u015fi Tehnologiile Educa\u021bionale Moderne\u201c a ajuns la a 51-a edi\u0163ie \u0219i a fost organizat\u0103 de Universitatea Alexandru Ioan Cuza din Ia\u0219i, Facultatea de Fizic\u0103 \u00een data de 14 Mai 2022.<\/p>\n<p><strong><a href=\"https:\/\/ftem.faculty.ro\/download\/p0rfl33mf\/Program%20si%20Rezumate%20FTEM%202022\">Program FTEM 2022<\/a><\/strong><\/p>\n","protected":false},"excerpt":{"rendered":"<p>FARPHYS 2022 Facultatea de Fizic\u0103 organizeaz\u0103 pe 4 noiembrie 2022 conferin\u021ba \u015ftiin\u021bific\u0103 studen\u021beasc\u0103 FARPHYS 2022. Conferinta se va desfasura onsite, iar programul exact va fi stabilit in functie de numarul de lucrari primite. Propunerile de comunic\u0103ri \u015ftiin\u0163ifice vor cuprinde titlul, autorii \u015fi un rezumat de maxim 200 de cuvinte (\u00een limba rom\u00e2n\u0103) \u015fi vor fi trimise p\u00e2n\u0103 pe\u2026 <span class=\"read-more\"><a href=\"https:\/\/www.phys.uaic.ro\/index.php\/cercetare-conferinte-cercetare-conferinte-cercetare-2022\/\">Read More &raquo;<\/a><\/span><\/p>\n","protected":false},"author":3,"featured_media":0,"parent":0,"menu_order":0,"comment_status":"closed","ping_status":"closed","template":"","meta":{"footnotes":""},"class_list":["post-17876","page","type-page","status-publish","hentry"],"_links":{"self":[{"href":"https:\/\/www.phys.uaic.ro\/index.php\/wp-json\/wp\/v2\/pages\/17876","targetHints":{"allow":["GET"]}}],"collection":[{"href":"https:\/\/www.phys.uaic.ro\/index.php\/wp-json\/wp\/v2\/pages"}],"about":[{"href":"https:\/\/www.phys.uaic.ro\/index.php\/wp-json\/wp\/v2\/types\/page"}],"author":[{"embeddable":true,"href":"https:\/\/www.phys.uaic.ro\/index.php\/wp-json\/wp\/v2\/users\/3"}],"replies":[{"embeddable":true,"href":"https:\/\/www.phys.uaic.ro\/index.php\/wp-json\/wp\/v2\/comments?post=17876"}],"version-history":[{"count":0,"href":"https:\/\/www.phys.uaic.ro\/index.php\/wp-json\/wp\/v2\/pages\/17876\/revisions"}],"wp:attachment":[{"href":"https:\/\/www.phys.uaic.ro\/index.php\/wp-json\/wp\/v2\/media?parent=17876"}],"curies":[{"name":"wp","href":"https:\/\/api.w.org\/{rel}","templated":true}]}}