{"id":17889,"date":"2022-10-24T08:20:19","date_gmt":"2022-10-24T05:20:19","guid":{"rendered":"https:\/\/www.phys.uaic.ro\/?page_id=17889"},"modified":"2023-01-30T15:20:12","modified_gmt":"2023-01-30T13:20:12","slug":"sustinerea-tezei-de-abilitare-a-doamnei-cs-ii-alina-asandei","status":"publish","type":"page","link":"https:\/\/www.phys.uaic.ro\/index.php\/sustinerea-tezei-de-abilitare-a-doamnei-cs-ii-alina-asandei\/","title":{"rendered":"Sus\u021binerea tezei de abilitare a doamnei CS II dr. Alina ASANDEI"},"content":{"rendered":"<p>Sunte\u021bi invita\u021bi s\u0103 participa\u021bi la sus\u021binerea public\u0103 a tezei de abilitare<\/p>\n<p><span style=\"font-size: 14pt;\"><strong><em>Transport uni-molecular prin nanopori proteici utilizat \u00een recunoa\u0219terea, caracterizarea, secven\u021bierea \u0219i detec\u021bia moleculelor de interes biologic<\/em><\/strong><\/span><\/p>\n<p>elaborat\u0103 de doamna CS II Alina ASANDEI, Universitatea &#8222;Alexandru Ioan Cuza&#8221; din Ia\u0219i. Prezentarea tezei va avea loc \u00een data de 27.01.2023, de la ora 10, sala Ferdinand.<\/p>\n<p><a href=\"https:\/\/www.phys.uaic.ro\/wp-content\/uploads\/2022\/10\/C_CV_Asandei_Alina_2022.pdf\"><b>CV Alina ASANDEI<\/b><\/a> <img loading=\"lazy\" decoding=\"async\" class=\"\" src=\"http:\/\/www.phys.uaic.ro\/wp\/imagini\/pdf-icon.png\" alt=\"pdf\" width=\"22\" height=\"22\" \/><br \/>\n<a href=\"https:\/\/www.phys.uaic.ro\/wp-content\/uploads\/2022\/10\/Rezumat_teza_abilitare_alina-asandei.pdf\"><b>Rezumatul tezei de <\/b><b>abilitare<\/b><\/a> <img loading=\"lazy\" decoding=\"async\" class=\"\" src=\"http:\/\/www.phys.uaic.ro\/wp\/imagini\/pdf-icon.png\" alt=\"pdf\" width=\"22\" height=\"22\" \/><br \/>\n<a href=\"https:\/\/www.phys.uaic.ro\/wp-content\/uploads\/2022\/10\/Summary_Habilitation-Thesis_alina-asandei.pdf\"><b>Summary of Habilitation Thesis<\/b><\/a> <img loading=\"lazy\" decoding=\"async\" class=\"\" src=\"http:\/\/www.phys.uaic.ro\/wp\/imagini\/pdf-icon.png\" alt=\"pdf\" width=\"22\" height=\"22\" \/><br \/>\n<a href=\"https:\/\/www.phys.uaic.ro\/wp-content\/uploads\/2022\/10\/lista-lucrari_Alina-Asandei.pdf\"><b>Lista de lucr\u0103ri<\/b><\/a> <img loading=\"lazy\" decoding=\"async\" class=\"\" src=\"http:\/\/www.phys.uaic.ro\/wp\/imagini\/pdf-icon.png\" alt=\"pdf\" width=\"22\" height=\"22\" \/><br \/>\n<a href=\"https:\/\/www.phys.uaic.ro\/wp-content\/uploads\/2022\/11\/fisa-de-indeplinire-standarde_Alina-Asandei.pdf\"><b>Fi\u0219a de \u00eendeplinire a standardelor minimale CNATDCU<\/b>\u00a0<\/a> <img loading=\"lazy\" decoding=\"async\" class=\"\" src=\"http:\/\/www.phys.uaic.ro\/wp\/imagini\/pdf-icon.png\" alt=\"pdf\" width=\"22\" height=\"22\" \/><\/p>\n<p><a href=\"https:\/\/www.phys.uaic.ro\/wp-content\/uploads\/2023\/01\/ASANDEI-ALINA_comisie-abilitare.pdf\" target=\"_blank\" rel=\"noopener\"><b>Componen\u0163a comisiei de abilitare<\/b><\/a> <img loading=\"lazy\" decoding=\"async\" class=\"\" src=\"http:\/\/www.phys.uaic.ro\/wp\/imagini\/pdf-icon.png\" alt=\"pdf\" width=\"22\" height=\"22\" \/><\/p>\n<ul style=\"list-style-type: circle;\">\n<li>Prof. univ. dr. Loredana-Gabriela MARCU, Universitatea din Oradea<\/li>\n<li>Prof. univ. dr. Vasile CHIS, Universitatea Babe\u015f- Bolyai<\/li>\n<li>Prof. univ. dr. habil. Gabriela BORCIA, Universitatea \u201cAlexandru Ioan Cuza\u201d din Ia\u015fi<\/li>\n<\/ul>\n<p>&nbsp;<\/p>\n<p><!--\n\n\n<ul>\n \t\n\n<li><a href=\"https:\/\/catalinagheorghiesei.my.webex.com\/webappng\/sites\/catalinagheorghiesei.my\/meeting\/download\/7292646294e64b2ba8faea2a40c66826?siteurl=catalinagheorghiesei.my&amp;MTID=mef53254330039d1625ef503b3687626a\"><strong>Webex Meeting - conectare direct\u0103 din browser<\/strong><\/a><\/li>\n\n\n \t\n\n<li>\n\n\n<div>pentru conectarea direct\u0103 din aplica\u021bie pute\u021bi utiliza urm\u0103toarele date de \u00eenregistrare\n<strong>Meeting number: 163 745 2358, Password: Kc2jN5UBdW6 (52256582 from phones and video systems)\n<\/strong>\u00eent\u00e2lnirea este programat\u0103 s\u0103 \u00eenceap\u0103 la 10:50.<\/div>\n\n<\/li>\n\n\n<\/ul>\n\n\n--><\/p>\n<p><a href=\"https:\/\/www.phys.uaic.ro\/wp-content\/uploads\/2023\/01\/raport_comisie_abilitare_Asandei.pdf\" target=\"_blank\" rel=\"noopener\"><b>Raportul comisiei de abilitare<\/b><\/a><img loading=\"lazy\" decoding=\"async\" class=\"\" src=\"http:\/\/www.phys.uaic.ro\/wp\/imagini\/pdf-icon.png\" alt=\"pdf\" width=\"22\" height=\"22\" \/><\/p>\n","protected":false},"excerpt":{"rendered":"<p>Sunte\u021bi invita\u021bi s\u0103 participa\u021bi la sus\u021binerea public\u0103 a tezei de abilitare Transport uni-molecular prin nanopori proteici utilizat \u00een recunoa\u0219terea, caracterizarea, secven\u021bierea \u0219i detec\u021bia moleculelor de interes biologic elaborat\u0103 de doamna CS II Alina ASANDEI, Universitatea &#8222;Alexandru Ioan Cuza&#8221; din Ia\u0219i. Prezentarea tezei va avea loc \u00een data de 27.01.2023, de la ora 10, sala Ferdinand. CV Alina ASANDEI\u2026 <span class=\"read-more\"><a href=\"https:\/\/www.phys.uaic.ro\/index.php\/sustinerea-tezei-de-abilitare-a-doamnei-cs-ii-alina-asandei\/\">Read More &raquo;<\/a><\/span><\/p>\n","protected":false},"author":4,"featured_media":0,"parent":0,"menu_order":0,"comment_status":"closed","ping_status":"closed","template":"","meta":{"footnotes":""},"class_list":["post-17889","page","type-page","status-publish","hentry"],"_links":{"self":[{"href":"https:\/\/www.phys.uaic.ro\/index.php\/wp-json\/wp\/v2\/pages\/17889","targetHints":{"allow":["GET"]}}],"collection":[{"href":"https:\/\/www.phys.uaic.ro\/index.php\/wp-json\/wp\/v2\/pages"}],"about":[{"href":"https:\/\/www.phys.uaic.ro\/index.php\/wp-json\/wp\/v2\/types\/page"}],"author":[{"embeddable":true,"href":"https:\/\/www.phys.uaic.ro\/index.php\/wp-json\/wp\/v2\/users\/4"}],"replies":[{"embeddable":true,"href":"https:\/\/www.phys.uaic.ro\/index.php\/wp-json\/wp\/v2\/comments?post=17889"}],"version-history":[{"count":0,"href":"https:\/\/www.phys.uaic.ro\/index.php\/wp-json\/wp\/v2\/pages\/17889\/revisions"}],"wp:attachment":[{"href":"https:\/\/www.phys.uaic.ro\/index.php\/wp-json\/wp\/v2\/media?parent=17889"}],"curies":[{"name":"wp","href":"https:\/\/api.w.org\/{rel}","templated":true}]}}