{"id":17984,"date":"2022-11-08T12:33:23","date_gmt":"2022-11-08T10:33:23","guid":{"rendered":"https:\/\/www.phys.uaic.ro\/?page_id=17984"},"modified":"2026-02-09T08:41:49","modified_gmt":"2026-02-09T06:41:49","slug":"cs-ii-dr-habil-sorin-tascu-expertiza","status":"publish","type":"page","link":"https:\/\/www.phys.uaic.ro\/index.php\/cs-ii-dr-habil-sorin-tascu-expertiza\/","title":{"rendered":"CS I dr. habil. Sorin TA\u0218CU &#8211; expertiz\u0103"},"content":{"rendered":"<p><strong>Domenii majore de cercetare:<\/strong><\/p>\n<ul>\n<li>Optic\u0103 neliniar\u0103.<\/li>\n<li>Optic\u0103 Integrat\u0103<\/li>\n<li>Ghiduri de unde optice.<\/li>\n<\/ul>\n<p><strong>Domenii de expertiz\u0103<\/strong><\/p>\n<ul>\n<li>Fabricarea \u0219i caracterizarea de ghiduri de unde optice prin schimb protonic \u00een niobatul de litiu<\/li>\n<li>Fabricarea \u0219i investigarea de dispositive cu domenii feroelectrice inversate periodic \u00een niobatul de litiu.<\/li>\n<li>Fabricarea \u0219i investigarea ghidurilor de unde optice neliniare cu aplicatii \u00een domeniul comunica\u021biilor cuantice.<\/li>\n<\/ul>\n","protected":false},"excerpt":{"rendered":"<p>Domenii majore de cercetare: Optic\u0103 neliniar\u0103. Optic\u0103 Integrat\u0103 Ghiduri de unde optice. Domenii de expertiz\u0103 Fabricarea \u0219i caracterizarea de ghiduri de unde optice prin schimb protonic \u00een niobatul de litiu Fabricarea \u0219i investigarea de dispositive cu domenii feroelectrice inversate periodic \u00een niobatul de litiu. Fabricarea \u0219i investigarea ghidurilor de unde optice neliniare cu aplicatii \u00een domeniul comunica\u021biilor cuantice.<\/p>\n","protected":false},"author":4,"featured_media":0,"parent":0,"menu_order":0,"comment_status":"closed","ping_status":"closed","template":"","meta":{"footnotes":""},"class_list":["post-17984","page","type-page","status-publish","hentry"],"_links":{"self":[{"href":"https:\/\/www.phys.uaic.ro\/index.php\/wp-json\/wp\/v2\/pages\/17984","targetHints":{"allow":["GET"]}}],"collection":[{"href":"https:\/\/www.phys.uaic.ro\/index.php\/wp-json\/wp\/v2\/pages"}],"about":[{"href":"https:\/\/www.phys.uaic.ro\/index.php\/wp-json\/wp\/v2\/types\/page"}],"author":[{"embeddable":true,"href":"https:\/\/www.phys.uaic.ro\/index.php\/wp-json\/wp\/v2\/users\/4"}],"replies":[{"embeddable":true,"href":"https:\/\/www.phys.uaic.ro\/index.php\/wp-json\/wp\/v2\/comments?post=17984"}],"version-history":[{"count":0,"href":"https:\/\/www.phys.uaic.ro\/index.php\/wp-json\/wp\/v2\/pages\/17984\/revisions"}],"wp:attachment":[{"href":"https:\/\/www.phys.uaic.ro\/index.php\/wp-json\/wp\/v2\/media?parent=17984"}],"curies":[{"name":"wp","href":"https:\/\/api.w.org\/{rel}","templated":true}]}}