{"id":18422,"date":"2023-01-18T11:29:58","date_gmt":"2023-01-18T09:29:58","guid":{"rendered":"https:\/\/www.phys.uaic.ro\/?page_id=18422"},"modified":"2023-02-09T15:27:56","modified_gmt":"2023-02-09T13:27:56","slug":"restante-si-mariri-licenta-si-master","status":"publish","type":"page","link":"https:\/\/www.phys.uaic.ro\/index.php\/restante-si-mariri-licenta-si-master\/","title":{"rendered":"Restan\u021be \u0219i m\u0103riri licen\u021b\u0103 \u0219i master"},"content":{"rendered":"<h2><em><span style=\"color: #ff0000;\"><a style=\"color: #ff0000;\" href=\"https:\/\/www.phys.uaic.ro\/wp-content\/uploads\/2023\/02\/PROGRAMAREA-EXAMENELOR-restante-LICENTA-febr-2023-pt-afisat_v3.pdf\">Programarea examenelor restante LICENTA feb. 2023<\/a><\/span><\/em><\/h2>\n<h2><em><span style=\"color: #ff0000;\"><a style=\"color: #ff0000;\" href=\"https:\/\/www.phys.uaic.ro\/wp-content\/uploads\/2023\/02\/PROGRAMAREA-EXAMENELOR-restante-MASTER-febr-2023-pt-afisat_v3.pdf\">Programarea examenelor restante MASTER feb. 2023<\/a><\/span><\/em><\/h2>\n<h2><a href=\"https:\/\/www.phys.uaic.ro\/wp-content\/uploads\/2023\/02\/Extensiune_Balti_restante_sem_1_2022-2023.pdf\"><em><span style=\"color: #ff0000;\">Extensiunea B\u0103l\u021bi &#8211; Programarea examenelor restante LICEN\u021a\u0102 \u0219i MASTER feb. 2023<\/span><\/em><\/a><\/h2>\n<h1><b>M\u0103riri<\/b><\/h1>\n<p>Studen\u021bii care doresc s\u0103 fie reevalua\u021bi \u00een vederea m\u0103ririi notei vor completa o cerere (prevedere expres\u0103 a Regulamentelor de studii) dup\u0103 urm\u0103torul model: <a href=\"https:\/\/www.phys.uaic.ro\/wp-content\/uploads\/2022\/01\/cerere_marire_nota.pdf\"><span style=\"color: #ff0000;\"><em>cerere marire nota<\/em> <\/span><\/a><img loading=\"lazy\" decoding=\"async\" class=\"\" src=\"http:\/\/www.phys.uaic.ro\/wp\/imagini\/pdf-icon.png\" alt=\"pdf\" width=\"17\" height=\"17\" \/>. Cererea, dup\u0103 datare \u0219i semnare, va fi scanat\u0103\/fotografiat\u0103, trimis\u0103 pe adresa fizica@uaic.ro\u00a0\u0219i pe adresa cadrului didactic p\u00e2n\u0103 la data de <strong>8 februarie 2023<\/strong>.<\/p>\n<h1><b>Restan\u021be<\/b><\/h1>\n<p>Studen\u021bii care au restan\u021be vor putea sus\u021bine examenele doar dac\u0103:<\/p>\n<ul>\n<li>au completat o cerere \u00een acest sens (<a href=\"https:\/\/www.phys.uaic.ro\/wp-content\/uploads\/2022\/01\/cerere-restante.pdf\"><em><span style=\"color: #ff0000;\">cerere restante (format pdf)<\/span><\/em><\/a> <img loading=\"lazy\" decoding=\"async\" class=\"\" src=\"http:\/\/www.phys.uaic.ro\/wp\/imagini\/pdf-icon.png\" alt=\"pdf\" width=\"15\" height=\"15\" \/> \u0219i <a href=\"https:\/\/www.phys.uaic.ro\/wp-content\/uploads\/2022\/01\/cerere-restante.docx\"><em><span style=\"color: #ff0000;\">cerere restante (format docx)<\/span><\/em><\/a>\u00a0\u00a0<img loading=\"lazy\" decoding=\"async\" class=\"\" src=\"http:\/\/www.phys.uaic.ro\/wp\/imagini\/doc-icon.png\" alt=\"doc\" width=\"14\" height=\"14\" \/>) p\u00e2n\u0103 la data de <strong>8 februarie 2023, <\/strong>trimis\u0103 pe adresa fizica@uaic.ro\u00a0\u0219i pe adresa cadrului didactic;<\/li>\n<li>au f\u0103cut dovada achit\u0103rii taxei pentru refacerea activit\u0103\u021bii didactice (pentru sus\u021binerea unei restan\u021be din anul precedent).<\/li>\n<li>taxa pentru refacerea activit\u0103\u021bii didactice se achit\u0103 la orice sucursal\u0103 BRD, specific\u00e2nd codurile:\n<ul>\n<li>\n<ul>\n<li>pentru studiile de licen\u0163\u0103: 1261 \u0219i 35<\/li>\n<li>pentru studiile de master: 2407 \u0219i 35.<\/li>\n<\/ul>\n<\/li>\n<\/ul>\n<\/li>\n<\/ul>\n<p>Studen\u021bii care au restan\u021be din anul curent \u0219i au sus\u021binut un examen cel mult o dat\u0103 \u0219i nu l-au promovat nu vor pl\u0103ti tax\u0103 de reexaminare (Art.50. Orice student beneficiaz\u0103, la Universitatea \u201eAlexandru Ioan Cuza\u201d din Ia\u0219i, de posibilitatea de a se prezenta, \u00een mod gratuit, la dou\u0103 evalu\u0103ri finale (inclusiv la colocviile de practic\u0103) pentru fiecare disciplin\u0103 studiat\u0103 pe parcursul anului universitar conform planului de \u00eenv\u0103\u021b\u0103m\u00e2nt din anul universitar \u00een care s-a \u00eenscris.)<\/p>\n","protected":false},"excerpt":{"rendered":"<p>Programarea examenelor restante LICENTA feb. 2023 Programarea examenelor restante MASTER feb. 2023 Extensiunea B\u0103l\u021bi &#8211; Programarea examenelor restante LICEN\u021a\u0102 \u0219i MASTER feb. 2023 M\u0103riri Studen\u021bii care doresc s\u0103 fie reevalua\u021bi \u00een vederea m\u0103ririi notei vor completa o cerere (prevedere expres\u0103 a Regulamentelor de studii) dup\u0103 urm\u0103torul model: cerere marire nota . Cererea, dup\u0103 datare \u0219i semnare, va fi\u2026 <span class=\"read-more\"><a href=\"https:\/\/www.phys.uaic.ro\/index.php\/restante-si-mariri-licenta-si-master\/\">Read More &raquo;<\/a><\/span><\/p>\n","protected":false},"author":4,"featured_media":0,"parent":0,"menu_order":0,"comment_status":"closed","ping_status":"closed","template":"","meta":{"footnotes":""},"class_list":["post-18422","page","type-page","status-publish","hentry"],"_links":{"self":[{"href":"https:\/\/www.phys.uaic.ro\/index.php\/wp-json\/wp\/v2\/pages\/18422","targetHints":{"allow":["GET"]}}],"collection":[{"href":"https:\/\/www.phys.uaic.ro\/index.php\/wp-json\/wp\/v2\/pages"}],"about":[{"href":"https:\/\/www.phys.uaic.ro\/index.php\/wp-json\/wp\/v2\/types\/page"}],"author":[{"embeddable":true,"href":"https:\/\/www.phys.uaic.ro\/index.php\/wp-json\/wp\/v2\/users\/4"}],"replies":[{"embeddable":true,"href":"https:\/\/www.phys.uaic.ro\/index.php\/wp-json\/wp\/v2\/comments?post=18422"}],"version-history":[{"count":0,"href":"https:\/\/www.phys.uaic.ro\/index.php\/wp-json\/wp\/v2\/pages\/18422\/revisions"}],"wp:attachment":[{"href":"https:\/\/www.phys.uaic.ro\/index.php\/wp-json\/wp\/v2\/media?parent=18422"}],"curies":[{"name":"wp","href":"https:\/\/api.w.org\/{rel}","templated":true}]}}