{"id":18461,"date":"2023-01-27T09:39:52","date_gmt":"2023-01-27T07:39:52","guid":{"rendered":"https:\/\/www.phys.uaic.ro\/?page_id=18461"},"modified":"2023-02-17T13:06:00","modified_gmt":"2023-02-17T11:06:00","slug":"examenul-de-licenta-sesiunea-februarie-2023","status":"publish","type":"page","link":"https:\/\/www.phys.uaic.ro\/index.php\/examenul-de-licenta-sesiunea-februarie-2023\/","title":{"rendered":"Examenul de licen\u021b\u0103\/diplom\u0103 \u2013 Sesiunea Februarie 2023"},"content":{"rendered":"<header class=\"entry-header\">\n<h3><a href=\"https:\/\/www.phys.uaic.ro\/wp-content\/uploads\/2022\/03\/Tematici_licenta.pdf\"><strong><em>Tematica pentru examenul de licen\u021b\u0103\/diplom\u0103 &#8211; sesiunea februarie 2023<\/em><\/strong><\/a><img loading=\"lazy\" decoding=\"async\" class=\"\" src=\"https:\/\/www.phys.uaic.ro\/wp\/imagini\/pdf-icon.png\" alt=\"pdf\" width=\"18\" height=\"18\" \/><\/h3>\n<h3><a href=\"https:\/\/www.phys.uaic.ro\/wp-content\/uploads\/2022\/06\/Subiecte-licenta-2022_V1.pdf\">Subiecte Licenta\/diplom\u0103<\/a><\/h3>\n<p><a href=\"https:\/\/www.phys.uaic.ro\/wp-content\/uploads\/2023\/02\/Licenta_Rezultate_feb-2023.pdf\">Rezultatele examenului de diplom\u0103, specializarea <strong>Fizic\u0103 tehnologic\u0103<\/strong><\/a><\/p>\n<h3><span style=\"color: #ff0000;\"><a style=\"color: #ff0000;\" href=\"https:\/\/www.phys.uaic.ro\/wp-content\/uploads\/2023\/02\/lista-candidatilor-licenta-feb-2023.pdf\"><span style=\"font-size: 12pt;\">Lista absolven\u021bilor care au dreptul s\u0103 se prezinte la sus\u021binerea examenului de DIPLOM\u0102 \u00een sesiunea februarie 2023<\/span><\/a><\/span><\/h3>\n<h1 class=\"entry-title\"><span style=\"font-size: 12pt;\"><b>Perioada de \u00eenscriere la examenul de licen\u0163\u0103\/diplom\u0103:<\/b><\/span><\/h1>\n<\/header>\n<div class=\"entry-content\">\n<ul>\n<li>6-10 februarie 2023 online<\/li>\n<\/ul>\n<h3><b>Sus\u0163inerea examenului de licen\u0163\u0103\/diplom\u0103:<\/b><\/h3>\n<ul>\n<li>17 februarie 2023, ora 10:30, Laborator Fizica atomului \u0219i moleculei, et. 1<\/li>\n<\/ul>\n<h3><b>Pa\u0219i de parcurs<\/b> pentru \u00eenscrierea la examenul de licen\u021b\u0103\/diplom\u0103:<\/h3>\n<ul>\n<li style=\"list-style-type: none;\">\n<ul style=\"list-style-type: disc;\">\n<li>etapa 1:<br \/>\n\u00een perioada 6-10 februarie 2023, candidatul va trimite urm\u0103toarele documente (\u00eentr-un singur mesaj) la adresa de e-mail <em>luca@uaic.ro<\/em>:<\/p>\n<ol>\n<li>cererea de \u00eenscriere semnat\u0103 cu albastru \u0219i scanat\u0103;<\/li>\n<li>certificat de na\u0219tere scanat;<\/li>\n<li>carte de identitate scanat\u0103;<\/li>\n<li>declara\u021bia coordonatorului lucr\u0103rii de licen\u021b\u0103\/diplom\u0103 care atest\u0103 faptul c\u0103 lucrarea este \u00een analiz\u0103 \u0219i va fi predat\u0103 \u00eenainte de \u00eenceperea examenului (format liber);<\/li>\n<li>chitan\u0163a de plat\u0103 a taxei (200 lei) \u00een cazul repet\u0103rii examenului.<\/li>\n<\/ol>\n<\/li>\n<li>etapa 2:<br \/>\ncoordonatorul trimite dou\u0103 documente pe adresa secretarului de comisie, cu cel pu\u021bin dou\u0103 zile \u00eenainte de data programat\u0103 pentru sus\u021binere, folosind fisiere.uaic.ro:<\/p>\n<ol>\n<li>referatul de apreciere (care con\u021bine \u0219i informa\u021bii asupra procentului de similitudini, din platforma Turnitin);<\/li>\n<li>lucrarea de licen\u021b\u0103\/diplom\u0103 care con\u021bine \u0219i declara\u021bia privind autenticitatea semnat\u0103 de candidat si coordonator, \u00een format <b>pdf<\/b> .<\/li>\n<\/ol>\n<\/li>\n<\/ul>\n<\/li>\n<\/ul>\n<p>&nbsp;<\/p>\n<p>Formulare licen\u021b\u0103<\/p>\n<ul>\n<li><em><a href=\"https:\/\/www.phys.uaic.ro\/wp-content\/uploads\/2023\/01\/2023_februarie_inscriere_licenta_diploma.pdf\" target=\"_blank\" rel=\"noopener\">Cerere pentru \u00eenscrierea la examenul de licen\u0163\u0103\/diplom\u0103 sesiunea februarie 2023<\/a><\/em><\/li>\n<li><a href=\"https:\/\/www.phys.uaic.ro\/wp-content\/uploads\/2023\/01\/2023-februarie_inscriere_diploma_BALTI.pdf\" target=\"_blank\" rel=\"noopener\"><em>Cerere pentru \u00eenscrierea la examenul de diplom\u0103 sesiunea februarie 2023 (Extensiunea B\u0103l\u021bi)<\/em><\/a><\/li>\n<li><a href=\"https:\/\/www.phys.uaic.ro\/wp-content\/uploads\/2022\/05\/2022-Declaratie-autenticitate_licenta_diploma.pdf\" target=\"_blank\" rel=\"noopener\"><em>Declara\u021bie privind autenticitatea con\u021binutului lucr\u0103rii de licen\u021b\u0103\/diplom\u0103<\/em><\/a><\/li>\n<\/ul>\n<h3><b><a href=\"https:\/\/www.phys.uaic.ro\/wp-content\/uploads\/2022\/05\/SS_Reg-finalizare-studii_2022-BECA.pdf\" target=\"_blank\" rel=\"noopener\">Regulament privind organizarea \u0219i desf\u0103\u0219urarea Examenelor de Licen\u021b\u0103\/Diplom\u0103, Diserta\u021bie \u0219i Absolvire (Sesiunile: Iunie-Iulie 2022, Septembrie 2022 si Februarie 2023)<\/a>\u00a0<\/b><\/h3>\n<\/div>\n","protected":false},"excerpt":{"rendered":"<p>Tematica pentru examenul de licen\u021b\u0103\/diplom\u0103 &#8211; sesiunea februarie 2023 Subiecte Licenta\/diplom\u0103 Rezultatele examenului de diplom\u0103, specializarea Fizic\u0103 tehnologic\u0103 Lista absolven\u021bilor care au dreptul s\u0103 se prezinte la sus\u021binerea examenului de DIPLOM\u0102 \u00een sesiunea februarie 2023 Perioada de \u00eenscriere la examenul de licen\u0163\u0103\/diplom\u0103: 6-10 februarie 2023 online Sus\u0163inerea examenului de licen\u0163\u0103\/diplom\u0103: 17 februarie 2023, ora 10:30, Laborator Fizica atomului\u2026 <span class=\"read-more\"><a href=\"https:\/\/www.phys.uaic.ro\/index.php\/examenul-de-licenta-sesiunea-februarie-2023\/\">Read More &raquo;<\/a><\/span><\/p>\n","protected":false},"author":4,"featured_media":0,"parent":0,"menu_order":0,"comment_status":"closed","ping_status":"closed","template":"","meta":{"footnotes":""},"class_list":["post-18461","page","type-page","status-publish","hentry"],"_links":{"self":[{"href":"https:\/\/www.phys.uaic.ro\/index.php\/wp-json\/wp\/v2\/pages\/18461","targetHints":{"allow":["GET"]}}],"collection":[{"href":"https:\/\/www.phys.uaic.ro\/index.php\/wp-json\/wp\/v2\/pages"}],"about":[{"href":"https:\/\/www.phys.uaic.ro\/index.php\/wp-json\/wp\/v2\/types\/page"}],"author":[{"embeddable":true,"href":"https:\/\/www.phys.uaic.ro\/index.php\/wp-json\/wp\/v2\/users\/4"}],"replies":[{"embeddable":true,"href":"https:\/\/www.phys.uaic.ro\/index.php\/wp-json\/wp\/v2\/comments?post=18461"}],"version-history":[{"count":0,"href":"https:\/\/www.phys.uaic.ro\/index.php\/wp-json\/wp\/v2\/pages\/18461\/revisions"}],"wp:attachment":[{"href":"https:\/\/www.phys.uaic.ro\/index.php\/wp-json\/wp\/v2\/media?parent=18461"}],"curies":[{"name":"wp","href":"https:\/\/api.w.org\/{rel}","templated":true}]}}