{"id":18469,"date":"2023-01-27T10:05:41","date_gmt":"2023-01-27T08:05:41","guid":{"rendered":"https:\/\/www.phys.uaic.ro\/?page_id=18469"},"modified":"2025-02-06T10:38:40","modified_gmt":"2025-02-06T08:38:40","slug":"examenul-de-disertatie-sesiunea-februarie-2023","status":"publish","type":"page","link":"https:\/\/www.phys.uaic.ro\/index.php\/examenul-de-disertatie-sesiunea-februarie-2023\/","title":{"rendered":"Examenul de diserta\u021bie &#8211; sesiunea februarie 2023"},"content":{"rendered":"<header class=\"entry-header\">\n<h1><span style=\"color: #ff0000;\">Rezultatele examenelor de diserta\u021bie<\/span><\/h1>\n<p>Specializarea <a href=\"https:\/\/www.phys.uaic.ro\/wp-content\/uploads\/2025\/02\/disert_rezultate_kineto-1.pdf\" target=\"_blank\" rel=\"noopener\"><em><strong>Metode fizice aplicate \u00een kinetoterapie \u0219i recuperare medical\u0103<\/strong><\/em><\/a><\/p>\n<p>Specializarea <strong><em><a href=\"https:\/\/www.phys.uaic.ro\/wp-content\/uploads\/2023\/02\/Rezultate-disertatie-lb.-engleza-feb-2023.pdf\">Biofizic\u0103 \u0219i fizic\u0103 medical\u0103 (\u00een limba englez\u0103)<\/a><br \/>\n<\/em><\/strong><\/p>\n<h3><\/h3>\n<h3><a href=\"https:\/\/www.phys.uaic.ro\/wp-content\/uploads\/2023\/02\/inscrisi-disertatie-feb-2023.pdf\">Lista absolven\u021bilor care au dreptul s\u0103 se prezinte la sus\u021binerea examenului de\u00a0 DISERTA\u021aIE \u00een sesiunea februarie 2023<\/a><\/h3>\n<h1><span style=\"font-size: 12pt;\"><b>Perioada de \u00eenscriere la examenul de diserta\u021bie:<\/b><\/span><\/h1>\n<\/header>\n<div class=\"entry-content\">\n<ul>\n<li>6-10 februarie 2023, online<\/li>\n<\/ul>\n<h3><b>Sus\u0163inerea examenului de diserta\u021bie:<\/b><\/h3>\n<ul>\n<li><strong>specializarea <span style=\"color: #ff0000;\"><em>Metode fizice aplicate \u00een kinetoterapie \u0219i recuperare medical\u0103 <\/em><\/span>\u2013 <em>17 februarie 2023, ora 10:00, Laborator FAM (etaj 1)<\/em><\/strong><\/li>\n<li><strong>specializarea <span style=\"color: #ff0000;\"><em>Biophysics and medical physics<\/em><\/span> \u2013 <em>17 februarie 2023, ora 13:00, Laborator Autoorganizare (etaj 3)<\/em><\/strong><\/li>\n<\/ul>\n<\/div>\n<div class=\"entry-content\">\n<h3><\/h3>\n<h3><b>Pa\u0219i de parcurs<\/b> pentru \u00eenscrierea la examenul de diserta\u0163ie:<\/h3>\n<ul>\n<li>etapa 1:<br \/>\n\u00een perioada 6-10 februarie 2023, candidatul va trimite urm\u0103toarele documente (\u00eentr-un singur mesaj) la adresa de e-mail<em> luca@uaic.ro<\/em>:<\/p>\n<ol>\n<li>cererea de \u00eenscriere semnat\u0103 cu albastru \u0219i scanat\u0103;<\/li>\n<li>certificat de na\u0219tere scanat;<\/li>\n<li>carte de identitate scanat\u0103;<\/li>\n<li>diploma de licen\u0163\u0103 + suplimentul la diplom\u0103 pentru cei care nu le-au depus \u00eenc\u0103 la secretariatul facult\u0103\u0163ii;<\/li>\n<li>declara\u021bia coordonatorului lucr\u0103rii de diserta\u0163ie care atest\u0103 faptul c\u0103 lucrarea este \u00een analiz\u0103 \u0219i va fi predat\u0103 \u00eenainte de \u00eenceperea examenului (format liber);<\/li>\n<li>chitan\u0163a de plat\u0103 a taxei (200 lei) \u00een cazul repet\u0103rii examenului.<\/li>\n<\/ol>\n<\/li>\n<li>etapa 2:<br \/>\ncoordonatorul trimite dou\u0103 documente pe adresa secretarului de comisie, cu cel pu\u021bin dou\u0103 zile \u00eenainte de data programat\u0103 pentru sus\u021binere, folosind fisiere.uaic.ro:<\/p>\n<ol>\n<li>referatul de apreciere (care con\u021bine \u0219i informa\u021bii asupra procentului de similitudini, din platforma Turnitin);<\/li>\n<li>lucrarea de diserta\u0163ie care con\u021bine \u0219i declara\u021bia privind autenticitatea semnat\u0103 de candidat \u0219i coordonator, \u00een format <b>pdf<\/b> .<\/li>\n<\/ol>\n<\/li>\n<\/ul>\n<\/div>\n<p>Formulare diserta\u021bie<\/p>\n<ul>\n<li><a href=\"https:\/\/www.phys.uaic.ro\/wp-content\/uploads\/2023\/01\/2023_cerere_inscriere_DISERTATIE_KINETO_cu-nr-pacienti.pdf\"><em>Cerere pentru \u00eenscrierea la examenul de diserta\u0163ie sesiunea februarie 2023 la specializarea Metode fizice aplicate \u00een kinetoterapie \u0219i recuperare medical\u0103<\/em><\/a><\/li>\n<li><a href=\"https:\/\/www.phys.uaic.ro\/wp-content\/uploads\/2023\/01\/2023-cerere_inscriere_DISERTATIE_BFM-FTA.pdf\"><em>Cerere pentru \u00eenscrierea la examenul de diserta\u0163ie sesiunea februarie 2023 la specializ\u0103rile Fizica pentru tehnologii avansate (\u00een limba englez\u0103), Fizic\u0103 medical\u0103 \u0219i biofizic\u0103 (\u00een limba englez\u0103)<\/em><\/a><\/li>\n<li><a href=\"https:\/\/www.phys.uaic.ro\/wp-content\/uploads\/2023\/01\/2023-cerere_inscriere_DISERTATIE_TIC_BALTI.pdf\"><em>Cerere pentru \u00eenscrierea la examenul de diserta\u0163ie sesiunea februarie 2023 la specializarea Fizic\u0103 aplicat\u0103 \u00een tehnologiile informa\u021biei \u0219i comunica\u021bii (Extensiunea B\u0102L\u021aI)<\/em><\/a><\/li>\n<\/ul>\n<div class=\"entry-content\">\n<p><a href=\"https:\/\/www.phys.uaic.ro\/wp-content\/uploads\/2022\/05\/Declaratie-autenticitate_disertatie_2021.pdf\" target=\"_blank\" rel=\"noopener\"><em>Declara\u021bie privind autenticitatea con\u021binutului lucr\u0103rii de diserta\u021bie<\/em><\/a><\/p>\n<h3><b><a href=\"https:\/\/www.phys.uaic.ro\/wp-content\/uploads\/2022\/05\/SS_Reg-finalizare-studii_2022-BECA.pdf\" target=\"_blank\" rel=\"noopener\">Regulament privind organizarea \u0219i desf\u0103\u0219urarea Examenelor de Licen\u021b\u0103\/Diplom\u0103, Diserta\u021bie \u0219i Absolvire (Sesiunile: Iunie-Iulie 2022, Septembrie 2022 si Februarie 2023)<\/a><\/b><\/h3>\n<\/div>\n","protected":false},"excerpt":{"rendered":"<p>Rezultatele examenelor de diserta\u021bie Specializarea Metode fizice aplicate \u00een kinetoterapie \u0219i recuperare medical\u0103 Specializarea Biofizic\u0103 \u0219i fizic\u0103 medical\u0103 (\u00een limba englez\u0103) Lista absolven\u021bilor care au dreptul s\u0103 se prezinte la sus\u021binerea examenului de\u00a0 DISERTA\u021aIE \u00een sesiunea februarie 2023 Perioada de \u00eenscriere la examenul de diserta\u021bie: 6-10 februarie 2023, online Sus\u0163inerea examenului de diserta\u021bie: specializarea Metode fizice aplicate \u00een\u2026 <span class=\"read-more\"><a href=\"https:\/\/www.phys.uaic.ro\/index.php\/examenul-de-disertatie-sesiunea-februarie-2023\/\">Read More &raquo;<\/a><\/span><\/p>\n","protected":false},"author":4,"featured_media":0,"parent":0,"menu_order":0,"comment_status":"closed","ping_status":"closed","template":"","meta":{"footnotes":""},"class_list":["post-18469","page","type-page","status-publish","hentry"],"_links":{"self":[{"href":"https:\/\/www.phys.uaic.ro\/index.php\/wp-json\/wp\/v2\/pages\/18469","targetHints":{"allow":["GET"]}}],"collection":[{"href":"https:\/\/www.phys.uaic.ro\/index.php\/wp-json\/wp\/v2\/pages"}],"about":[{"href":"https:\/\/www.phys.uaic.ro\/index.php\/wp-json\/wp\/v2\/types\/page"}],"author":[{"embeddable":true,"href":"https:\/\/www.phys.uaic.ro\/index.php\/wp-json\/wp\/v2\/users\/4"}],"replies":[{"embeddable":true,"href":"https:\/\/www.phys.uaic.ro\/index.php\/wp-json\/wp\/v2\/comments?post=18469"}],"version-history":[{"count":0,"href":"https:\/\/www.phys.uaic.ro\/index.php\/wp-json\/wp\/v2\/pages\/18469\/revisions"}],"wp:attachment":[{"href":"https:\/\/www.phys.uaic.ro\/index.php\/wp-json\/wp\/v2\/media?parent=18469"}],"curies":[{"name":"wp","href":"https:\/\/api.w.org\/{rel}","templated":true}]}}