{"id":18640,"date":"2023-02-16T10:58:48","date_gmt":"2023-02-16T08:58:48","guid":{"rendered":"https:\/\/www.phys.uaic.ro\/?page_id=18640"},"modified":"2023-04-03T09:46:22","modified_gmt":"2023-04-03T06:46:22","slug":"sustinerea-tezei-de-abilitare-a-doamnei-conf-dr-iordana-astefanoaei","status":"publish","type":"page","link":"https:\/\/www.phys.uaic.ro\/index.php\/sustinerea-tezei-de-abilitare-a-doamnei-conf-dr-iordana-astefanoaei\/","title":{"rendered":"Sus\u021binerea tezei de abilitare a doamnei conf. dr. Iordana A\u0218TEF\u0102NOAEI"},"content":{"rendered":"<p>Sunte\u021bi invita\u021bi s\u0103 participa\u021bi la sus\u021binerea public\u0103 a tezei de abilitare<\/p>\n<p><span style=\"font-size: 14pt;\"><strong><em>Modelarea unor procese fizice complexe \u00een Hipertermia Magnetic\u0103<\/em><\/strong><\/span><\/p>\n<p>elaborat\u0103 de doamna conf. dr. Iordana A\u0218TEF\u0102NOAEI, Universitatea &#8222;Alexandru Ioan Cuza&#8221; din Ia\u0219i. Prezentarea tezei va avea loc <strong>vineri, 31.03.2023, <\/strong>incepand cu ora 11:00, in sala PDF.<\/p>\n<p><a href=\"https:\/\/www.phys.uaic.ro\/wp-content\/uploads\/2023\/02\/CV_Iordana-Astefanoaei_februarie_2023.pdf\" target=\"_blank\" rel=\"noopener\"><b>CV Iordana A\u0218TEF\u0102NOAEI<\/b><\/a> <img loading=\"lazy\" decoding=\"async\" class=\"\" src=\"http:\/\/www.phys.uaic.ro\/wp\/imagini\/pdf-icon.png\" alt=\"pdf\" width=\"16\" height=\"16\" \/><br \/>\n<a href=\"https:\/\/www.phys.uaic.ro\/wp-content\/uploads\/2023\/02\/Rezumatul-Tezei-de-Abilitare_v1.pdf\" target=\"_blank\" rel=\"noopener\"><b>Rezumatul tezei de <\/b><b>abilitare<\/b><\/a> <img loading=\"lazy\" decoding=\"async\" class=\"\" src=\"http:\/\/www.phys.uaic.ro\/wp\/imagini\/pdf-icon.png\" alt=\"pdf\" width=\"21\" height=\"21\" \/><br \/>\n<a href=\"https:\/\/www.phys.uaic.ro\/wp-content\/uploads\/2023\/02\/Summary-of-Habilitation-thesis.pdf\"><b>Summary of Habilitation Thesis<\/b><\/a> <img loading=\"lazy\" decoding=\"async\" class=\"\" src=\"http:\/\/www.phys.uaic.ro\/wp\/imagini\/pdf-icon.png\" alt=\"pdf\" width=\"20\" height=\"20\" \/><br \/>\n<a href=\"https:\/\/www.phys.uaic.ro\/wp-content\/uploads\/2023\/02\/Lista-de-lucrari.pdf\" target=\"_blank\" rel=\"noopener\"><b>Lista de lucr\u0103ri<\/b><\/a> <img loading=\"lazy\" decoding=\"async\" class=\"\" src=\"http:\/\/www.phys.uaic.ro\/wp\/imagini\/pdf-icon.png\" alt=\"pdf\" width=\"19\" height=\"19\" \/><br \/>\n<a href=\"https:\/\/www.phys.uaic.ro\/wp-content\/uploads\/2023\/02\/Standardele-minimale_final.pdf\" target=\"_blank\" rel=\"noopener\"><b>Fi\u0219a de \u00eendeplinire a standardelor minimale CNATDCU<\/b><\/a> <img loading=\"lazy\" decoding=\"async\" class=\"\" src=\"http:\/\/www.phys.uaic.ro\/wp\/imagini\/pdf-icon.png\" alt=\"pdf\" width=\"19\" height=\"19\" \/><\/p>\n<p>&nbsp;<\/p>\n<p><a href=\"https:\/\/www.phys.uaic.ro\/wp-content\/uploads\/2023\/03\/RSA_ENACHESCU-CRISTIAN_pentru_ASTEFANOAEI-IORDANA_F-Abil-1985_din_2023-03-04.pdf\" target=\"_blank\" rel=\"noopener\"><b>Componen\u0163a comisiei de abilitare<\/b><\/a><img loading=\"lazy\" decoding=\"async\" class=\"\" src=\"http:\/\/www.phys.uaic.ro\/wp\/imagini\/pdf-icon.png\" alt=\"pdf\" width=\"19\" height=\"19\" \/><\/p>\n<ul style=\"list-style-type: disc;\">\n<li>Prof. univ. dr. habil. Cristian EN\u0102CHESCU, Universitatea \u201cAlexandru Ioan Cuza\u201d din Ia\u015fi<\/li>\n<li>Prof. univ. dr. Titus-Adrian BEU, Universitatea \u201eBabe\u015f-Bolyai\u201c Cluj-Napoca,<\/li>\n<li>CS I Victor KUNCSER, Institutul Na\u021bional de Fizica materialelor, Bucure\u0219ti, M\u0103gurele<\/li>\n<\/ul>\n<p>&nbsp;<\/p>\n<p><!--\n\n\n<ul>\n \t\n\n<li><a href=\"https:\/\/catalinagheorghiesei.my.webex.com\/webappng\/sites\/catalinagheorghiesei.my\/meeting\/download\/7292646294e64b2ba8faea2a40c66826?siteurl=catalinagheorghiesei.my&amp;MTID=mef53254330039d1625ef503b3687626a\"><strong>Webex Meeting - conectare direct\u0103 din browser<\/strong><\/a><\/li>\n\n\n \t\n\n<li>\n\n\n<div>pentru conectarea direct\u0103 din aplica\u021bie pute\u021bi utiliza urm\u0103toarele date de \u00eenregistrare\n<strong>Meeting number: 163 745 2358, Password: Kc2jN5UBdW6 (52256582 from phones and video systems)\n<\/strong>\u00eent\u00e2lnirea este programat\u0103 s\u0103 \u00eenceap\u0103 la 10:50.<\/div>\n\n<\/li>\n\n\n<\/ul>\n\n\n--><\/p>\n<p><a href=\"https:\/\/www.phys.uaic.ro\/wp-content\/uploads\/2023\/04\/raport-comisie.pdf\" target=\"_blank\" rel=\"noopener\"><b>Raportul comisiei de abilitare<\/b><\/a><img loading=\"lazy\" decoding=\"async\" class=\"\" src=\"http:\/\/www.phys.uaic.ro\/wp\/imagini\/pdf-icon.png\" alt=\"pdf\" width=\"19\" height=\"19\" \/><\/p>\n","protected":false},"excerpt":{"rendered":"<p>Sunte\u021bi invita\u021bi s\u0103 participa\u021bi la sus\u021binerea public\u0103 a tezei de abilitare Modelarea unor procese fizice complexe \u00een Hipertermia Magnetic\u0103 elaborat\u0103 de doamna conf. dr. Iordana A\u0218TEF\u0102NOAEI, Universitatea &#8222;Alexandru Ioan Cuza&#8221; din Ia\u0219i. Prezentarea tezei va avea loc vineri, 31.03.2023, incepand cu ora 11:00, in sala PDF. CV Iordana A\u0218TEF\u0102NOAEI Rezumatul tezei de abilitare Summary of Habilitation Thesis Lista\u2026 <span class=\"read-more\"><a href=\"https:\/\/www.phys.uaic.ro\/index.php\/sustinerea-tezei-de-abilitare-a-doamnei-conf-dr-iordana-astefanoaei\/\">Read More &raquo;<\/a><\/span><\/p>\n","protected":false},"author":4,"featured_media":0,"parent":0,"menu_order":0,"comment_status":"closed","ping_status":"closed","template":"","meta":{"footnotes":""},"class_list":["post-18640","page","type-page","status-publish","hentry"],"_links":{"self":[{"href":"https:\/\/www.phys.uaic.ro\/index.php\/wp-json\/wp\/v2\/pages\/18640","targetHints":{"allow":["GET"]}}],"collection":[{"href":"https:\/\/www.phys.uaic.ro\/index.php\/wp-json\/wp\/v2\/pages"}],"about":[{"href":"https:\/\/www.phys.uaic.ro\/index.php\/wp-json\/wp\/v2\/types\/page"}],"author":[{"embeddable":true,"href":"https:\/\/www.phys.uaic.ro\/index.php\/wp-json\/wp\/v2\/users\/4"}],"replies":[{"embeddable":true,"href":"https:\/\/www.phys.uaic.ro\/index.php\/wp-json\/wp\/v2\/comments?post=18640"}],"version-history":[{"count":0,"href":"https:\/\/www.phys.uaic.ro\/index.php\/wp-json\/wp\/v2\/pages\/18640\/revisions"}],"wp:attachment":[{"href":"https:\/\/www.phys.uaic.ro\/index.php\/wp-json\/wp\/v2\/media?parent=18640"}],"curies":[{"name":"wp","href":"https:\/\/api.w.org\/{rel}","templated":true}]}}