{"id":18857,"date":"2023-02-27T09:41:51","date_gmt":"2023-02-27T07:41:51","guid":{"rendered":"https:\/\/www.phys.uaic.ro\/?page_id=18857"},"modified":"2023-02-27T09:41:51","modified_gmt":"2023-02-27T07:41:51","slug":"fise-discipline-la-specializarea-fizica-medicala-aplicata-anul-ii-2","status":"publish","type":"page","link":"https:\/\/www.phys.uaic.ro\/index.php\/fise-discipline-la-specializarea-fizica-medicala-aplicata-anul-ii-2\/","title":{"rendered":"Fi\u0219e discipline la specializarea Fizic\u0103 medical\u0103 aplicat\u0103, anul II"},"content":{"rendered":"<p>Semestrul I<\/p>\n<ul>\n<li><a href=\"https:\/\/www.phys.uaic.ro\/wp-content\/uploads\/2022\/12\/FMA_anul-2.pdf\">Discipline obligatorii<\/a><\/li>\n<\/ul>\n<p>&nbsp;<\/p>\n<p>Semestrul al II-lea<\/p>\n<ul>\n<li>Discipline obligatorii<\/li>\n<\/ul>\n","protected":false},"excerpt":{"rendered":"<p>Semestrul I Discipline obligatorii &nbsp; Semestrul al II-lea Discipline obligatorii<\/p>\n","protected":false},"author":4,"featured_media":0,"parent":0,"menu_order":0,"comment_status":"closed","ping_status":"closed","template":"","meta":{"footnotes":""},"class_list":["post-18857","page","type-page","status-publish","hentry"],"_links":{"self":[{"href":"https:\/\/www.phys.uaic.ro\/index.php\/wp-json\/wp\/v2\/pages\/18857","targetHints":{"allow":["GET"]}}],"collection":[{"href":"https:\/\/www.phys.uaic.ro\/index.php\/wp-json\/wp\/v2\/pages"}],"about":[{"href":"https:\/\/www.phys.uaic.ro\/index.php\/wp-json\/wp\/v2\/types\/page"}],"author":[{"embeddable":true,"href":"https:\/\/www.phys.uaic.ro\/index.php\/wp-json\/wp\/v2\/users\/4"}],"replies":[{"embeddable":true,"href":"https:\/\/www.phys.uaic.ro\/index.php\/wp-json\/wp\/v2\/comments?post=18857"}],"version-history":[{"count":0,"href":"https:\/\/www.phys.uaic.ro\/index.php\/wp-json\/wp\/v2\/pages\/18857\/revisions"}],"wp:attachment":[{"href":"https:\/\/www.phys.uaic.ro\/index.php\/wp-json\/wp\/v2\/media?parent=18857"}],"curies":[{"name":"wp","href":"https:\/\/api.w.org\/{rel}","templated":true}]}}