{"id":18957,"date":"2023-03-06T07:46:57","date_gmt":"2023-03-06T05:46:57","guid":{"rendered":"https:\/\/www.phys.uaic.ro\/?page_id=18957"},"modified":"2023-03-06T07:46:57","modified_gmt":"2023-03-06T05:46:57","slug":"anunt-privind-sustinerea-raportului-de-cercetare-a-drd-postolachi-cristina-pe-21-03-2023","status":"publish","type":"page","link":"https:\/\/www.phys.uaic.ro\/index.php\/anunt-privind-sustinerea-raportului-de-cercetare-a-drd-postolachi-cristina-pe-21-03-2023\/","title":{"rendered":"Anun\u021b privind sus\u021binerea raportului de cercetare a drd. POSTOLACHI CRISTINA pe 21.03.2023"},"content":{"rendered":"<p>La data de <strong>21<\/strong> <strong>martie 2023<\/strong>, \u00eencep\u00e2nd cu ora 18<strong><sup>00<\/sup><\/strong> \u00een <strong>laboratorul Optica<\/strong> va avea loc sus\u021binerea raportului de cercetare cu titlul <strong>\u201c<em>Obtaining and characterization techniques of special films. Application. \/ Tehnici de obtinere si de caracterizare a unor straturi speciale. Aplicatii<\/em><\/strong><em>\u201d<\/em>, prezentat de studenta-doctorand\u0103 <strong>POSTOLACHI CRISTINA<\/strong>, sub \u00eendrumarea <strong>prof. univ. dr. habil. SILVIU-OCTAVIAN GURLUI<\/strong>.<\/p>\n","protected":false},"excerpt":{"rendered":"<p>La data de 21 martie 2023, \u00eencep\u00e2nd cu ora 1800 \u00een laboratorul Optica va avea loc sus\u021binerea raportului de cercetare cu titlul \u201cObtaining and characterization techniques of special films. Application. \/ Tehnici de obtinere si de caracterizare a unor straturi speciale. Aplicatii\u201d, prezentat de studenta-doctorand\u0103 POSTOLACHI CRISTINA, sub \u00eendrumarea prof. univ. dr. habil. SILVIU-OCTAVIAN GURLUI.<\/p>\n","protected":false},"author":4,"featured_media":0,"parent":0,"menu_order":0,"comment_status":"closed","ping_status":"closed","template":"","meta":{"footnotes":""},"class_list":["post-18957","page","type-page","status-publish","hentry"],"_links":{"self":[{"href":"https:\/\/www.phys.uaic.ro\/index.php\/wp-json\/wp\/v2\/pages\/18957","targetHints":{"allow":["GET"]}}],"collection":[{"href":"https:\/\/www.phys.uaic.ro\/index.php\/wp-json\/wp\/v2\/pages"}],"about":[{"href":"https:\/\/www.phys.uaic.ro\/index.php\/wp-json\/wp\/v2\/types\/page"}],"author":[{"embeddable":true,"href":"https:\/\/www.phys.uaic.ro\/index.php\/wp-json\/wp\/v2\/users\/4"}],"replies":[{"embeddable":true,"href":"https:\/\/www.phys.uaic.ro\/index.php\/wp-json\/wp\/v2\/comments?post=18957"}],"version-history":[{"count":0,"href":"https:\/\/www.phys.uaic.ro\/index.php\/wp-json\/wp\/v2\/pages\/18957\/revisions"}],"wp:attachment":[{"href":"https:\/\/www.phys.uaic.ro\/index.php\/wp-json\/wp\/v2\/media?parent=18957"}],"curies":[{"name":"wp","href":"https:\/\/api.w.org\/{rel}","templated":true}]}}