{"id":190,"date":"2018-02-14T13:31:22","date_gmt":"2018-02-14T13:31:22","guid":{"rendered":"http:\/\/www.phys.uaic.ro\/?page_id=190"},"modified":"2026-03-11T13:46:20","modified_gmt":"2026-03-11T11:46:20","slug":"orar-studenti","status":"publish","type":"page","link":"https:\/\/www.phys.uaic.ro\/index.php\/studenti\/orar-studenti\/","title":{"rendered":"Orar"},"content":{"rendered":"<h1>Semestrul al II-lea (2025-2026)<\/h1>\n<p><span style=\"font-size: 14pt;\"><a href=\"https:\/\/www.phys.uaic.ro\/orar-new\" target=\"_blank\" rel=\"noopener\"><strong><span style=\"font-size: 18pt;\"><span style=\"font-size: 14pt;\"><span style=\"color: #ff0000;\"><em>NOU!!! <\/em><span style=\"color: #0000ff;\"><em>Orarul pentru licen\u021b\u0103 \u0219i master (to\u021bi anii Ia\u0219i \u0219i B\u0103l\u021bi)<\/em><\/span><\/span><\/span><\/span><\/strong><\/a><\/span><\/p>\n<p><span style=\"color: #0000ff;\"><a style=\"color: #0000ff;\" href=\"https:\/\/www.phys.uaic.ro\/orar\" target=\"_blank\" rel=\"noopener\"><span style=\"font-size: 14pt;\"><strong>Orarul pentru licen\u021b\u0103 \u0219i master (to\u021bi anii Ia\u0219i) (\u00een curs de actualizare)<\/strong><\/span><\/a><\/span><\/p>\n<p><strong><span style=\"font-size: 14pt; color: #0000ff;\">Orarul pentru Extensia B\u0103l\u021bi (\u00een curs de actualizare)<\/span><\/strong><\/p>\n<h4><strong>Licen\u021b\u0103 Fizic\u0103 tehnologic\u0103 Extensiunea B\u0103l\u021bi<\/strong><\/h4>\n<ul>\n<li><a href=\"https:\/\/www.phys.uaic.ro\/wp-content\/uploads\/2026\/02\/Orar_sem2_FT_Balti_2026_an1.pdf\" target=\"_blank\" rel=\"noopener\">Anul 1<\/a><\/li>\n<li><a href=\"https:\/\/www.phys.uaic.ro\/wp-content\/uploads\/2026\/02\/Orar_sem2_FT_Balti_2026_an2.pdf\" target=\"_blank\" rel=\"noopener\">Anul 2<\/a><\/li>\n<li><a href=\"https:\/\/www.phys.uaic.ro\/wp-content\/uploads\/2026\/02\/Orar_sem2_FT_Balti_2026_an3.pdf\" target=\"_blank\" rel=\"noopener\">Anul 3<\/a><\/li>\n<li><a href=\"https:\/\/www.phys.uaic.ro\/wp-content\/uploads\/2026\/02\/Orar_sem2_FT_Balti_2026_an4.pdf\" target=\"_blank\" rel=\"noopener\">Anul 4<\/a><\/li>\n<\/ul>\n<h4><strong>Master Extensiunea B\u0103l\u021bi<\/strong><\/h4>\n<ul>\n<li><a href=\"https:\/\/www.phys.uaic.ro\/wp-content\/uploads\/2026\/02\/Orar_sem2_FT_Balti_2026_m1.pdf\" target=\"_blank\" rel=\"noopener\">Anul 1<\/a><\/li>\n<li>Anul 2<\/li>\n<\/ul>\n<p>&nbsp;<\/p>\n<h3><a href=\"https:\/\/www.phys.uaic.ro\/wp-content\/uploads\/2026\/02\/2025-2026-sem-2-lista-studenti-inscrisi-la-optionale-LICENTA_v2.pdf\" target=\"_blank\" rel=\"noopener\"><strong>CURSURI OP\u021aIONALE &#8211; sem.2 &#8211; <em>LICEN\u021a\u0102<\/em><\/strong><em>\u00a0<\/em><\/a><\/h3>\n<h3><a href=\"https:\/\/www.phys.uaic.ro\/wp-content\/uploads\/2026\/02\/2025-2026-sem2-lista-studenti-inscrisi-la-optionale-MASTER.pdf\" target=\"_blank\" rel=\"noopener\"><strong>CURSURI OP\u021aIONALE &#8211; sem.2 &#8211; <em><u>MASTER<\/u><\/em><\/strong><\/a><\/h3>\n<p>&nbsp;<\/p>\n<h1>Semestrul I (2025-2026)<\/h1>\n<p><a href=\"https:\/\/www.phys.uaic.ro\/orar2025-2026_sem1\"><span style=\"font-size: 14pt;\"><strong>Orarul pentru licen\u021b\u0103 \u0219i master (to\u021bi anii Ia\u0219i)<\/strong><\/span><\/a><\/p>\n<h3><span style=\"font-size: 14pt;\"><strong>Orarul pentru Extensia B\u0103l\u021bi\u00a0<\/strong><\/span><\/h3>\n<h4><strong>Licen\u021b\u0103 Fizic\u0103 tehnologic\u0103 Extensiunea B\u0103l\u021bi<\/strong><\/h4>\n<ul>\n<li><a href=\"https:\/\/www.phys.uaic.ro\/wp-content\/uploads\/2025\/09\/Orar_sem1_Balti_2025-2026_an1.pdf\" target=\"_blank\" rel=\"noopener\">Anul 1<\/a><\/li>\n<li><a href=\"https:\/\/www.phys.uaic.ro\/wp-content\/uploads\/2025\/09\/Orar_sem1_Balti_2025-2026_an2.pdf\" target=\"_blank\" rel=\"noopener\">Anul 2<\/a><\/li>\n<li><a href=\"https:\/\/www.phys.uaic.ro\/wp-content\/uploads\/2025\/11\/Orar_sem1_Balti_2025-2026_an3.pdf\" target=\"_blank\" rel=\"noopener\">Anul 3<\/a><\/li>\n<li><a href=\"https:\/\/www.phys.uaic.ro\/wp-content\/uploads\/2025\/09\/Orar_sem1_Balti_2025-2026_an4.pdf\" target=\"_blank\" rel=\"noopener\">Anul 4<\/a><\/li>\n<\/ul>\n<h4><strong>Master Extensiunea B\u0103l\u021bi<\/strong><\/h4>\n<ul>\n<li><a href=\"https:\/\/www.phys.uaic.ro\/wp-content\/uploads\/2025\/09\/Orar_sem1_Balti_2025-2026_M1.pdf\" target=\"_blank\" rel=\"noopener\">Anul 1<\/a><\/li>\n<li><a href=\"https:\/\/www.phys.uaic.ro\/wp-content\/uploads\/2025\/09\/Orar_sem1_Balti_2025-2026_M2.pdf\" target=\"_blank\" rel=\"noopener\">Anul 2<\/a><\/li>\n<\/ul>\n<p>_____________________________________________________________________<\/p>\n<p><a href=\"https:\/\/www.phys.uaic.ro\/wp-content\/uploads\/2025\/09\/afisat_anul-I_matricol_nr-dosar.pdf\" target=\"_blank\" rel=\"noopener\"><strong><em>Grupe licenta anul I<\/em><\/strong><\/a><\/p>\n<p><a href=\"https:\/\/www.phys.uaic.ro\/wp-content\/uploads\/2025\/09\/afisat_anul-II.pdf\" target=\"_blank\" rel=\"noopener\"><strong><em>Grupe licenta anul II<\/em><\/strong><\/a><\/p>\n<p><a href=\"https:\/\/www.phys.uaic.ro\/wp-content\/uploads\/2025\/09\/afisat_anul-III.pdf\" target=\"_blank\" rel=\"noopener\"><strong><em>Grupe licenta anul III<\/em><\/strong><\/a><\/p>\n<p>&nbsp;<\/p>\n<p><a href=\"https:\/\/www.phys.uaic.ro\/wp-content\/uploads\/2025\/09\/afisat_anul-I_MASTER.pdf\" target=\"_blank\" rel=\"noopener\"><strong><em>Master <\/em><\/strong><strong><em>a<\/em><\/strong><strong><em>nul I<\/em><\/strong><\/a><\/p>\n<p><a href=\"https:\/\/www.phys.uaic.ro\/wp-content\/uploads\/2025\/09\/afisat_anul-II_MASTER.pdf\" target=\"_blank\" rel=\"noopener\"><em><strong>Master anul II<\/strong><\/em><\/a><\/p>\n<h3><a href=\"https:\/\/www.phys.uaic.ro\/wp-content\/uploads\/2025\/09\/Lista-Studenti-inscrisi-la-Cursuri-Optionale-2025-2026_Semestrul-1.pdf\" target=\"_blank\" rel=\"noopener\"><strong>CURSURI OP\u021aIONALE &#8211; <em>LICEN\u021a\u0102<\/em><\/strong><em>\u00a0<\/em><\/a><\/h3>\n<h3><a href=\"https:\/\/www.phys.uaic.ro\/wp-content\/uploads\/2025\/09\/2025-2026-lista-studenti-inscrisi-la-optionale-MASTER.pdf\" target=\"_blank\" rel=\"noopener\"><strong>CURSURI OP\u021aIONALE \u2013 <em><u>MASTER<\/u><\/em><\/strong><\/a><\/h3>\n<p>&nbsp;<\/p>\n<div class=\"colorbox\" style=\"background-color: #e6e6e6;\"><\/div>\n<p><strong><span style=\"font-size: 18pt;\">Semestrul al II-lea (2024-2025)<\/span><\/strong><\/p>\n<h3 style=\"text-align: center;\"><span style=\"color: #ff0000;\">Aten\u021bie!<\/span><br \/>\n<span style=\"color: #ff0000;\">\u00cen primele s\u0103pt\u0103m\u00e2ni vor fi efectuate modific\u0103ri frecvente la orar!!!<\/span><\/h3>\n<h3><strong>Orarul pentru licen\u021b\u0103 \u0219i master (to\u021bi anii Ia\u0219i)<\/strong><\/h3>\n<p><a href=\"https:\/\/www.phys.uaic.ro\/orar2024-2025_sem2\/\" target=\"_blank\" rel=\"noopener\">Grupa an II licenta Iasi &#8211; <strong>modificat<\/strong><\/a><\/p>\n<h3><strong>Orarul pentru Extensia B\u0103l\u021bi (<span style=\"color: #ff0000;\">\u00een curs de actualizare<\/span>)<\/strong><\/h3>\n<h4><strong>Licen\u021b\u0103 Fizic\u0103 tehnologic\u0103 Extensiunea B\u0103l\u021bi<\/strong><\/h4>\n<ul>\n<li><a href=\"https:\/\/www.phys.uaic.ro\/wp-content\/uploads\/2025\/02\/Orar_sem2_Balti_2024-2025_an1.pdf\" target=\"_blank\" rel=\"noopener\">Anul 1<\/a><\/li>\n<li><a href=\"https:\/\/www.phys.uaic.ro\/wp-content\/uploads\/2025\/02\/Orar_sem2_Balti_2024-2025_an2.pdf\" target=\"_blank\" rel=\"noopener\">Anul 2<\/a><\/li>\n<li><a href=\"https:\/\/www.phys.uaic.ro\/wp-content\/uploads\/2025\/02\/Orar_sem2_Balti_2024-2025_an3.pdf\" target=\"_blank\" rel=\"noopener\">Anul 3<\/a><\/li>\n<li><a href=\"https:\/\/www.phys.uaic.ro\/orar\/Orar_Fizica_groups_days_horizontal.html#table_51\" target=\"_blank\" rel=\"noopener\">Anul 4<\/a><\/li>\n<\/ul>\n<h4><strong>Master Extensiunea B\u0103l\u021bi<\/strong><\/h4>\n<ul>\n<li><a href=\"https:\/\/www.phys.uaic.ro\/wp-content\/uploads\/2025\/02\/Orar_sem2_Balti_2024-2025_M1.pdf\" target=\"_blank\" rel=\"noopener\">Master Anul 1<\/a><\/li>\n<li>Master Anul 2<\/li>\n<\/ul>\n<h3><strong>CURSURI OP\u021aIONALE \u2013\u00a0<\/strong><em><strong><u>LICEN<\/u><\/strong><strong><u>\u021a\u0102<\/u><\/strong>\u00a0<\/em><\/h3>\n<h3><strong>CURSURI OP\u021aIONALE \u2013 <em><u>MASTER<\/u><\/em><\/strong><\/h3>\n<div class=\"colorbox\" style=\"background-color: #e6e6e6;\"><\/div>\n<h1><span style=\"font-size: 14pt;\">Semestrul I (2024-2025)<\/span><\/h1>\n<p><span style=\"font-size: 12pt;\"><strong>Av\u00e2nd \u00een vedere ceremonia de<span style=\"color: #ff0000;\"> <i>Deschidere a anului universitar 2024-2025<\/i> <span style=\"color: #000000;\">din data de<\/span> 30 septembrie 2024<\/span> at\u00e2t la nivelul Universit\u0103\u021bii, c\u00e2t \u0219i \u00een cadrul facult\u0103\u021bii, Rectoratul Universit\u0103\u021bii a stabilit c\u0103 <span style=\"color: #ff0000;\">activit\u0103\u021bile didactice se vor derula \u00eencep\u00e2nd cu<\/span> <span style=\"color: #ff0000;\">ora 16.00.<\/span><\/strong><\/span><\/p>\n<p>&nbsp;<\/p>\n<h3><span style=\"font-size: 12pt;\"><strong>Licen\u021b\u0103 \u0219i master UAIC<\/strong><\/span><\/h3>\n<p><a href=\"https:\/\/www.phys.uaic.ro\/orar2024-2025_sem1\/\" target=\"_blank\" rel=\"noopener\"><strong>Orarul pentru licen\u021b\u0103 \u0219i master (to\u021bi anii Ia\u0219i)<\/strong><\/a><\/p>\n<h3><strong>Orarul pentru Extensia B\u0103l\u021bi (\u00een curs de actualizare)<\/strong><\/h3>\n<h4><strong>Licen\u021b\u0103 Fizic\u0103 tehnologic\u0103 Extensiunea B\u0103l\u021bi<\/strong><\/h4>\n<ul>\n<li><a href=\"https:\/\/www.phys.uaic.ro\/wp-content\/uploads\/2024\/09\/Orar_sem1_Balti_an1_2024-2025.pdf\" target=\"_blank\" rel=\"noopener\">Anul 1<\/a><\/li>\n<li><a href=\"https:\/\/www.phys.uaic.ro\/wp-content\/uploads\/2024\/09\/Orar_sem1_Balti_an2_2024-2025.pdf\" target=\"_blank\" rel=\"noopener\">Anul 2<\/a><\/li>\n<li><a href=\"https:\/\/www.phys.uaic.ro\/wp-content\/uploads\/2024\/09\/Orar_sem1_Balti_an3_2024-2025.pdf\" target=\"_blank\" rel=\"noopener\">Anul 3<\/a><\/li>\n<li><a href=\"https:\/\/www.phys.uaic.ro\/orar\/Orar_Fizica_years_days_horizontal.html#table_53\" target=\"_blank\" rel=\"noopener\">Anul 4<\/a><\/li>\n<\/ul>\n<h4><strong>Master Extensiunea B\u0103l\u021bi<\/strong><\/h4>\n<ul>\n<li><a href=\"https:\/\/www.phys.uaic.ro\/wp-content\/uploads\/2024\/09\/Orar_sem1_Balti_M1_2024-2025.pdf\" target=\"_blank\" rel=\"noopener\">Anul 1<\/a><\/li>\n<li><a href=\"https:\/\/www.phys.uaic.ro\/wp-content\/uploads\/2024\/09\/Orar_sem1_Balti_M2_2024-2025.pdf\" target=\"_blank\" rel=\"noopener\">Anul 2<\/a><\/li>\n<\/ul>\n<p>_____________________________________________________________________<\/p>\n<p><strong><em>Grupe licenta anul I<\/em><\/strong><\/p>\n<p><strong><em>Grupe licenta anul II<\/em><\/strong><\/p>\n<p><strong><em>Grupe licenta anul III<\/em><\/strong><\/p>\n<p>&nbsp;<\/p>\n<p><strong><em>Master <\/em><\/strong><strong><em>a<\/em><\/strong><strong><em>nul I<\/em><\/strong><\/p>\n<p><em><strong>Master anul II<\/strong><\/em><\/p>\n<h3><strong>CURSURI OP\u021aIONALE \u2013\u00a0<\/strong><em><strong><u>LICEN<\/u><\/strong><strong><u>\u021a\u0102<\/u><\/strong>\u00a0<\/em><\/h3>\n<h3><strong>CURSURI OP\u021aIONALE \u2013 <em><u>MASTER<\/u><\/em><\/strong><\/h3>\n<p><!--more--><\/p>\n<div class=\"colorbox\" style=\"background-color: #e6e6e6;\"><\/div>\n<div><\/div>\n<h3><span style=\"font-size: 14pt;\">Semestrul al II-lea (2023-2024)<\/span><\/h3>\n<p><strong>Licen\u021b\u0103 \u0219i master UAIC<\/strong><\/p>\n<p>Orarul pentru licen\u021b\u0103 \u0219i master (to\u021bi anii)<\/p>\n<p><strong>Licen\u021b\u0103 Fizic\u0103 tehnologic\u0103 Extensiunea B\u0103l\u021bi<\/strong><\/p>\n<ul>\n<li>Anul 1<\/li>\n<li>Anul 2<\/li>\n<li>Anul 3<\/li>\n<li>Anul 4<\/li>\n<\/ul>\n<p><strong>Master Extensiunea B\u0103l\u021bi<\/strong><\/p>\n<ul>\n<li>Anul 1<\/li>\n<\/ul>\n<p>&nbsp;<\/p>\n<h3><strong>CURSURI OP\u021aIONALE \u2013\u00a0<\/strong><em><strong><u>LICEN<\/u><\/strong><strong><u>\u021a\u0102<\/u><\/strong>\u00a0<\/em><\/h3>\n<div class=\"colorbox\" style=\"background-color: #e6e6e6;\"><\/div>\n<h3><span style=\"font-size: 14pt;\">Semestrul I (2023-2024)<\/span><\/h3>\n<p>Grupe licen\u021b\u0103 anul I<br \/>\nGrupe licenta anul II F+FM<br \/>\nGrupa\/semigrupe an II FI<br \/>\nGrupe licen\u021b\u0103 anul III<\/p>\n<p>Master anul I<br \/>\nMaster anul II<\/p>\n<h3 style=\"text-align: center;\"><\/h3>\n<p><strong>Licen\u021b\u0103 \u0219i master UAIC<\/strong><\/p>\n<p><a href=\"https:\/\/www.phys.uaic.ro\/orar\/\" target=\"_blank\" rel=\"noopener\">Orarul pentru licen\u021b\u0103 \u0219i master (to\u021bi anii)<\/a><\/p>\n<p><strong>Licen\u021b\u0103 Fizic\u0103 tehnologic\u0103 Extensiunea B\u0103l\u021bi<\/strong><\/p>\n<ul>\n<li><a href=\"https:\/\/www.phys.uaic.ro\/wp-content\/uploads\/2023\/09\/orar_FT1_Balti.pdf\" target=\"_blank\" rel=\"noopener\">Anul 1<\/a><\/li>\n<li><a href=\"https:\/\/www.phys.uaic.ro\/wp-content\/uploads\/2023\/09\/orar_FT2_Balti.pdf\" target=\"_blank\" rel=\"noopener\">Anul 2<\/a><\/li>\n<li><a href=\"https:\/\/www.phys.uaic.ro\/orar\/Orar_Fizica_groups_days_horizontal.html#table_29\" target=\"_blank\" rel=\"noopener\">Anul 3<\/a><\/li>\n<li><a href=\"https:\/\/www.phys.uaic.ro\/wp-content\/uploads\/2023\/09\/orar_FT4_Balti.pdf\" target=\"_blank\" rel=\"noopener\">Anul 4<\/a><\/li>\n<\/ul>\n<p><strong>Master Extensiunea B\u0103l\u021bi<\/strong><\/p>\n<ul>\n<li><a href=\"https:\/\/www.phys.uaic.ro\/wp-content\/uploads\/2023\/10\/orar_FATIC1_Balti.pdf\" target=\"_blank\" rel=\"noopener\">Anul 1<\/a><\/li>\n<li><a href=\"https:\/\/www.phys.uaic.ro\/wp-content\/uploads\/2023\/09\/orar_FATIC2_Balti.pdf\" target=\"_blank\" rel=\"noopener\">Anul 2<\/a><\/li>\n<\/ul>\n<p>&nbsp;<\/p>\n<p><strong>CURSURI OP\u021aIONALE \u2013\u00a0<\/strong><em><strong><u>LICEN<\/u><\/strong><strong><u>\u021a\u0102<\/u><\/strong>\u00a0<\/em><\/p>\n<p><strong>CURSURI OP\u021aIONALE \u2013 <\/strong><em><strong><u>MASTER<\/u><\/strong>\u00a0<\/em><\/p>\n<div class=\"colorbox\" style=\"background-color: #e6e6e6;\"><\/div>\n<div><\/div>\n<h2><span style=\"font-size: 14pt;\">Semestrul al II-lea (2022-2023)<\/span><\/h2>\n<p><strong>Licen\u021b\u0103 \u0219i master UAIC<\/strong><\/p>\n<p><a href=\"https:\/\/www.phys.uaic.ro\/orar2022-2023_sem2\/\" target=\"_blank\" rel=\"noopener\">Orarul pentru licen\u021b\u0103 \u0219i master (to\u021bi anii)<\/a><\/p>\n<p><strong>Licen\u021b\u0103 Fizic\u0103 tehnologic\u0103 Extensiunea B\u0103l\u021bi<\/strong><\/p>\n<ul>\n<li><a href=\"https:\/\/www.phys.uaic.ro\/wp-content\/uploads\/2023\/02\/Orar_sem2_FT1_Balti_2023.pdf\" target=\"_blank\" rel=\"noopener\">Anul 1<\/a><\/li>\n<li><a href=\"https:\/\/www.phys.uaic.ro\/orar\/Orar_Fizica_subgroups_days_horizontal.html#table_14\" target=\"_blank\" rel=\"noopener\">Anul 2<\/a><\/li>\n<li><a href=\"https:\/\/www.phys.uaic.ro\/wp-content\/uploads\/2023\/02\/Orar_sem2_anul3_FT_Balti_2023.pdf\" target=\"_blank\" rel=\"noopener\">Anul 3<\/a><\/li>\n<li><a href=\"https:\/\/www.phys.uaic.ro\/wp-content\/uploads\/2023\/02\/Orar_sem2_FT_Balti_2023_anul4.pdf\" target=\"_blank\" rel=\"noopener\">Anul 4<\/a><\/li>\n<\/ul>\n<p><strong>Master Extensiunea B\u0103l\u021bi<\/strong><\/p>\n<ul>\n<li><a href=\"https:\/\/www.phys.uaic.ro\/wp-content\/uploads\/2023\/02\/Orar_sem2_master1_FATIC_Balti_2023.pdf\" target=\"_blank\" rel=\"noopener\">Anul 1<\/a><\/li>\n<li>Anul 2<\/li>\n<\/ul>\n<p>&nbsp;<\/p>\n<h2>Semestrul I (2022-2023)<\/h2>\n<p><a href=\"https:\/\/www.phys.uaic.ro\/orar2022-2023_sem1\/\" target=\"_blank\" rel=\"noopener\">Orarul pentru licen\u021b\u0103 \u0219i master<\/a><\/p>\n<p><strong>Licen\u021b\u0103 Fizic\u0103 tehnologic\u0103 Extensiunea B\u0103l\u021bi<\/strong><\/p>\n<ul>\n<li><a href=\"https:\/\/www.phys.uaic.ro\/wp-content\/uploads\/2022\/09\/Orar_sem1_FT1_Balti_2022.pdf\" target=\"_blank\" rel=\"noopener\">Anul 1<\/a><\/li>\n<li><a href=\"https:\/\/www.phys.uaic.ro\/orar\/Orar_Fizica_subgroups_days_horizontal.html#table_14\" target=\"_blank\" rel=\"noopener\">Anul 2<\/a><\/li>\n<li><a href=\"https:\/\/www.phys.uaic.ro\/wp-content\/uploads\/2022\/09\/Orar_sem1_FT3_Balti_2022.pdf\" target=\"_blank\" rel=\"noopener\">Anul 3<\/a><\/li>\n<li><a href=\"https:\/\/www.phys.uaic.ro\/wp-content\/uploads\/2022\/09\/Orar_sem1_FT4_Balti_2022.pdf\" target=\"_blank\" rel=\"noopener\">Anul 4<\/a><\/li>\n<\/ul>\n<p><strong>Master Extensiunea B\u0103l\u021bi<\/strong><\/p>\n<ul>\n<li><a href=\"https:\/\/www.phys.uaic.ro\/wp-content\/uploads\/2022\/09\/Orar_sem1_M1_Balti_2022.pdf\" target=\"_blank\" rel=\"noopener\">Anul 1<\/a><\/li>\n<li><a href=\"https:\/\/www.phys.uaic.ro\/wp-content\/uploads\/2022\/09\/Orar_sem1_M2_Balti_2022.pdf\" target=\"_blank\" rel=\"noopener\">Anul 2<\/a><\/li>\n<\/ul>\n<p><em><span style=\"color: #ff0000;\"><strong>an I licenta Iasi semigrupe<\/strong><\/span><\/em><\/p>\n<p>&nbsp;<\/p>\n<p><span style=\"color: #000000;\"><strong>CURSURI OP\u021aIONALE:<\/strong><\/span><\/p>\n<p><span style=\"color: #0000ff;\"><strong><u>LICEN<\/u><\/strong><strong><u>\u021a\u0102<\/u><\/strong><\/span><\/p>\n<p><strong><u>Anul III, specializ\u0103rile: Fizica + Fizica Informatica<\/u><\/strong><br \/>\n&#8211; Astrofizic\u0103 \u0219i cosmologie<br \/>\n&#8211; Etic\u0103 \u0219i integritate academic\u0103<\/p>\n<p><strong><u>Anul III, Specializarea Fizica Medicala<\/u><\/strong><br \/>\n&#8211; Radiobiologie<br \/>\n&#8211; Etic\u0103 \u0219i integritate academic\u0103<\/p>\n<p>&nbsp;<\/p>\n<p><span style=\"color: #0000ff;\"><strong><u>MASTER:<\/u><\/strong><\/span><\/p>\n<p><strong><u>Fizica pentru tehnologii avansate (\u00een lb. englez\u0103)<\/u><\/strong><br \/>\n&#8211; Nanoelectronic\u0103<br \/>\n&#8211; Proiectarea algoritmilor<\/p>\n<p><strong><u>Metode fizice aplicate \u00een kinetoterapie \u0219i recuperare medical\u0103<\/u><\/strong><br \/>\n&#8211; Aplicatii ale fizicii in recuperarea gerontologica<br \/>\n&#8211; Tehnici moderne pt recuperarea medicala<\/p>\n<p><strong><u>Fizic\u0103 medical\u0103 aplicat\u0103<\/u><\/strong><br \/>\n&#8211; Fizica Radioterapiei. Tehnici de iradiere<\/p>\n<p><strong><u>Optic\u0103 \u0219i Optometrie<\/u><\/strong><br \/>\n&#8211; Managementul si procesarea datelor de imagistica<br \/>\n&#8211; Metode optice pentru studiul suprafetelor si straturilor subtiri.<\/p>\n<p>&nbsp;<\/p>\n<div class=\"colorbox\" style=\"background-color: #e6e6e6;\"><\/div>\n<h3>Semestrul al II-lea (2021-2022)<\/h3>\n<ul>\n<li style=\"list-style-type: none;\">\n<ul>\n<li style=\"list-style-type: none;\">\n<ul>\n<li><a href=\"http:\/\/www.phys.uaic.ro\/wp\/studenti\/orar\/sem2\/index.html\">Orarul pentru licen\u021b\u0103 \u0219i master \u2013 semestrul II<\/a>\u00a0<span style=\"color: #ff0000;\">(modificat 15.04.2022, 14:10)<\/span><\/li>\n<li><a href=\"https:\/\/www.phys.uaic.ro\/index.php\/extensiunea-balti\/orar-balti\/\" target=\"_blank\" rel=\"noopener\">Extensiunea B\u0103l\u021bi, Orarul pentru licen\u021b\u0103 \u0219i master &#8211; semestrul II<\/a> \u00a0<strong><span style=\"color: #ff0000;\">(modificat 02.05.2022, 13:30, a fost publicat noul orar valabil pentru luna urm\u0103toare \u00eencep\u00e2nd cu 3 mai 2022)<\/span><\/strong><\/li>\n<\/ul>\n<\/li>\n<\/ul>\n<\/li>\n<\/ul>\n<h3>Liste \u00eenscriere studen\u021bi cursuri op\u021bionale semestrul al II-lea (2021-2022)<\/h3>\n<ul style=\"list-style-type: disc;\">\n<li><span style=\"color: #3366ff;\">Cursuri optionale &#8211; licen\u021b\u0103 Ia\u0219i, anii II, III si IV<\/span><\/li>\n<li><span style=\"color: #3366ff;\">Cursuri optionale &#8211; licen\u021b\u0103 Balti<\/span><\/li>\n<li><span style=\"color: #3366ff;\">Cursuri optionale &#8211; master B\u0103l\u021bi<\/span><\/li>\n<\/ul>\n<h3><\/h3>\n<div class=\"colorbox\" style=\"background-color: #e6e6e6;\">\n<p>&#8222;Studen\u021bii\/Cursan\u021bii care fac parte dintr-un grup cu risc (de exemplu, boli respiratorii cronice severe, obezitate sever\u0103, diabet zaharat tip I, boli inflamatorii, imune\/autoimune, boli rare, boli ereditare de metabolism, dizabilit\u0103\u021bi, tratament imunosupresiv) vor reveni la activit\u0103\u021bile didactice pentru realizarea c\u0103rora se impune prezen\u021ba fizic\u0103 a studen\u021bilor\/ cursan\u021bilor \u00een institu\u021biile de \u00eenv\u0103\u021b\u0103m\u00e2nt superior cu avizul \u0219i recomand\u0103rile specifice ale medicului curant. Pentru ace\u0219tia, reprezentan\u021bii institu\u021biilor de \u00eenv\u0103\u021b\u0103m\u00e2nt superior vor identifica, dup\u0103 caz, solu\u021bii pentru asigurarea procesului educa\u021bional online\/prin intermediul tehnologiei \u0219i al internetului sau \u00een condi\u021bii de siguran\u021b\u0103 sporite.&#8221;<\/p>\n<p>Extras din ORDINUL nr. 5.487\/1.494\/2020pentru aprobarea m\u0103surilor de organizare a activit\u0103\u021bii \u00een cadrul unit\u0103\u021bilor\/institu\u021biilor de \u00eenv\u0103\u021b\u0103m\u00e2nt \u00een condi\u021bii de siguran\u021b\u0103 epidemiologic\u0103 pentru prevenirea \u00eemboln\u0103virilor cu virusul SARS-CoV-2<\/p>\n<p>(link <a href=\"http:\/\/www.phys.uaic.ro\/wp\/studenti\/orar-studenti\/orar-fizica-sem-i\/ordin-5487-august-2020.pdf\">ORDIN nr. 5487 din 31 august 2020<\/a>)<\/p>\n<\/div>\n<p><!-- --------------------------------------------------- --><\/p>\n<h3><\/h3>\n<h3>Semestrul I (2021-2022)<\/h3>\n<ul>\n<li style=\"list-style-type: none;\">\n<ul>\n<li style=\"list-style-type: none;\">\n<ul>\n<li><a href=\"http:\/\/www.phys.uaic.ro\/wp\/studenti\/orar\/sem1\/index.html\">Orarul pentru licen\u021b\u0103 \u0219i master \u2013 semestrul I<\/a>\u00a0<span style=\"color: #ff0000;\">(modificat 19.11.2021 18:00)<\/span><\/li>\n<\/ul>\n<\/li>\n<\/ul>\n<p><b>\u00cen perioada <span style=\"color: red;\">25 octombrie 2021- 05 noiembrie 2021<\/span> activit\u0103\u021bile didactice se vor desf\u0103\u0219ura <span style=\"color: red;\">exclusiv \u00een mediul online<\/span>. Studen\u021bii vor primi, prin email, detalii cu privire la organizarea activit\u0103\u021bilor (curs, seminar \/ laborator), pentru fiecare disciplin\u0103.<\/b><\/p>\n<ul>\n<li><a href=\"https:\/\/www.phys.uaic.ro\/index.php\/extensiunea-balti\/orar-balti\/\">Extensiunea B\u0103l\u021bi, Orarul pentru licen\u021b\u0103 \u0219i master &#8211; semestrul I\u00a0<\/a> <span style=\"color: #ff0000;\">(modificat 19.11.2021 18:00)<\/span><\/li>\n<\/ul>\n<\/li>\n<\/ul>\n<p><!--\n \t\n\n<li><a href=\"http:\/\/www.phys.uaic.ro\/wp\/studenti\/orar-studenti\/orar-educatie-fizica-sport-sem-i.pdf\">Orarul Facultatii de Fizic\u0103 pentru disciplina Educa\u021bie Fizic\u0103 \u0219i Sport semestrul I<\/a> <img decoding=\"async\" style=\"vertical-align: top; width: 20px; height: 20px;\" src=\"http:\/\/www.phys.uaic.ro\/wp\/imagini\/pdf-icon.png\" alt=\"pdf\" \/><\/li>\n\n\n--><\/p>\n<p><!--\n\n\n<ul>\n \t\n\n<li style=\"text-align: left\"><a href=\"http:\/\/www.phys.uaic.ro\/wp\/studenti\/orar-studenti\/orar-sem-ii-balti.pdf\">ORAR \u2013 semestrul al II-lea<\/a> <img decoding=\"async\" style=\"vertical-align: top;width:20px;height:20px;\" src=\"http:\/\/www.phys.uaic.ro\/wp\/imagini\/pdf-icon.png\" alt=\"pdf\" \/>\n(Extensiunea Univ. Al. I. Cuza din Ia\u015fi la Univ. Alecu Russo din B\u0103l\u0163i)<\/li>\n\n\n<\/ul>\n\n\n--><\/p>\n","protected":false},"excerpt":{"rendered":"<p>Semestrul al II-lea (2025-2026) NOU!!! Orarul pentru licen\u021b\u0103 \u0219i master (to\u021bi anii Ia\u0219i \u0219i B\u0103l\u021bi) Orarul pentru licen\u021b\u0103 \u0219i master (to\u021bi anii Ia\u0219i) (\u00een curs de actualizare) Orarul pentru Extensia B\u0103l\u021bi (\u00een curs de actualizare) Licen\u021b\u0103 Fizic\u0103 tehnologic\u0103 Extensiunea B\u0103l\u021bi Anul 1 Anul 2 Anul 3 Anul 4 Master Extensiunea B\u0103l\u021bi Anul 1 Anul 2 &nbsp; CURSURI OP\u021aIONALE\u2026 <span class=\"read-more\"><a href=\"https:\/\/www.phys.uaic.ro\/index.php\/studenti\/orar-studenti\/\">Read More &raquo;<\/a><\/span><\/p>\n","protected":false},"author":3,"featured_media":0,"parent":31,"menu_order":0,"comment_status":"closed","ping_status":"closed","template":"","meta":{"footnotes":""},"class_list":["post-190","page","type-page","status-publish","hentry"],"_links":{"self":[{"href":"https:\/\/www.phys.uaic.ro\/index.php\/wp-json\/wp\/v2\/pages\/190","targetHints":{"allow":["GET"]}}],"collection":[{"href":"https:\/\/www.phys.uaic.ro\/index.php\/wp-json\/wp\/v2\/pages"}],"about":[{"href":"https:\/\/www.phys.uaic.ro\/index.php\/wp-json\/wp\/v2\/types\/page"}],"author":[{"embeddable":true,"href":"https:\/\/www.phys.uaic.ro\/index.php\/wp-json\/wp\/v2\/users\/3"}],"replies":[{"embeddable":true,"href":"https:\/\/www.phys.uaic.ro\/index.php\/wp-json\/wp\/v2\/comments?post=190"}],"version-history":[{"count":8,"href":"https:\/\/www.phys.uaic.ro\/index.php\/wp-json\/wp\/v2\/pages\/190\/revisions"}],"predecessor-version":[{"id":26462,"href":"https:\/\/www.phys.uaic.ro\/index.php\/wp-json\/wp\/v2\/pages\/190\/revisions\/26462"}],"up":[{"embeddable":true,"href":"https:\/\/www.phys.uaic.ro\/index.php\/wp-json\/wp\/v2\/pages\/31"}],"wp:attachment":[{"href":"https:\/\/www.phys.uaic.ro\/index.php\/wp-json\/wp\/v2\/media?parent=190"}],"curies":[{"name":"wp","href":"https:\/\/api.w.org\/{rel}","templated":true}]}}