{"id":19150,"date":"2023-04-12T09:49:37","date_gmt":"2023-04-12T06:49:37","guid":{"rendered":"https:\/\/www.phys.uaic.ro\/?page_id=19150"},"modified":"2023-04-17T22:45:30","modified_gmt":"2023-04-17T19:45:30","slug":"anunt-privind-sustinerea-raportului-de-cercetare-a-drd-dulgheriu-cas-pavel-cristina-maria-pe-28-04-2023","status":"publish","type":"page","link":"https:\/\/www.phys.uaic.ro\/index.php\/anunt-privind-sustinerea-raportului-de-cercetare-a-drd-dulgheriu-cas-pavel-cristina-maria-pe-28-04-2023\/","title":{"rendered":"Anun\u021b privind sus\u021binerea raportului de cercetare a drd. DULGHERIU (c\u0103s. Pavel) Cristina-Maria pe 28.04.2023"},"content":{"rendered":"<p>La data de <strong>28.04.2023<\/strong>, \u00eencep\u00e2nd cu ora <strong>12:00<\/strong>, \u00een <strong>Laboratorul de autoorganizare <\/strong>va avea loc sus\u021binerea public\u0103 a raportului de cercetare cu titlul <em><strong>&#8222;Estimarea interac\u021biunilor intermoleculare \u0219i determinarea unor parametri microscopici ai unor molecule \u00een solu\u021bii binare \u0219i ternare&#8221;, <\/strong><\/em>prezentat de studenta-doctorand\u0103 <strong>DULGHERIU (c\u0103s. Pavel) Cristina-Maria,<\/strong> sub \u00eendrumarea <strong>prof. univ. dr. habil. Dan-Gheorghe DIMITRIU<\/strong>.<\/p>\n","protected":false},"excerpt":{"rendered":"<p>La data de 28.04.2023, \u00eencep\u00e2nd cu ora 12:00, \u00een Laboratorul de autoorganizare va avea loc sus\u021binerea public\u0103 a raportului de cercetare cu titlul &#8222;Estimarea interac\u021biunilor intermoleculare \u0219i determinarea unor parametri microscopici ai unor molecule \u00een solu\u021bii binare \u0219i ternare&#8221;, prezentat de studenta-doctorand\u0103 DULGHERIU (c\u0103s. Pavel) Cristina-Maria, sub \u00eendrumarea prof. univ. dr. habil. Dan-Gheorghe DIMITRIU.<\/p>\n","protected":false},"author":4,"featured_media":0,"parent":0,"menu_order":0,"comment_status":"closed","ping_status":"closed","template":"","meta":{"footnotes":""},"class_list":["post-19150","page","type-page","status-publish","hentry"],"_links":{"self":[{"href":"https:\/\/www.phys.uaic.ro\/index.php\/wp-json\/wp\/v2\/pages\/19150","targetHints":{"allow":["GET"]}}],"collection":[{"href":"https:\/\/www.phys.uaic.ro\/index.php\/wp-json\/wp\/v2\/pages"}],"about":[{"href":"https:\/\/www.phys.uaic.ro\/index.php\/wp-json\/wp\/v2\/types\/page"}],"author":[{"embeddable":true,"href":"https:\/\/www.phys.uaic.ro\/index.php\/wp-json\/wp\/v2\/users\/4"}],"replies":[{"embeddable":true,"href":"https:\/\/www.phys.uaic.ro\/index.php\/wp-json\/wp\/v2\/comments?post=19150"}],"version-history":[{"count":0,"href":"https:\/\/www.phys.uaic.ro\/index.php\/wp-json\/wp\/v2\/pages\/19150\/revisions"}],"wp:attachment":[{"href":"https:\/\/www.phys.uaic.ro\/index.php\/wp-json\/wp\/v2\/media?parent=19150"}],"curies":[{"name":"wp","href":"https:\/\/api.w.org\/{rel}","templated":true}]}}