{"id":19209,"date":"2023-04-27T09:58:26","date_gmt":"2023-04-27T06:58:26","guid":{"rendered":"https:\/\/www.phys.uaic.ro\/?page_id=19209"},"modified":"2023-04-27T09:58:26","modified_gmt":"2023-04-27T06:58:26","slug":"sustinere-raport-cercetare-andrei-hrib","status":"publish","type":"page","link":"https:\/\/www.phys.uaic.ro\/index.php\/sustinere-raport-cercetare-andrei-hrib\/","title":{"rendered":"Sus\u021binere raport cercetare Andrei Hrib"},"content":{"rendered":"<p>La data de <strong>26 aprilie 2022<\/strong>, \u00eencep\u00e2nd cu <strong>ora 14<\/strong> \u00een <strong>Laboratorul de Fizica solidului<\/strong>, va avea loc sus\u021binerea raportului de cercetare cu titlul <strong>\u201eNanomaterial \u0219i nanocompozite noi. Rezultate experimentale<\/strong>\u201d, prezentat de studentul doctorand Andrei HRIB, sub \u00eendrumarea prof.univ.dr. Felicia IACOMI.<\/p>\n","protected":false},"excerpt":{"rendered":"<p>La data de 26 aprilie 2022, \u00eencep\u00e2nd cu ora 14 \u00een Laboratorul de Fizica solidului, va avea loc sus\u021binerea raportului de cercetare cu titlul \u201eNanomaterial \u0219i nanocompozite noi. Rezultate experimentale\u201d, prezentat de studentul doctorand Andrei HRIB, sub \u00eendrumarea prof.univ.dr. Felicia IACOMI.<\/p>\n","protected":false},"author":3,"featured_media":0,"parent":0,"menu_order":0,"comment_status":"closed","ping_status":"closed","template":"","meta":{"footnotes":""},"class_list":["post-19209","page","type-page","status-publish","hentry"],"_links":{"self":[{"href":"https:\/\/www.phys.uaic.ro\/index.php\/wp-json\/wp\/v2\/pages\/19209","targetHints":{"allow":["GET"]}}],"collection":[{"href":"https:\/\/www.phys.uaic.ro\/index.php\/wp-json\/wp\/v2\/pages"}],"about":[{"href":"https:\/\/www.phys.uaic.ro\/index.php\/wp-json\/wp\/v2\/types\/page"}],"author":[{"embeddable":true,"href":"https:\/\/www.phys.uaic.ro\/index.php\/wp-json\/wp\/v2\/users\/3"}],"replies":[{"embeddable":true,"href":"https:\/\/www.phys.uaic.ro\/index.php\/wp-json\/wp\/v2\/comments?post=19209"}],"version-history":[{"count":0,"href":"https:\/\/www.phys.uaic.ro\/index.php\/wp-json\/wp\/v2\/pages\/19209\/revisions"}],"wp:attachment":[{"href":"https:\/\/www.phys.uaic.ro\/index.php\/wp-json\/wp\/v2\/media?parent=19209"}],"curies":[{"name":"wp","href":"https:\/\/api.w.org\/{rel}","templated":true}]}}