{"id":19261,"date":"2023-05-12T11:05:46","date_gmt":"2023-05-12T08:05:46","guid":{"rendered":"https:\/\/www.phys.uaic.ro\/?page_id=19261"},"modified":"2023-05-12T11:05:46","modified_gmt":"2023-05-12T08:05:46","slug":"anunt-privind-sustinerea-raportului-de-cercetare-a-drd-cocean-georgiana-pe-14-06-2023","status":"publish","type":"page","link":"https:\/\/www.phys.uaic.ro\/index.php\/anunt-privind-sustinerea-raportului-de-cercetare-a-drd-cocean-georgiana-pe-14-06-2023\/","title":{"rendered":"Anun\u021b privind sustinerea raportului de cercetare a drd. COCEAN Georgiana pe 14.06.2023"},"content":{"rendered":"<p>La data de <strong>14 i<\/strong><strong>unie 2023<\/strong>, \u00eencep\u00e2nd cu ora <strong>1<\/strong><strong>6<\/strong><strong><sup>0<\/sup><\/strong><strong><sup>0<\/sup><\/strong> \u00een <strong>laboratorul de Spectroscopie (LOASL)<\/strong> va avea loc sus\u021binerea raportului de cercetare cu titlul <strong><em>\u201d<\/em><\/strong><strong><em>IR spectroscopy. Instruments and investigation techniques \/ Spectroscopia in infrarosu Instrumente si tehnici de investigare<\/em><\/strong><strong><em>\u201d<\/em><\/strong>, prezentat de <strong>studenta-doctorand<\/strong><strong>\u0103<\/strong><strong> GEORGIANA COCEAN<\/strong>, sub \u00eendrumarea <strong>prof. univ. dr. habil. SILVIU GURLUI<\/strong>.<\/p>\n","protected":false},"excerpt":{"rendered":"<p>La data de 14 iunie 2023, \u00eencep\u00e2nd cu ora 1600 \u00een laboratorul de Spectroscopie (LOASL) va avea loc sus\u021binerea raportului de cercetare cu titlul \u201dIR spectroscopy. Instruments and investigation techniques \/ Spectroscopia in infrarosu Instrumente si tehnici de investigare\u201d, prezentat de studenta-doctorand\u0103 GEORGIANA COCEAN, sub \u00eendrumarea prof. univ. dr. habil. SILVIU GURLUI.<\/p>\n","protected":false},"author":3,"featured_media":0,"parent":0,"menu_order":0,"comment_status":"closed","ping_status":"closed","template":"","meta":{"footnotes":""},"class_list":["post-19261","page","type-page","status-publish","hentry"],"_links":{"self":[{"href":"https:\/\/www.phys.uaic.ro\/index.php\/wp-json\/wp\/v2\/pages\/19261","targetHints":{"allow":["GET"]}}],"collection":[{"href":"https:\/\/www.phys.uaic.ro\/index.php\/wp-json\/wp\/v2\/pages"}],"about":[{"href":"https:\/\/www.phys.uaic.ro\/index.php\/wp-json\/wp\/v2\/types\/page"}],"author":[{"embeddable":true,"href":"https:\/\/www.phys.uaic.ro\/index.php\/wp-json\/wp\/v2\/users\/3"}],"replies":[{"embeddable":true,"href":"https:\/\/www.phys.uaic.ro\/index.php\/wp-json\/wp\/v2\/comments?post=19261"}],"version-history":[{"count":0,"href":"https:\/\/www.phys.uaic.ro\/index.php\/wp-json\/wp\/v2\/pages\/19261\/revisions"}],"wp:attachment":[{"href":"https:\/\/www.phys.uaic.ro\/index.php\/wp-json\/wp\/v2\/media?parent=19261"}],"curies":[{"name":"wp","href":"https:\/\/api.w.org\/{rel}","templated":true}]}}