{"id":19332,"date":"2023-05-18T11:46:48","date_gmt":"2023-05-18T08:46:48","guid":{"rendered":"https:\/\/www.phys.uaic.ro\/?page_id=19332"},"modified":"2023-07-05T16:09:28","modified_gmt":"2023-07-05T13:09:28","slug":"examenul-de-licenta-diploma-sesiunea-iunie-iulie-2023","status":"publish","type":"page","link":"https:\/\/www.phys.uaic.ro\/index.php\/examenul-de-licenta-diploma-sesiunea-iunie-iulie-2023\/","title":{"rendered":"Examenul de licen\u021b\u0103\/diplom\u0103 \u2013 Sesiunea iulie 2023"},"content":{"rendered":"<header><span style=\"color: #0000ff;\"><em><span style=\"font-size: 14pt;\"><strong><a style=\"color: #0000ff;\" href=\"https:\/\/www.phys.uaic.ro\/wp-content\/uploads\/2022\/03\/Tematici_licenta.pdf\">Tematica pentru examenul de licen\u021b\u0103\/diplom\u0103 &#8211; sesiunea iulie 2023<\/a><\/strong><\/span><\/em><\/span><\/header>\n<header><\/header>\n<header class=\"entry-header\"><span style=\"color: #0000ff;\"><a style=\"color: #0000ff;\" href=\"https:\/\/www.phys.uaic.ro\/wp-content\/uploads\/2022\/06\/Subiecte-licenta-2022_V1.pdf\"><span style=\"font-size: 14pt;\"><strong><em>Subiecte Licenta 2023<\/em><\/strong><\/span><\/a><\/span><\/p>\n<h3><strong><span style=\"font-size: 18pt; color: #ff0000;\">Adeverin\u021bele de licen\u021b\u0103 se vor elibera \u00eencep\u00e2nd de joi, 06.07.2023. <\/span><\/strong><\/h3>\n<h3><span style=\"color: #333399;\"><strong><span style=\"font-size: 14pt;\"><a style=\"color: #333399;\" href=\"https:\/\/www.phys.uaic.ro\/wp-content\/uploads\/2023\/07\/RezultateFM_FT2023.pdf\" target=\"_blank\" rel=\"noopener\">Rezultate examen de licen\u021b\u0103 Fizic\u0103 Medical\u0103 \u0219i Fizic\u0103 Tehnologic\u0103 (afi\u0219at 3 iulie 2023 ora 18:00)<\/a><\/span><\/strong><\/span><\/h3>\n<h3><a href=\"https:\/\/www.phys.uaic.ro\/wp-content\/uploads\/2023\/07\/Catalog-licenta-iulie-2023_FFI-1.pdf\"><strong><span style=\"color: #333399;\">Rezultate examen de licen\u021b\u0103 Fizic\u0103 \u0219i Fizic\u0103 Informatic\u0103 (afi\u0219at 3 iulie 2023 ora 19:30)<\/span><\/strong><\/a><\/h3>\n<h3><a href=\"https:\/\/www.phys.uaic.ro\/wp-content\/uploads\/2023\/07\/Programare-comisia-1-FFI.pdf\" target=\"_blank\" rel=\"noopener\">Programarea candida\u0163ilor de la specializ\u0103rile Fizic\u0103 \u015fi Fizic\u0103 informatic\u0103 (3 iulie 2023) &#8211; Lab. Electricitate (demisol)<\/a><\/h3>\n<h3><a href=\"https:\/\/www.phys.uaic.ro\/wp-content\/uploads\/2023\/06\/Programare-licenta-2023-FMFT.pdf\" target=\"_blank\" rel=\"noopener\"><strong>Programarea candida\u021bilor de la specializ\u0103rile Fizic\u0103 medical\u0103 \u0219i Fizic\u0103 tehnologic\u0103 (3 iulie 2023) \u2013 Lab. Re\u021bele (etaj 1)<\/strong><\/a><\/h3>\n<h3><a href=\"https:\/\/www.phys.uaic.ro\/wp-content\/uploads\/2023\/07\/lista-inscrisi-licenta-_1-iulie-2023.pdf\" target=\"_blank\" rel=\"noopener\"><span style=\"color: #ff0000;\">Lista absolven\u021bilor care au dreptul s\u0103 se prezinte la sus\u021binerea examenului de LICEN\u021a\u0102 \u00een sesiunea iulie 2023<\/span><\/a><\/h3>\n<h1><b>Perioada de \u00eenscriere la examenul de licen\u0163\u0103\/diplom\u0103:<\/b><\/h1>\n<\/header>\n<div class=\"entry-content\">\n<ul>\n<li><strong>12-20 iunie 2023<\/strong>, online<\/li>\n<\/ul>\n<h3><b>Sus\u0163inerea examenului de licen\u0163\u0103\/diplom\u0103 (doar cei care au dob\u00e2ndit calitatea de absolvent):<\/b><\/h3>\n<ul>\n<li><strong>3 iulie 2023<\/strong><\/li>\n<\/ul>\n<h3><\/h3>\n<h3><b>Pa\u0219i de parcurs<\/b> pentru \u00eenscrierea la examenul de licen\u021b\u0103:<\/h3>\n<ul>\n<li>etapa 1:<br \/>\n\u00een perioada 12-20 iunie 2023, candidatul va trimite urm\u0103toarele documente (\u00eentr-un singur mesaj) la adresa de e-mail <span style=\"color: #ff0000;\">luca@uaic.ro<\/span>:<\/p>\n<ol>\n<li>cererea de \u00eenscriere semnat\u0103 cu albastru \u0219i scanat\u0103;<\/li>\n<li>certificat de na\u0219tere scanat;<\/li>\n<li>carte de identitate scanat\u0103;<\/li>\n<li>declara\u021bia coordonatorului lucr\u0103rii de licen\u021b\u0103 care atest\u0103 faptul c\u0103 lucrarea este \u00een analiz\u0103 \u0219i va fi predat\u0103 \u00eenainte de \u00eenceperea examenului (format liber);<\/li>\n<li>chitan\u0163a de plat\u0103 a taxei (200 lei) \u00een cazul repet\u0103rii examenului.<\/li>\n<\/ol>\n<\/li>\n<li>etapa 2:<br \/>\ncoordonatorul trimite dou\u0103 documente pe adresa secretarului de comisie, cu cel pu\u021bin dou\u0103 zile \u00eenainte de data programat\u0103 pentru sus\u021binere, folosind fisiere.uaic.ro:<\/p>\n<ol>\n<li style=\"list-style-type: none;\">\n<ol>\n<li>referatul de apreciere (care con\u021bine \u0219i informa\u021bii asupra procentului de similitudini, din platforma Turnitin);<\/li>\n<li>lucrarea de licen\u021b\u0103\/diplom\u0103 care con\u021bine \u0219i <em><a href=\"https:\/\/www.phys.uaic.ro\/wp-content\/uploads\/2022\/05\/2022-Declaratie-autenticitate_licenta_diploma.pdf\" target=\"_blank\" rel=\"noopener\">declara\u021bia privind autenticitatea semnat\u0103 de <strong>candidat si coordonator<\/strong>,<\/a><\/em> \u00een format <b>pdf<\/b> .<\/li>\n<\/ol>\n<\/li>\n<\/ol>\n<p>&nbsp;<\/li>\n<\/ul>\n<h3>Formulare licen\u021b\u0103<\/h3>\n<ul>\n<li style=\"list-style-type: none;\">\n<ul>\n<li><a href=\"https:\/\/www.phys.uaic.ro\/wp-content\/uploads\/2023\/05\/cerere_inscriere_licenta_iulie-2023.pdf\" target=\"_blank\" rel=\"noopener\"><em>Cerere pentru \u00eenscrierea la examenul de licen\u0163\u0103 sesiunea iunie-iulie 2023<\/em><\/a><\/li>\n<li><a href=\"https:\/\/www.phys.uaic.ro\/wp-content\/uploads\/2023\/05\/2023_iunie-cerere_inscriere_diploma_BALTI.pdf\" target=\"_blank\" rel=\"noopener\"><em>Cerere pentru \u00eenscrierea la examenul de diplom\u0103 sesiunea iunie-iulie 2023 (Extensiunea B\u0103l\u021bi)<\/em><\/a><\/li>\n<\/ul>\n<\/li>\n<\/ul>\n<h3><\/h3>\n<h3><a href=\"https:\/\/www.phys.uaic.ro\/wp-content\/uploads\/2023\/05\/SS_Reg-finalizare-studii_2023_final_aprobat-Senat-febr2023.pdf\" target=\"_blank\" rel=\"noopener\"><b><span style=\"color: #ff0000;\"><em>Regulament privind organizarea \u0219i desf\u0103\u0219urarea Examenelor de Licen\u021b\u0103\/Diplom\u0103, Diserta\u021bie \u0219i Absolvire (Sesiunile: Iunie-Iulie 2023, Septembrie 2023 \u0219i Februarie 2024)<\/em><\/span><\/b><\/a><\/h3>\n<\/div>\n","protected":false},"excerpt":{"rendered":"<p>Tematica pentru examenul de licen\u021b\u0103\/diplom\u0103 &#8211; sesiunea iulie 2023 Subiecte Licenta 2023 Adeverin\u021bele de licen\u021b\u0103 se vor elibera \u00eencep\u00e2nd de joi, 06.07.2023. Rezultate examen de licen\u021b\u0103 Fizic\u0103 Medical\u0103 \u0219i Fizic\u0103 Tehnologic\u0103 (afi\u0219at 3 iulie 2023 ora 18:00) Rezultate examen de licen\u021b\u0103 Fizic\u0103 \u0219i Fizic\u0103 Informatic\u0103 (afi\u0219at 3 iulie 2023 ora 19:30) Programarea candida\u0163ilor de la specializ\u0103rile Fizic\u0103 \u015fi\u2026 <span class=\"read-more\"><a href=\"https:\/\/www.phys.uaic.ro\/index.php\/examenul-de-licenta-diploma-sesiunea-iunie-iulie-2023\/\">Read More &raquo;<\/a><\/span><\/p>\n","protected":false},"author":4,"featured_media":0,"parent":0,"menu_order":0,"comment_status":"closed","ping_status":"closed","template":"","meta":{"footnotes":""},"class_list":["post-19332","page","type-page","status-publish","hentry"],"_links":{"self":[{"href":"https:\/\/www.phys.uaic.ro\/index.php\/wp-json\/wp\/v2\/pages\/19332","targetHints":{"allow":["GET"]}}],"collection":[{"href":"https:\/\/www.phys.uaic.ro\/index.php\/wp-json\/wp\/v2\/pages"}],"about":[{"href":"https:\/\/www.phys.uaic.ro\/index.php\/wp-json\/wp\/v2\/types\/page"}],"author":[{"embeddable":true,"href":"https:\/\/www.phys.uaic.ro\/index.php\/wp-json\/wp\/v2\/users\/4"}],"replies":[{"embeddable":true,"href":"https:\/\/www.phys.uaic.ro\/index.php\/wp-json\/wp\/v2\/comments?post=19332"}],"version-history":[{"count":0,"href":"https:\/\/www.phys.uaic.ro\/index.php\/wp-json\/wp\/v2\/pages\/19332\/revisions"}],"wp:attachment":[{"href":"https:\/\/www.phys.uaic.ro\/index.php\/wp-json\/wp\/v2\/media?parent=19332"}],"curies":[{"name":"wp","href":"https:\/\/api.w.org\/{rel}","templated":true}]}}