{"id":19350,"date":"2023-05-19T12:29:00","date_gmt":"2023-05-19T09:29:00","guid":{"rendered":"https:\/\/www.phys.uaic.ro\/?page_id=19350"},"modified":"2023-07-07T18:43:39","modified_gmt":"2023-07-07T15:43:39","slug":"examenul-de-disertatie-sesiunea-iunie-iulie-2023","status":"publish","type":"page","link":"https:\/\/www.phys.uaic.ro\/index.php\/examenul-de-disertatie-sesiunea-iunie-iulie-2023\/","title":{"rendered":"Examenul de diserta\u021bie &#8211; sesiunea IULIE 2023"},"content":{"rendered":"<header class=\"entry-header\">\n<h1><\/h1>\n<h2><a href=\"https:\/\/www.phys.uaic.ro\/wp-content\/uploads\/2023\/07\/REZULTATE_diz_kineto_optometrie_07iul_2023.pdf\" target=\"_blank\" rel=\"noopener\">Rezultate disertatie vineri &#8211; 7 iulie<\/a><\/h2>\n<h2><a href=\"https:\/\/www.phys.uaic.ro\/wp-content\/uploads\/2023\/07\/Rezultate_Disertatii_FATIC_6iulie2023.pdf\" target=\"_blank\" rel=\"noopener\">Rezultate disertatie joi &#8211; 6 iulie<\/a><\/h2>\n<h2><a href=\"https:\/\/www.phys.uaic.ro\/wp-content\/uploads\/2023\/07\/Rezultate_disertatie.pdf\">Rezultate disertatie mar\u021bi &#8211; 4 iulie<\/a><\/h2>\n<h1><a href=\"https:\/\/www.phys.uaic.ro\/wp-content\/uploads\/2023\/06\/Programarea-candidatilor-pentru-sustinerea-lucrarii-de-disertatie_var-2.pdf\" target=\"_blank\" rel=\"noopener\"><span style=\"font-size: 12pt;\"><strong>Programarea candidat\u0326ilor de la specializa\u0306rile <\/strong><strong>\u201cPhysics for advanced technologies\u201d \u0219i <\/strong><\/span><span style=\"font-size: 14pt;\"><span style=\"font-size: 12pt;\"><strong>\u201c<\/strong><strong>Fizic\u0103 medical\u0103 aplicat\u0103<\/strong><strong>\u201d <\/strong><\/span><strong><span style=\"font-size: 12pt;\">pentru sust\u0326inerea lucra\u0306rii de disertat\u0326ie\u00a0 <\/span><\/strong><\/span><\/a><span style=\"font-size: 14pt;\"><strong><span style=\"font-size: 12pt;\">&#8211;<em> 4 iulie 2023, ora 9:00,<\/em><\/span><\/strong><\/span><span style=\"font-size: 14pt;\"><strong><span style=\"font-size: 12pt;\"> <em>Laboratorul de Plasma (etaj 1)<\/em><\/span><\/strong><\/span><\/h1>\n<h4><a href=\"https:\/\/www.phys.uaic.ro\/wp-content\/uploads\/2023\/07\/programare_disertatii_FATIC_6iulie2023.pdf\" target=\"_blank\" rel=\"noopener\">Programarea candida\u021bilor de la specializarea &#8222;Fizic\u0103 aplicat\u0103 \u00een tehnologiile informa\u021biei \u0219i comunica\u021bii&#8221; &#8211; Extensiunea\u00a0<\/a><br \/>\nB\u0103l\u021bi R. Moldova &#8211; 6 iulie 2023, ora 10:00, Laboratorul de Electricitate\/Informatic\u0103 (demisol corp A)<\/h4>\n<\/header>\n<p><strong><a href=\"https:\/\/www.phys.uaic.ro\/wp-content\/uploads\/2023\/07\/programare_diz_kineto_optometrie_07iul_2023.pdf\" target=\"_blank\" rel=\"noopener\">Programarea candida\u021bilor de la specializ\u0103rile &#8222;Metode fizice aplicate \u00een kinetoterapie \u015fi recuperare medicala&#8221; \u015fi &#8222;Optic\u0103 \u015fi optometrie&#8221;<\/a> <\/strong>&#8211; <strong><em>7 iulie 2023, ora 10:00, Laborator Optic\u0103<\/em><\/strong><\/p>\n<header class=\"entry-header\">\n<h1><em><span style=\"color: #ff0000;\"><a style=\"color: #ff0000;\" href=\"https:\/\/www.phys.uaic.ro\/wp-content\/uploads\/2023\/06\/inscrisi-disert-27-iulie-2023.pdf\" target=\"_blank\" rel=\"noopener\"><span style=\"font-size: 14pt;\">Lista absolven\u021bilor care au dreptul s\u0103 se prezinte la sus\u021binerea lucr\u0103rii de DISERTA\u021aIE \u00een sesiunea iulie 2023<\/span><\/a><\/span><\/em><\/h1>\n<h1><b>Perioada de \u00eenscriere la examenul de diserta\u021bie:<\/b><\/h1>\n<\/header>\n<div class=\"entry-content\">\n<ul>\n<li>12-27 iunie 2023, online<\/li>\n<\/ul>\n<h3><\/h3>\n<h3><b>Sus\u0163inerea examenului de diserta\u021bie:<\/b><\/h3>\n<ul>\n<li><strong>specializarea <span style=\"color: #ff0000;\"><em>Fizic\u0103 medical\u0103 aplicat\u0103<\/em><\/span> \u2013 <em>4 iulie 2023, ora 9:00, Laborator Electricitate<\/em><\/strong><\/li>\n<li><strong>specializarea <span style=\"color: #ff0000;\"><em>Fizica pentru tehnologii avansate (\u00een lb. englez\u0103)<\/em><\/span> \u2013 <em>4 iulie 2023, ora 9:00, Laborator Electricitate<\/em><\/strong><\/li>\n<li><strong>specializarea <span style=\"color: #ff0000;\"><em>Fizic\u0103 aplicat\u0103 \u00een tehnologiile informa\u021biei \u0219i comunica\u021bii (Extensiunea B\u0103l\u021bi)<\/em><\/span> \u2013 <em>6 iulie 2023, ora 9:00, Laborator Electricitate<\/em><\/strong><\/li>\n<li><strong>specializarea <span style=\"color: #ff0000;\"><em>Metode fizice aplicate \u00een kinetoterapie \u0219i recuperare medical\u0103<\/em><\/span> \u2013 <em>7 iulie 2023, ora 10:00, Laborator Optic\u0103<\/em><\/strong><\/li>\n<li><strong>specializarea <span style=\"color: #ff0000;\"><em>Optic\u0103 \u0219i optometrie<\/em><\/span> \u2013 <em>7 iulie 2023, ora 10:00, Laborator Optic\u0103<\/em><\/strong><\/li>\n<\/ul>\n<h3><\/h3>\n<h3><b>Pa\u0219i de parcurs<\/b> pentru \u00eenscrierea la examenul de diserta\u0163ie:<\/h3>\n<ul>\n<li>etapa 1:<br \/>\n\u00een perioada 12-27 iunie 2023, candidatul va trimite urm\u0103toarele documente (\u00eentr-un singur mesaj) la adresa de e-mail<span style=\"color: #ff0000;\"> luca@uaic.ro<\/span>:<\/p>\n<ol>\n<li>cererea de \u00eenscriere semnat\u0103 cu albastru \u0219i scanat\u0103;<\/li>\n<li>certificat de na\u0219tere scanat;<\/li>\n<li>carte de identitate scanat\u0103;<\/li>\n<li>diploma de licen\u0163\u0103 + suplimentul la diplom\u0103 pentru cei care nu le-au depus \u00eenc\u0103 la secretariatul facult\u0103\u0163ii;<\/li>\n<li>declara\u021bia coordonatorului lucr\u0103rii de diserta\u0163ie care atest\u0103 faptul c\u0103 lucrarea este \u00een analiz\u0103 \u0219i va fi predat\u0103 \u00eenainte de \u00eenceperea examenului (format liber);<\/li>\n<li>chitan\u0163a de plat\u0103 a taxei (200 lei) \u00een cazul repet\u0103rii examenului.<\/li>\n<\/ol>\n<\/li>\n<li>etapa 2:<br \/>\ncoordonatorul trimite dou\u0103 documente pe adresa secretarului de comisie, cu cel pu\u021bin dou\u0103 zile \u00eenainte de data programat\u0103 pentru sus\u021binere, folosind fisiere.uaic.ro:<\/p>\n<ol>\n<li>referatul de apreciere (care con\u021bine \u0219i informa\u021bii asupra procentului de similitudini, din platforma Turnitin);<\/li>\n<li>lucrarea de diserta\u0163ie care con\u021bine \u0219i <a href=\"https:\/\/www.phys.uaic.ro\/wp-content\/uploads\/2022\/05\/Declaratie-autenticitate_disertatie_2021.pdf\" target=\"_blank\" rel=\"noopener\">declara\u021bia privind autenticitatea semnat\u0103 de <strong>candidat \u0219i coordonator<\/strong><\/a>, \u00een format <b>pdf<\/b> .<\/li>\n<\/ol>\n<\/li>\n<\/ul>\n<\/div>\n<p>Formulare diserta\u021bie:<\/p>\n<ul>\n<li><a href=\"https:\/\/www.phys.uaic.ro\/wp-content\/uploads\/2023\/05\/2023-cerere_inscriere_DISERTATIE_FTA.pdf\" target=\"_blank\" rel=\"noopener\"><em>Cerere pentru \u00eenscrierea la examenul de diserta\u0163ie sesiunea iunie-iulie 2023\u00a0 la specializarea <span style=\"color: #ff0000;\"><strong>Fizica pentru tehnologii avansate (\u00een limba englez\u0103)<\/strong><\/span><\/em><\/a><\/li>\n<li><a href=\"https:\/\/www.phys.uaic.ro\/wp-content\/uploads\/2023\/05\/2023-cerere_inscriere_DISERTATIE_FMA.pdf\" target=\"_blank\" rel=\"noopener\"><em>Cerere pentru \u00eenscrierea la examenul de diserta\u0163ie sesiunea iunie-iulie 2023\u00a0 la specializarea <strong><span style=\"color: #ff0000;\">Fizic\u0103 medical\u0103 aplicat\u0103<\/span><\/strong><\/em><\/a><\/li>\n<li><a href=\"https:\/\/www.phys.uaic.ro\/wp-content\/uploads\/2023\/05\/2023_cerere_inscriere_DISERTATIE_KINETO_cu-nr-pacienti.pdf\" target=\"_blank\" rel=\"noopener\"><em>Cerere pentru \u00eenscrierea la examenul de diserta\u0163ie sesiunea iunie-iulie 2023\u00a0 la specializarea <span style=\"color: #ff0000;\"><strong>Metode fizice aplicate \u00een kinetoterapie \u0219i recuperare medical\u0103<\/strong><\/span><\/em><\/a><\/li>\n<li><a href=\"https:\/\/www.phys.uaic.ro\/wp-content\/uploads\/2023\/06\/2023-cerere_inscriere_DISERTATIE_OO.pdf\" target=\"_blank\" rel=\"noopener\"><em>Cerere pentru \u00eenscrierea la examenul de diserta\u0163ie sesiunea iunie-iulie 2023\u00a0 la specializarea <span style=\"color: #ff0000;\"><strong>Optic\u0103 \u015fi optometrie<\/strong><\/span><\/em><\/a><\/li>\n<li><a href=\"https:\/\/www.phys.uaic.ro\/wp-content\/uploads\/2023\/05\/2023-cerere_inscriere_DISERTATIE_TIC_BALTI.pdf\" target=\"_blank\" rel=\"noopener\"><em>Cerere pentru \u00eenscrierea la examenul de diserta\u0163ie sesiunea iunie-iulie 2023\u00a0 la specializarea <span style=\"color: #ff0000;\"><strong>Fizic\u0103 aplicat\u0103 \u00een tehnologiile informa\u021biei \u0219i comunica\u021bii (Extensiunea B\u0102L\u021aI)<\/strong><\/span><\/em><\/a><\/li>\n<\/ul>\n<div class=\"entry-content\">\n<h3><\/h3>\n<h3><a href=\"https:\/\/www.phys.uaic.ro\/wp-content\/uploads\/2023\/05\/SS_Reg-finalizare-studii_2023_final_aprobat-Senat-febr2023.pdf\" target=\"_blank\" rel=\"noopener\"><b><span style=\"font-size: 12pt;\">Regulament privind organizarea \u0219i desf\u0103\u0219urarea Examenelor de Licen\u021b\u0103\/Diplom\u0103, Diserta\u021bie \u0219i Absolvire (Sesiunile: Iunie-Iulie 2023, Septembrie 2023 \u0219i Februarie 2024)<\/span><\/b><\/a><\/h3>\n<\/div>\n","protected":false},"excerpt":{"rendered":"<p>Rezultate disertatie vineri &#8211; 7 iulie Rezultate disertatie joi &#8211; 6 iulie Rezultate disertatie mar\u021bi &#8211; 4 iulie Programarea candidat\u0326ilor de la specializa\u0306rile \u201cPhysics for advanced technologies\u201d \u0219i \u201cFizic\u0103 medical\u0103 aplicat\u0103\u201d pentru sust\u0326inerea lucra\u0306rii de disertat\u0326ie\u00a0 &#8211; 4 iulie 2023, ora 9:00, Laboratorul de Plasma (etaj 1) Programarea candida\u021bilor de la specializarea &#8222;Fizic\u0103 aplicat\u0103 \u00een tehnologiile informa\u021biei \u0219i\u2026 <span class=\"read-more\"><a href=\"https:\/\/www.phys.uaic.ro\/index.php\/examenul-de-disertatie-sesiunea-iunie-iulie-2023\/\">Read More &raquo;<\/a><\/span><\/p>\n","protected":false},"author":4,"featured_media":0,"parent":0,"menu_order":0,"comment_status":"closed","ping_status":"closed","template":"","meta":{"footnotes":""},"class_list":["post-19350","page","type-page","status-publish","hentry"],"_links":{"self":[{"href":"https:\/\/www.phys.uaic.ro\/index.php\/wp-json\/wp\/v2\/pages\/19350","targetHints":{"allow":["GET"]}}],"collection":[{"href":"https:\/\/www.phys.uaic.ro\/index.php\/wp-json\/wp\/v2\/pages"}],"about":[{"href":"https:\/\/www.phys.uaic.ro\/index.php\/wp-json\/wp\/v2\/types\/page"}],"author":[{"embeddable":true,"href":"https:\/\/www.phys.uaic.ro\/index.php\/wp-json\/wp\/v2\/users\/4"}],"replies":[{"embeddable":true,"href":"https:\/\/www.phys.uaic.ro\/index.php\/wp-json\/wp\/v2\/comments?post=19350"}],"version-history":[{"count":0,"href":"https:\/\/www.phys.uaic.ro\/index.php\/wp-json\/wp\/v2\/pages\/19350\/revisions"}],"wp:attachment":[{"href":"https:\/\/www.phys.uaic.ro\/index.php\/wp-json\/wp\/v2\/media?parent=19350"}],"curies":[{"name":"wp","href":"https:\/\/api.w.org\/{rel}","templated":true}]}}