{"id":19386,"date":"2023-05-26T11:43:08","date_gmt":"2023-05-26T08:43:08","guid":{"rendered":"https:\/\/www.phys.uaic.ro\/?page_id=19386"},"modified":"2024-11-13T12:29:42","modified_gmt":"2024-11-13T10:29:42","slug":"tabere-studentesti-2023","status":"publish","type":"page","link":"https:\/\/www.phys.uaic.ro\/index.php\/tabere-studentesti-2023\/","title":{"rendered":"Tabere studen\u021be\u0219ti 2023"},"content":{"rendered":"<p><a href=\"https:\/\/www.phys.uaic.ro\/wp-content\/uploads\/2024\/11\/PV-stud-beneficiari-tabere-vara-2023.pdf\" target=\"_blank\" rel=\"noopener\"><em><strong>Lista studen\u0163ilor care au depus cereri de tab\u0103r\u0103<\/strong><\/em><\/a><\/p>\n<p>&nbsp;<\/p>\n<p><span style=\"color: #ff0000;\"><strong>Depunerea cererilor<\/strong> <\/span>pentru solicitarea unui loc de tab\u0103r\u0103 se face astfel:<\/p>\n<p>&#8211; la secretariatul facult\u0103\u0163ii, \u00een perioada <span style=\"color: #ff0000;\"><strong><u>24 mai \u2013 14 iunie 2023<\/u><\/strong><\/span>;<\/p>\n<p>&#8211; prin email, la adresa <strong>fizica@uaic.ro<\/strong>, \u00een perioada <span style=\"color: #ff0000;\"><strong><u>24 mai \u2013 14 iunie 2023<\/u><\/strong><\/span>;<\/p>\n<p>&nbsp;<\/p>\n<p>Beneficiarii de locuri gratuite \u00een tabere studen\u0163e\u015fti, \u00een perioada vacan\u0163ei de var\u0103 2023, \u00een limita fondurilor bugetare aprobate \u015fi a num\u0103rului de locuri aferente pe universit\u0103\u0163i, sunt studen\u0163ii care \u00eendeplinesc cumulativ urm\u0103toarele condi\u0163ii:<\/p>\n<ol>\n<li>sunt \u00eenmatricula\u0163i la forma de \u00eenv\u0103\u0163\u0103m\u00e2nt cu frecven\u0163\u0103 \u00een anul universitar 2022-2023 la programul de studii de la ciclurile de licen\u0163\u0103 \u015fi masterat;<\/li>\n<li>sunt\u00a0<strong>integrali\u015fti<\/strong> (studen\u0163ii care au promovat la toate disciplinele de studiu din anul anterior de \u015fcolarizare 2021-2022; \u00een cazul studen\u0163ilor \u00eenscri\u015fi \u00een anul I de \u015fcolarizare, studen\u0163ii care sunt integrali\u015fti pe semestrul 1 din anul \u00een curs de \u015fcolarizare 2022-2023);<\/li>\n<li>\u00a0sunt studen\u0163i cu\u00a0<strong>v\u00e2rsta de p\u00e2n\u0103 la 35 de ani<\/strong>.<\/li>\n<\/ol>\n<p>&nbsp;<\/p>\n<p><a href=\"https:\/\/www.phys.uaic.ro\/wp-content\/uploads\/2023\/05\/Nota-calendar-selectie-studenti-TS-2023.pdf\"><strong>Calendarul activit\u0103\u0163ilor pentru repartizarea locurilor de tab\u0103r\u0103<\/strong><\/a>:<\/p>\n<p>24.05 &#8211; 14.06.2023 -perioada de depunere a cererilor<\/p>\n<p>16 iunie 2023 &#8211; afi\u015farea listelor cu studen\u0163ii care au depus cereri de tab\u0103r\u0103<\/p>\n<p>20 iunie 2023 &#8211; afi\u015farea procesului verbal \u00eentocmit de c\u0103tre comisia de selec\u0163ie,\u00a0 cuprinz\u00e2nd studen\u0163ii beneficiari de tabere<\/p>\n<p>21 &#8211; 23 iunie 2023 &#8211; perioada de depunere a contesta\u021biilor<\/p>\n<p>27 iunie 2023 &#8211; afi\u015farea listelor finale cu studen\u0163ii beneficiari de tab\u0103r\u0103, dup\u0103 solu\u0163ionarea eventualelor contesta\u0163ii<\/p>\n<p>3 iulie 2023 &#8211; Casele de Cultur\u0103 Studen\u0163e\u015fti \u015fi Complexul Cultural Sportiv Studen\u0163esc \u201eTei\u201d transmit c\u0103tre universit\u0103\u0163i adrese referitoare la: denumirea loca\u0163iilor de tab\u0103r\u0103, seriile, num\u0103rul de locuri<\/p>\n<p>4 iulie 2023 &#8211; Universitatea repartizeaz\u0103 facult\u0103\u0163ilor locurile de tab\u0103r\u0103<\/p>\n<p>5-6 iulie 2023 &#8211; \u00eent\u00e2lnirea comisiilor de selec\u0163ie cu beneficiarii locurilor de tab\u0103r\u0103, \u00een vederea alegerii uneia dintre loca\u0163iile disponibile. Studen\u0163ii vor avea asupra lor at\u00e2t carnetul de student, vizat la zi, c\u00e2t \u015fi C.I. (original \u015fi copie)<\/p>\n<p>6 iulie 2023 &#8211; afi\u015farea pe site a listelor cu studen\u0163ii beneficiari de tabere, a listelor de rezerv\u0103, precum \u015fi a loca\u0163iilor \u015fi perioadelor aferente.<\/p>\n<p>&nbsp;<\/p>\n<p><strong>Serii de cazare:<\/strong><\/p>\n<ul>\n<li>Seria I \u2013 22.07 \u2013 27.07.2023<\/li>\n<li>Seria II \u2013 27.07 \u2013 01.08.2023<\/li>\n<li>Seria III \u2013 01.08 \u2013 06.08.2023<\/li>\n<li>Seria IV \u2013 06.08 \u2013 11.08.2023<\/li>\n<li>Seria V \u2013 11.08 \u2013 16.08.2023<\/li>\n<li>Seria VI \u2013 16.08 \u2013 21.08.2023<\/li>\n<li>Seria VII \u2013 21.08 \u2013 26.08.2023<\/li>\n<li>Seria VIII \u2013 26.08 \u2013 31.08.2023<\/li>\n<\/ul>\n<p>&nbsp;<\/p>\n<p><a href=\"https:\/\/www.phys.uaic.ro\/wp-content\/uploads\/2023\/05\/MO-Partea-I-nr.-407Bis-Tabere-studentesti.pdf\" target=\"_blank\" rel=\"noopener\">Metodologia privind organizarea taberelor studentesti 2023<\/a><\/p>\n<p><a href=\"https:\/\/www.phys.uaic.ro\/wp-content\/uploads\/2023\/05\/Repartizare-locuri-tabere-2023.pdf\" target=\"_blank\" rel=\"noopener\">Repartizarea num\u0103rului de locuri pe facult\u0103\u021bi<\/a><\/p>\n<p><a href=\"https:\/\/www.phys.uaic.ro\/wp-content\/uploads\/2023\/05\/Anexa-4-cerere-tabere-studentesti-2023.docx\" target=\"_blank\" rel=\"noopener\">Model cerere tabere<\/a><\/p>\n","protected":false},"excerpt":{"rendered":"<p>Lista studen\u0163ilor care au depus cereri de tab\u0103r\u0103 &nbsp; Depunerea cererilor pentru solicitarea unui loc de tab\u0103r\u0103 se face astfel: &#8211; la secretariatul facult\u0103\u0163ii, \u00een perioada 24 mai \u2013 14 iunie 2023; &#8211; prin email, la adresa fizica@uaic.ro, \u00een perioada 24 mai \u2013 14 iunie 2023; &nbsp; Beneficiarii de locuri gratuite \u00een tabere studen\u0163e\u015fti, \u00een perioada vacan\u0163ei de\u2026 <span class=\"read-more\"><a href=\"https:\/\/www.phys.uaic.ro\/index.php\/tabere-studentesti-2023\/\">Read More &raquo;<\/a><\/span><\/p>\n","protected":false},"author":4,"featured_media":0,"parent":0,"menu_order":0,"comment_status":"closed","ping_status":"closed","template":"","meta":{"footnotes":""},"class_list":["post-19386","page","type-page","status-publish","hentry"],"_links":{"self":[{"href":"https:\/\/www.phys.uaic.ro\/index.php\/wp-json\/wp\/v2\/pages\/19386","targetHints":{"allow":["GET"]}}],"collection":[{"href":"https:\/\/www.phys.uaic.ro\/index.php\/wp-json\/wp\/v2\/pages"}],"about":[{"href":"https:\/\/www.phys.uaic.ro\/index.php\/wp-json\/wp\/v2\/types\/page"}],"author":[{"embeddable":true,"href":"https:\/\/www.phys.uaic.ro\/index.php\/wp-json\/wp\/v2\/users\/4"}],"replies":[{"embeddable":true,"href":"https:\/\/www.phys.uaic.ro\/index.php\/wp-json\/wp\/v2\/comments?post=19386"}],"version-history":[{"count":0,"href":"https:\/\/www.phys.uaic.ro\/index.php\/wp-json\/wp\/v2\/pages\/19386\/revisions"}],"wp:attachment":[{"href":"https:\/\/www.phys.uaic.ro\/index.php\/wp-json\/wp\/v2\/media?parent=19386"}],"curies":[{"name":"wp","href":"https:\/\/api.w.org\/{rel}","templated":true}]}}