{"id":19435,"date":"2023-06-06T08:40:54","date_gmt":"2023-06-06T05:40:54","guid":{"rendered":"https:\/\/www.phys.uaic.ro\/?page_id=19435"},"modified":"2023-07-10T11:39:43","modified_gmt":"2023-07-10T08:39:43","slug":"anunt-privind-pre-sustinerea-in-fata-comisiei-de-indrumare-a-tezei-de-doctorat-a-drd-rosu-iulian-alin-pe-6-06-2023","status":"publish","type":"page","link":"https:\/\/www.phys.uaic.ro\/index.php\/anunt-privind-pre-sustinerea-in-fata-comisiei-de-indrumare-a-tezei-de-doctorat-a-drd-rosu-iulian-alin-pe-6-06-2023\/","title":{"rendered":"Anun\u021b privind pre-sus\u021binerea, \u00een fa\u021ba comisiei de \u00eendrumare, a tezei de doctorat a drd. RO\u0218U Iulian-Alin pe 6.06.2023"},"content":{"rendered":"<p>La data de <strong>6<\/strong><strong> iunie 2023<\/strong>, \u00eencep\u00e2nd cu ora <strong>12<sup>00<\/sup> <\/strong>\u00een <strong>Laboratorul de Autoorganizare <\/strong>va avea loc presus\u021binerea, \u00een fa\u021ba comisiei de \u00eendrumare, a tezei de doctorat cu titlul \u201c<em><strong>CONTRIBU\u021aIE LA STUDIUL DINAMICII ATMOSFERICE UTILIZ\u00c2ND ELEMENTE DE TEORIA HAOSULUI<\/strong><\/em>\u201d, prezentat\u0103 de studentul-doctorand <strong>RO\u0218U Iulian-Alin<\/strong>, sub \u00eendrumarea <strong>prof. univ. dr. Maricel AGOP<\/strong>.<\/p>\n","protected":false},"excerpt":{"rendered":"<p>La data de 6 iunie 2023, \u00eencep\u00e2nd cu ora 1200 \u00een Laboratorul de Autoorganizare va avea loc presus\u021binerea, \u00een fa\u021ba comisiei de \u00eendrumare, a tezei de doctorat cu titlul \u201cCONTRIBU\u021aIE LA STUDIUL DINAMICII ATMOSFERICE UTILIZ\u00c2ND ELEMENTE DE TEORIA HAOSULUI\u201d, prezentat\u0103 de studentul-doctorand RO\u0218U Iulian-Alin, sub \u00eendrumarea prof. univ. dr. Maricel AGOP.<\/p>\n","protected":false},"author":4,"featured_media":0,"parent":0,"menu_order":0,"comment_status":"closed","ping_status":"closed","template":"","meta":{"footnotes":""},"class_list":["post-19435","page","type-page","status-publish","hentry"],"_links":{"self":[{"href":"https:\/\/www.phys.uaic.ro\/index.php\/wp-json\/wp\/v2\/pages\/19435","targetHints":{"allow":["GET"]}}],"collection":[{"href":"https:\/\/www.phys.uaic.ro\/index.php\/wp-json\/wp\/v2\/pages"}],"about":[{"href":"https:\/\/www.phys.uaic.ro\/index.php\/wp-json\/wp\/v2\/types\/page"}],"author":[{"embeddable":true,"href":"https:\/\/www.phys.uaic.ro\/index.php\/wp-json\/wp\/v2\/users\/4"}],"replies":[{"embeddable":true,"href":"https:\/\/www.phys.uaic.ro\/index.php\/wp-json\/wp\/v2\/comments?post=19435"}],"version-history":[{"count":0,"href":"https:\/\/www.phys.uaic.ro\/index.php\/wp-json\/wp\/v2\/pages\/19435\/revisions"}],"wp:attachment":[{"href":"https:\/\/www.phys.uaic.ro\/index.php\/wp-json\/wp\/v2\/media?parent=19435"}],"curies":[{"name":"wp","href":"https:\/\/api.w.org\/{rel}","templated":true}]}}