{"id":19539,"date":"2023-06-16T08:13:14","date_gmt":"2023-06-16T05:13:14","guid":{"rendered":"https:\/\/www.phys.uaic.ro\/?page_id=19539"},"modified":"2023-06-16T08:24:05","modified_gmt":"2023-06-16T05:24:05","slug":"anunt-privind-sustinerea-raportului-de-cercetare-a-drd-dobinda-marius-pe-28-iunie-2023","status":"publish","type":"page","link":"https:\/\/www.phys.uaic.ro\/index.php\/anunt-privind-sustinerea-raportului-de-cercetare-a-drd-dobinda-marius-pe-28-iunie-2023\/","title":{"rendered":"Anun\u021b privind sustinerea raportului de cercetare a drd. DOBIND\u0102 MARIUS pe 28 iunie 2023"},"content":{"rendered":"<p>La data de <strong>28 iunie 2023<\/strong>, \u00eencep\u00e2nd cu\u00a0<strong>ora 12<sup>00<\/sup><\/strong>, \u00een <strong>laboratorul de BIOFIZIC\u0102<\/strong> va avea loc sus\u021binerea raportului de cercetare cu titlul \u00a0<em><strong>\u201eBazele biofizicii sistemului cardiac \u00een condi\u021bii fiziologice \u0219i patologice\u201d<\/strong><\/em> prezentat de studentul-doctorand\u00a0<strong>DOB\u00ceND\u0102 MARIUS<\/strong> sub \u00eendrumarea <strong>prof. univ. dr. habil. Dorina-Emilia CREANG\u0102.<\/strong><\/p>\n","protected":false},"excerpt":{"rendered":"<p>La data de 28 iunie 2023, \u00eencep\u00e2nd cu\u00a0ora 1200, \u00een laboratorul de BIOFIZIC\u0102 va avea loc sus\u021binerea raportului de cercetare cu titlul \u00a0\u201eBazele biofizicii sistemului cardiac \u00een condi\u021bii fiziologice \u0219i patologice\u201d prezentat de studentul-doctorand\u00a0DOB\u00ceND\u0102 MARIUS sub \u00eendrumarea prof. univ. dr. habil. Dorina-Emilia CREANG\u0102.<\/p>\n","protected":false},"author":4,"featured_media":0,"parent":0,"menu_order":0,"comment_status":"closed","ping_status":"closed","template":"","meta":{"footnotes":""},"class_list":["post-19539","page","type-page","status-publish","hentry"],"_links":{"self":[{"href":"https:\/\/www.phys.uaic.ro\/index.php\/wp-json\/wp\/v2\/pages\/19539","targetHints":{"allow":["GET"]}}],"collection":[{"href":"https:\/\/www.phys.uaic.ro\/index.php\/wp-json\/wp\/v2\/pages"}],"about":[{"href":"https:\/\/www.phys.uaic.ro\/index.php\/wp-json\/wp\/v2\/types\/page"}],"author":[{"embeddable":true,"href":"https:\/\/www.phys.uaic.ro\/index.php\/wp-json\/wp\/v2\/users\/4"}],"replies":[{"embeddable":true,"href":"https:\/\/www.phys.uaic.ro\/index.php\/wp-json\/wp\/v2\/comments?post=19539"}],"version-history":[{"count":0,"href":"https:\/\/www.phys.uaic.ro\/index.php\/wp-json\/wp\/v2\/pages\/19539\/revisions"}],"wp:attachment":[{"href":"https:\/\/www.phys.uaic.ro\/index.php\/wp-json\/wp\/v2\/media?parent=19539"}],"curies":[{"name":"wp","href":"https:\/\/api.w.org\/{rel}","templated":true}]}}