{"id":196,"date":"2018-02-14T13:35:22","date_gmt":"2018-02-14T13:35:22","guid":{"rendered":"http:\/\/www.phys.uaic.ro\/?page_id=196"},"modified":"2025-01-31T12:41:24","modified_gmt":"2025-01-31T10:41:24","slug":"regulamente-studenti","status":"publish","type":"page","link":"https:\/\/www.phys.uaic.ro\/index.php\/studenti\/regulamente-studenti\/","title":{"rendered":"Regulamente"},"content":{"rendered":"<ul>\n<li><a href=\"http:\/\/www.uaic.ro\/studenti\/regulamente\/\">Regulamente privind studentii UAIC<\/a><\/li>\n<\/ul>\n<p>LICEN\u021a\u0102<\/p>\n<ul>\n<li><em><a href=\"https:\/\/www.phys.uaic.ro\/wp-content\/uploads\/2025\/01\/Regulament-licenta-2024_2025.pdf\" target=\"_blank\" rel=\"noopener\">Regulament privind activitatea profesional\u0103 a studen\u021bilor &#8211; ciclul studii universitare de licen\u021b\u0103, \u00eencep\u00e2nd cu anul universitar 2024-2025, anul I<\/a><\/em><\/li>\n<li><a href=\"https:\/\/www.phys.uaic.ro\/wp-content\/uploads\/2025\/01\/2023-Regulament_studii_licenta.pdf\" target=\"_blank\" rel=\"noopener\"><em>Regulament privind activitatea profesional\u0103 a studen\u021bilor &#8211; ciclul studii universitare de licen\u021b\u0103, \u00eencep\u00e2nd cu anul universitar 2023-2024, anul I<\/em><\/a><\/li>\n<li><a href=\"https:\/\/www.phys.uaic.ro\/wp-content\/uploads\/2025\/01\/2022-Regulament-Licenta.pdf\" target=\"_blank\" rel=\"noopener\"><em>Regulament privind activitatea profesional\u0103 a studen\u021bilor &#8211; ciclul studii universitare de licen\u021b\u0103, \u00eencep\u00e2nd cu anul universitar 2022-2023, anul I<\/em>\u00a0<\/a><\/li>\n<li><a href=\"https:\/\/www.phys.uaic.ro\/wp-content\/uploads\/2025\/01\/2021-Regulament-licenta.pdf\" target=\"_blank\" rel=\"noopener\"><em>Regulament privind activitatea profesional\u0103 a studen\u021bilor &#8211; ciclul studii universitare de licen\u021b\u0103, \u00eencep\u00e2nd cu anul universitar 2021-2022, anul I<\/em>\u00a0<\/a><\/li>\n<\/ul>\n<p>&nbsp;<\/p>\n<p>MASTER<\/p>\n<ul>\n<li><em><a href=\"https:\/\/www.phys.uaic.ro\/wp-content\/uploads\/2025\/01\/2024-2025_Regulament-master-1.pdf\" target=\"_blank\" rel=\"noopener\">Regulament privind activitatea profesional\u0103 a studen\u021bilor &#8211; ciclul studii universitare de master,\u00a0\u00eencep\u00e2nd cu anul universitar 2024-2025, anul I<\/a><\/em><\/li>\n<li><a href=\"https:\/\/www.phys.uaic.ro\/wp-content\/uploads\/2025\/01\/2023-Regulament_studii_master.pdf\" target=\"_blank\" rel=\"noopener\"><em>Regulament privind activitatea profesional\u0103 a studen\u021bilor &#8211; ciclul studii universitare de master, \u00eencep\u00e2nd cu anul universitar 2023-2024, anul I<\/em><\/a><\/li>\n<li><a href=\"https:\/\/www.phys.uaic.ro\/wp-content\/uploads\/2025\/01\/2022-Regulament-master.pdf\" target=\"_blank\" rel=\"noopener\"><em>Regulament privind activitatea profesional\u0103 a studen\u021bilor &#8211; ciclul studii universitare de master, \u00eencep\u00e2nd cu anul universitar 2022-2023, anul I<\/em><\/a><\/li>\n<li><em><a href=\"https:\/\/www.phys.uaic.ro\/wp-content\/uploads\/2025\/01\/2021-Regulament-master.pdf\" target=\"_blank\" rel=\"noopener\">Regulament privind activitatea profesional\u0103 a studen\u021bilor &#8211; ciclul studii universitare de master, \u00eencep\u00e2nd cu anul universitar 2021-2022, anul I<\/a><\/em><\/li>\n<\/ul>\n","protected":false},"excerpt":{"rendered":"<p>Regulamente privind studentii UAIC LICEN\u021a\u0102 Regulament privind activitatea profesional\u0103 a studen\u021bilor &#8211; ciclul studii universitare de licen\u021b\u0103, \u00eencep\u00e2nd cu anul universitar 2024-2025, anul I Regulament privind activitatea profesional\u0103 a studen\u021bilor &#8211; ciclul studii universitare de licen\u021b\u0103, \u00eencep\u00e2nd cu anul universitar 2023-2024, anul I Regulament privind activitatea profesional\u0103 a studen\u021bilor &#8211; ciclul studii universitare de licen\u021b\u0103, \u00eencep\u00e2nd cu anul\u2026 <span class=\"read-more\"><a href=\"https:\/\/www.phys.uaic.ro\/index.php\/studenti\/regulamente-studenti\/\">Read More &raquo;<\/a><\/span><\/p>\n","protected":false},"author":3,"featured_media":0,"parent":31,"menu_order":0,"comment_status":"closed","ping_status":"closed","template":"","meta":{"footnotes":""},"class_list":["post-196","page","type-page","status-publish","hentry"],"_links":{"self":[{"href":"https:\/\/www.phys.uaic.ro\/index.php\/wp-json\/wp\/v2\/pages\/196","targetHints":{"allow":["GET"]}}],"collection":[{"href":"https:\/\/www.phys.uaic.ro\/index.php\/wp-json\/wp\/v2\/pages"}],"about":[{"href":"https:\/\/www.phys.uaic.ro\/index.php\/wp-json\/wp\/v2\/types\/page"}],"author":[{"embeddable":true,"href":"https:\/\/www.phys.uaic.ro\/index.php\/wp-json\/wp\/v2\/users\/3"}],"replies":[{"embeddable":true,"href":"https:\/\/www.phys.uaic.ro\/index.php\/wp-json\/wp\/v2\/comments?post=196"}],"version-history":[{"count":0,"href":"https:\/\/www.phys.uaic.ro\/index.php\/wp-json\/wp\/v2\/pages\/196\/revisions"}],"up":[{"embeddable":true,"href":"https:\/\/www.phys.uaic.ro\/index.php\/wp-json\/wp\/v2\/pages\/31"}],"wp:attachment":[{"href":"https:\/\/www.phys.uaic.ro\/index.php\/wp-json\/wp\/v2\/media?parent=196"}],"curies":[{"name":"wp","href":"https:\/\/api.w.org\/{rel}","templated":true}]}}