{"id":19628,"date":"2023-06-22T11:18:15","date_gmt":"2023-06-22T08:18:15","guid":{"rendered":"https:\/\/www.phys.uaic.ro\/?page_id=19628"},"modified":"2023-06-27T10:28:49","modified_gmt":"2023-06-27T07:28:49","slug":"numarul-de-locuri-la-master-iulie-2023","status":"publish","type":"page","link":"https:\/\/www.phys.uaic.ro\/index.php\/numarul-de-locuri-la-master-iulie-2023\/","title":{"rendered":"Num\u0103rul de locuri la master iulie 2023"},"content":{"rendered":"<p>&nbsp;<\/p>\n<table style=\"border: 1px solid black; color: black; font-size: 10px; width: 96.4257%; height: 169px;\">\n<tbody>\n<tr style=\"height: 15px;\">\n<td style=\"border: 1px solid black; height: 45px; width: 10.8879%; text-align: center;\" rowspan=\"3\">Domeniul de master<\/td>\n<td style=\"border: 1px solid black; height: 45px; width: 38.4516%; text-align: center;\" rowspan=\"3\">Specializarea\/Programul de studii universitare de master<\/td>\n<td style=\"border: 1px solid black; height: 45px; width: 7.84862%; text-align: center;\" rowspan=\"3\">Limba de predare<\/td>\n<td style=\"border: 1px solid black; height: 45px; width: 9.4404%; text-align: center;\" rowspan=\"3\">Forma de \u00eenv\u0103\u021b\u0103m\u00e2nt<\/td>\n<td style=\"border: 1px solid black; height: 45px; width: 7.20047%; text-align: center;\" rowspan=\"3\">Num\u0103r credite<\/td>\n<td style=\"border: 1px solid black; height: 15px; width: 25.5367%; text-align: center;\" colspan=\"4\">Num\u0103r locuri<\/td>\n<\/tr>\n<tr style=\"height: 15px;\">\n<td style=\"border: 1px solid black; height: 15px; width: 12.5238%; text-align: center;\" colspan=\"2\">Rom\u00e2ni, UE, SEE<\/td>\n<td style=\"border: 1px solid black; height: 15px; width: 13.0129%; text-align: center;\" colspan=\"2\">Rom\u00e2ni de pretutindeni<\/td>\n<\/tr>\n<tr style=\"height: 15px;\">\n<td style=\"border: 1px solid black; height: 15px; width: 6.10641%; text-align: center;\">Buget<\/td>\n<td style=\"border: 1px solid black; height: 15px; width: 6.41738%; text-align: center;\">Tax\u0103<\/td>\n<td style=\"border: 1px solid black; height: 15px; width: 5.61332%; text-align: center;\">Buget<\/td>\n<td style=\"border: 1px solid black; height: 15px; width: 7.39958%; text-align: center;\">Tax\u0103<\/td>\n<\/tr>\n<tr style=\"height: 19px;\">\n<td style=\"border: 1px solid black; font-size: 13px; height: 124px; width: 10.8879%; text-align: center;\" rowspan=\"6\">Fizic\u0103<\/td>\n<td style=\"border: 1px solid black; font-size: 13px; height: 19px; width: 38.4516%; text-align: center;\">Fizic\u0103 pentru tehnologii avansate<\/td>\n<td style=\"border: 1px solid black; height: 19px; width: 7.84862%; text-align: center;\">Englez\u0103<\/td>\n<td style=\"border: 1px solid black; height: 19px; width: 9.4404%; text-align: center;\">IF<\/td>\n<td style=\"border: 1px solid black; height: 19px; width: 7.20047%; text-align: center;\">120<\/td>\n<td style=\"border: 1px solid black; font-size: 14px; height: 19px; width: 6.10641%; text-align: center;\">9<\/td>\n<td style=\"border: 1px solid black; font-size: 14px; height: 19px; width: 6.41738%; text-align: center;\">16<\/td>\n<td style=\"border: 1px solid black; font-size: 14px; height: 19px; width: 5.61332%; text-align: center;\"><\/td>\n<td style=\"border: 1px solid black; font-size: 14px; height: 19px; width: 7.39958%; text-align: center;\">5<\/td>\n<\/tr>\n<tr style=\"height: 21px;\">\n<td style=\"border: 1px solid black; font-size: 13px; width: 38.4516%; text-align: center; height: 21px;\">Biofizic\u0103 \u0219i fizic\u0103 medical\u0103<\/td>\n<td style=\"border: 1px solid black; width: 7.84862%; text-align: center; height: 21px;\">Englez\u0103<\/td>\n<td style=\"border: 1px solid black; width: 9.4404%; text-align: center; height: 21px;\">IF<\/td>\n<td style=\"border: 1px solid black; width: 7.20047%; text-align: center; height: 21px;\">120<\/td>\n<td style=\"border: 1px solid black; font-size: 14px; width: 6.10641%; text-align: center; height: 21px;\">5<\/td>\n<td style=\"border: 1px solid black; font-size: 14px; width: 6.41738%; text-align: center; height: 21px;\">15<\/td>\n<td style=\"border: 1px solid black; font-size: 14px; width: 5.61332%; text-align: center; height: 21px;\"><\/td>\n<td style=\"border: 1px solid black; font-size: 14px; width: 7.39958%; text-align: center; height: 21px;\">5<\/td>\n<\/tr>\n<tr style=\"height: 21px;\">\n<td style=\"border: 1px solid black; font-size: 13px; width: 38.4516%; text-align: center; height: 21px;\">Fizic\u0103 medical\u0103 aplicat\u0103<\/td>\n<td style=\"border: 1px solid black; width: 7.84862%; text-align: center; height: 21px;\">Rom\u00e2n\u0103<\/td>\n<td style=\"border: 1px solid black; width: 9.4404%; text-align: center; height: 21px;\">IF<\/td>\n<td style=\"border: 1px solid black; width: 7.20047%; text-align: center; height: 21px;\">120<\/td>\n<td style=\"border: 1px solid black; font-size: 14px; width: 6.10641%; text-align: center; height: 21px;\">5<\/td>\n<td style=\"border: 1px solid black; font-size: 14px; width: 6.41738%; text-align: center; height: 21px;\">15<\/td>\n<td style=\"border: 1px solid black; font-size: 14px; width: 5.61332%; text-align: center; height: 21px;\"><\/td>\n<td style=\"border: 1px solid black; font-size: 14px; width: 7.39958%; text-align: center; height: 21px;\">5<\/td>\n<\/tr>\n<tr style=\"height: 21px;\">\n<td style=\"border: 1px solid black; font-size: 13px; width: 38.4516%; text-align: center; height: 21px;\">Metode fizice aplicate \u00een kinetoterapie \u0219i recuparere medical\u0103<\/td>\n<td style=\"border: 1px solid black; width: 7.84862%; text-align: center; height: 21px;\">Rom\u00e2n\u0103<\/td>\n<td style=\"border: 1px solid black; width: 9.4404%; text-align: center; height: 21px;\">IF<\/td>\n<td style=\"border: 1px solid black; width: 7.20047%; text-align: center; height: 21px;\">120<\/td>\n<td style=\"border: 1px solid black; font-size: 14px; width: 6.10641%; text-align: center; height: 21px;\">8<\/td>\n<td style=\"border: 1px solid black; font-size: 14px; width: 6.41738%; text-align: center; height: 21px;\">32<\/td>\n<td style=\"border: 1px solid black; font-size: 14px; width: 5.61332%; text-align: center; height: 21px;\"><\/td>\n<td style=\"border: 1px solid black; font-size: 14px; width: 7.39958%; text-align: center; height: 21px;\">5<\/td>\n<\/tr>\n<tr style=\"height: 21px;\">\n<td style=\"border: 1px solid black; font-size: 13px; width: 38.4516%; text-align: center; height: 21px;\">Optic\u0103 \u0219i optometrie<\/td>\n<td style=\"border: 1px solid black; width: 7.84862%; text-align: center; height: 21px;\">Rom\u00e2n\u0103<\/td>\n<td style=\"border: 1px solid black; width: 9.4404%; text-align: center; height: 21px;\">IF<\/td>\n<td style=\"border: 1px solid black; width: 7.20047%; text-align: center; height: 21px;\">120<\/td>\n<td style=\"border: 1px solid black; font-size: 14px; width: 6.10641%; text-align: center; height: 21px;\">4<\/td>\n<td style=\"border: 1px solid black; font-size: 14px; width: 6.41738%; text-align: center; height: 21px;\">26<\/td>\n<td style=\"border: 1px solid black; font-size: 14px; width: 5.61332%; text-align: center; height: 21px;\"><\/td>\n<td style=\"border: 1px solid black; font-size: 14px; width: 7.39958%; text-align: center; height: 21px;\"><\/td>\n<\/tr>\n<tr style=\"height: 21px;\">\n<td style=\"border: 1px solid black; font-size: 13px; height: 21px; width: 38.4516%; text-align: center;\">Fizic\u0103 aplicat\u0103 \u00een tehnologiile informa\u021biei \u0219i comunica\u021bii (B\u0103l\u021bi)<\/td>\n<td style=\"border: 1px solid black; height: 21px; width: 7.84862%; text-align: center;\">Rom\u00e2n\u0103<\/td>\n<td style=\"border: 1px solid black; height: 21px; width: 9.4404%; text-align: center;\">IF<\/td>\n<td style=\"border: 1px solid black; height: 21px; width: 7.20047%; text-align: center;\">120<\/td>\n<td style=\"border: 1px solid black; font-size: 14px; height: 21px; width: 6.10641%; text-align: center;\"><\/td>\n<td style=\"border: 1px solid black; font-size: 14px; height: 21px; width: 6.41738%; text-align: center;\"><\/td>\n<td style=\"border: 1px solid black; font-size: 14px; height: 21px; width: 5.61332%; text-align: center;\">20<\/td>\n<td style=\"border: 1px solid black; font-size: 14px; height: 21px; width: 7.39958%; text-align: center;\">20<\/td>\n<\/tr>\n<\/tbody>\n<\/table>\n<p>&nbsp;<\/p>\n","protected":false},"excerpt":{"rendered":"<p>&nbsp; Domeniul de master Specializarea\/Programul de studii universitare de master Limba de predare Forma de \u00eenv\u0103\u021b\u0103m\u00e2nt Num\u0103r credite Num\u0103r locuri Rom\u00e2ni, UE, SEE Rom\u00e2ni de pretutindeni Buget Tax\u0103 Buget Tax\u0103 Fizic\u0103 Fizic\u0103 pentru tehnologii avansate Englez\u0103 IF 120 9 16 5 Biofizic\u0103 \u0219i fizic\u0103 medical\u0103 Englez\u0103 IF 120 5 15 5 Fizic\u0103 medical\u0103 aplicat\u0103 Rom\u00e2n\u0103 IF 120 5\u2026 <span class=\"read-more\"><a href=\"https:\/\/www.phys.uaic.ro\/index.php\/numarul-de-locuri-la-master-iulie-2023\/\">Read More &raquo;<\/a><\/span><\/p>\n","protected":false},"author":4,"featured_media":0,"parent":0,"menu_order":0,"comment_status":"closed","ping_status":"closed","template":"","meta":{"footnotes":""},"class_list":["post-19628","page","type-page","status-publish","hentry"],"_links":{"self":[{"href":"https:\/\/www.phys.uaic.ro\/index.php\/wp-json\/wp\/v2\/pages\/19628","targetHints":{"allow":["GET"]}}],"collection":[{"href":"https:\/\/www.phys.uaic.ro\/index.php\/wp-json\/wp\/v2\/pages"}],"about":[{"href":"https:\/\/www.phys.uaic.ro\/index.php\/wp-json\/wp\/v2\/types\/page"}],"author":[{"embeddable":true,"href":"https:\/\/www.phys.uaic.ro\/index.php\/wp-json\/wp\/v2\/users\/4"}],"replies":[{"embeddable":true,"href":"https:\/\/www.phys.uaic.ro\/index.php\/wp-json\/wp\/v2\/comments?post=19628"}],"version-history":[{"count":0,"href":"https:\/\/www.phys.uaic.ro\/index.php\/wp-json\/wp\/v2\/pages\/19628\/revisions"}],"wp:attachment":[{"href":"https:\/\/www.phys.uaic.ro\/index.php\/wp-json\/wp\/v2\/media?parent=19628"}],"curies":[{"name":"wp","href":"https:\/\/api.w.org\/{rel}","templated":true}]}}