{"id":19768,"date":"2023-06-30T14:20:56","date_gmt":"2023-06-30T11:20:56","guid":{"rendered":"https:\/\/www.phys.uaic.ro\/?page_id=19768"},"modified":"2023-06-30T14:20:56","modified_gmt":"2023-06-30T11:20:56","slug":"cs-ii-dr-habil-alina-asandei-domenii-de-expertiza","status":"publish","type":"page","link":"https:\/\/www.phys.uaic.ro\/index.php\/cs-ii-dr-habil-alina-asandei-domenii-de-expertiza\/","title":{"rendered":"CS II Dr. Habil. Alina ASANDEI &#8211; Domenii de expertiz\u0103"},"content":{"rendered":"<p style=\"font-weight: 400;\"><strong>Domenii majore de cercetare:<\/strong><\/p>\n<p style=\"font-weight: 400;\">Biofizic\u0103 molecular\u0103. Aplica\u021bii \u00een fizica medical<\/p>\n<p style=\"font-weight: 400;\"><strong>Direc\u021bii de investigare:<\/strong><\/p>\n<p style=\"font-weight: 400;\">Investigarea molecular\u0103 a interac\u0163iunilor dintre peptide antimicrobiene \u015fi sisteme lipidice biomimetice;<\/p>\n<p style=\"font-weight: 400;\">Chimia la nivel unimolecular \u015fi detec\u0163ia stocastic\u0103 cu ajutorul porilor proteici;<\/p>\n<p style=\"font-weight: 400;\">Investigarea la nivel unimolecular a interac\u0163iunilor dintre molecule mici cu importantan\u0163\u0103 farmacologic\u0103 \u015fi nanopori proteici hibrizi forma\u0163i din ciclodextrine \u015fi \u03b1-Hemolizin\u0103.<\/p>\n<p style=\"font-weight: 400;\"><strong>Domenii de expertiz\u0103 \/ Teme propuse:<\/strong><\/p>\n<ol style=\"font-weight: 400;\">\n<li><strong>Studierea la nivel de singura molecula a interac\u0163iunilor peptide\u2013metale, ADN\u2013metale cu ajutorul porilor proteici<\/strong><\/li>\n<li><strong>Caracterizarea fizico-chimic\u0103 a interac\u021biunilor dintre proteinele structurale virale (SARS-Cov2, HBV) \u0219i biomembrane lipidice artificiale<\/strong><\/li>\n<li><strong>Investigarea la nivel uni-molecular cu ajutorul porilor proteici a a cuplajelor energetice asociate interactiunilor dintre proteinele care leag\u0103 ADN-ul si fragmente de ADN. <\/strong><\/li>\n<\/ol>\n","protected":false},"excerpt":{"rendered":"<p>Domenii majore de cercetare: Biofizic\u0103 molecular\u0103. Aplica\u021bii \u00een fizica medical Direc\u021bii de investigare: Investigarea molecular\u0103 a interac\u0163iunilor dintre peptide antimicrobiene \u015fi sisteme lipidice biomimetice; Chimia la nivel unimolecular \u015fi detec\u0163ia stocastic\u0103 cu ajutorul porilor proteici; Investigarea la nivel unimolecular a interac\u0163iunilor dintre molecule mici cu importantan\u0163\u0103 farmacologic\u0103 \u015fi nanopori proteici hibrizi forma\u0163i din ciclodextrine \u015fi \u03b1-Hemolizin\u0103. Domenii de\u2026 <span class=\"read-more\"><a href=\"https:\/\/www.phys.uaic.ro\/index.php\/cs-ii-dr-habil-alina-asandei-domenii-de-expertiza\/\">Read More &raquo;<\/a><\/span><\/p>\n","protected":false},"author":3,"featured_media":0,"parent":0,"menu_order":0,"comment_status":"closed","ping_status":"closed","template":"","meta":{"footnotes":""},"class_list":["post-19768","page","type-page","status-publish","hentry"],"_links":{"self":[{"href":"https:\/\/www.phys.uaic.ro\/index.php\/wp-json\/wp\/v2\/pages\/19768","targetHints":{"allow":["GET"]}}],"collection":[{"href":"https:\/\/www.phys.uaic.ro\/index.php\/wp-json\/wp\/v2\/pages"}],"about":[{"href":"https:\/\/www.phys.uaic.ro\/index.php\/wp-json\/wp\/v2\/types\/page"}],"author":[{"embeddable":true,"href":"https:\/\/www.phys.uaic.ro\/index.php\/wp-json\/wp\/v2\/users\/3"}],"replies":[{"embeddable":true,"href":"https:\/\/www.phys.uaic.ro\/index.php\/wp-json\/wp\/v2\/comments?post=19768"}],"version-history":[{"count":0,"href":"https:\/\/www.phys.uaic.ro\/index.php\/wp-json\/wp\/v2\/pages\/19768\/revisions"}],"wp:attachment":[{"href":"https:\/\/www.phys.uaic.ro\/index.php\/wp-json\/wp\/v2\/media?parent=19768"}],"curies":[{"name":"wp","href":"https:\/\/api.w.org\/{rel}","templated":true}]}}