{"id":19771,"date":"2023-06-30T14:22:20","date_gmt":"2023-06-30T11:22:20","guid":{"rendered":"https:\/\/www.phys.uaic.ro\/?page_id=19771"},"modified":"2023-06-30T14:22:20","modified_gmt":"2023-06-30T11:22:20","slug":"cs-ii-dr-habil-alina-asandei-tematica-admitere-doctorat","status":"publish","type":"page","link":"https:\/\/www.phys.uaic.ro\/index.php\/cs-ii-dr-habil-alina-asandei-tematica-admitere-doctorat\/","title":{"rendered":"CS II Dr. Habil. Alina ASANDEI &#8211; Tematica admitere doctorat"},"content":{"rendered":"<p style=\"font-weight: 400;\"><strong>Tematica admiterii la doctorat:<\/strong><\/p>\n<ol style=\"font-weight: 400;\">\n<li>Descrierea analitic\u0103 a transportului ionic prin membrane selective ionic. Ecua\u021bia lui Nernst.<\/li>\n<li>Evaluarea experimental\u0103 a rezisten\u021bei \u0219i capacit\u0103\u021bii electrice a unei membrane lipidice reconstituite. Manifest\u0103ri electrice ale membranelor biologice.<\/li>\n<li>Elemente de structur\u0103 \u0219i func\u021bie a aminoacizilor. Descrierea efectelor de protonare reversibil\u0103 a aminoacizilor acidici \u0219i bazici. Ecua\u021bia Henderson-Hasselbalch.<\/li>\n<li>Descriptori cantitativi fundamentali pentru analiza proceselor stochastice. Abordarea experimental\u0103 a m\u0103sur\u0103torilor de curent electric \u00een sisteme biologice.<\/li>\n<li>Analiza la nivel uni-molecular a modificarilor conformationale produse de ionii metalici asupra peptidelor si lanturilor de ADN.<\/li>\n<\/ol>\n<p style=\"font-weight: 400;\"><strong>Bibliografie<\/strong><\/p>\n<ol style=\"font-weight: 400;\">\n<li>A. Asandei\u2013<em>Fenomene de Transport \u00een Biofizica Molecular\u0103<\/em>, Alexandru Ioan Cuza University Publishing House, Ia\u0219i, 2018.<\/li>\n<li>L. Mereuta\u2013<em>Metode Actuale \u00een Biofizica Molecular\u0103<\/em>, Alexandru Ioan Cuza University Publishing House, Ia\u0219i, 2017<\/li>\n<li>T. Luchian\u2013<em>Electrofiziologie molecular\u0103. Teorie \u0219i aplica\u021bii<\/em>, Sedcom Libris, Ia\u0219i, 2006<\/li>\n<li>T. Luchian\u2013Introducere \u00een biofizica molecular\u0103 \u0219i celular\u0103, Alexandru Ioan Cuza University Publishing House, Ia\u0219i, 2001<\/li>\n<li>Lodish, H., Baltimore, D., Berk, A., Zipursky, S. L., Matsudaira, P., Darnell, J. W. H. <em>Molecular Cell Biology<\/em> (3rd edition), Freeman and Company, New York, 1995.<\/li>\n<li><em>Molecular and Cellular Biophysics<\/em>, 2006, Meyer B. Jackson, Cambridge University Press<\/li>\n<li><em>Physical Chemistry<\/em>\u00a07ed, by Peter Atkins &amp; Julio de Paula<\/li>\n<\/ol>\n","protected":false},"excerpt":{"rendered":"<p>Tematica admiterii la doctorat: Descrierea analitic\u0103 a transportului ionic prin membrane selective ionic. Ecua\u021bia lui Nernst. Evaluarea experimental\u0103 a rezisten\u021bei \u0219i capacit\u0103\u021bii electrice a unei membrane lipidice reconstituite. Manifest\u0103ri electrice ale membranelor biologice. Elemente de structur\u0103 \u0219i func\u021bie a aminoacizilor. Descrierea efectelor de protonare reversibil\u0103 a aminoacizilor acidici \u0219i bazici. Ecua\u021bia Henderson-Hasselbalch. Descriptori cantitativi fundamentali pentru analiza proceselor\u2026 <span class=\"read-more\"><a href=\"https:\/\/www.phys.uaic.ro\/index.php\/cs-ii-dr-habil-alina-asandei-tematica-admitere-doctorat\/\">Read More &raquo;<\/a><\/span><\/p>\n","protected":false},"author":3,"featured_media":0,"parent":0,"menu_order":0,"comment_status":"closed","ping_status":"closed","template":"","meta":{"footnotes":""},"class_list":["post-19771","page","type-page","status-publish","hentry"],"_links":{"self":[{"href":"https:\/\/www.phys.uaic.ro\/index.php\/wp-json\/wp\/v2\/pages\/19771","targetHints":{"allow":["GET"]}}],"collection":[{"href":"https:\/\/www.phys.uaic.ro\/index.php\/wp-json\/wp\/v2\/pages"}],"about":[{"href":"https:\/\/www.phys.uaic.ro\/index.php\/wp-json\/wp\/v2\/types\/page"}],"author":[{"embeddable":true,"href":"https:\/\/www.phys.uaic.ro\/index.php\/wp-json\/wp\/v2\/users\/3"}],"replies":[{"embeddable":true,"href":"https:\/\/www.phys.uaic.ro\/index.php\/wp-json\/wp\/v2\/comments?post=19771"}],"version-history":[{"count":0,"href":"https:\/\/www.phys.uaic.ro\/index.php\/wp-json\/wp\/v2\/pages\/19771\/revisions"}],"wp:attachment":[{"href":"https:\/\/www.phys.uaic.ro\/index.php\/wp-json\/wp\/v2\/media?parent=19771"}],"curies":[{"name":"wp","href":"https:\/\/api.w.org\/{rel}","templated":true}]}}