{"id":19831,"date":"2023-07-10T11:42:22","date_gmt":"2023-07-10T08:42:22","guid":{"rendered":"https:\/\/www.phys.uaic.ro\/?page_id=19831"},"modified":"2023-07-10T11:53:15","modified_gmt":"2023-07-10T08:53:15","slug":"anunt-privind-pre-sustinerea-in-fata-comisiei-de-indrumare-a-tezei-de-doctorat-a-drd-tifui-gabriela-pe-14-07-2023","status":"publish","type":"page","link":"https:\/\/www.phys.uaic.ro\/index.php\/anunt-privind-pre-sustinerea-in-fata-comisiei-de-indrumare-a-tezei-de-doctorat-a-drd-tifui-gabriela-pe-14-07-2023\/","title":{"rendered":"Anun\u021b privind pre-sus\u021binerea, \u00een fa\u021ba comisiei de \u00eendrumare, a tezei de doctorat a drd. \u021aIFUI Gabriela pe 14.07.2023"},"content":{"rendered":"<p>La data de <strong>14 IULIE 2023<\/strong>, \u00eencep\u00e2nd cu ora <strong>11:00<\/strong>, \u00een Laboratorul de <strong>Plasm\u0103 1<\/strong> va avea loc presus\u021binerea, \u00een fa\u021ba comisiei de \u00eendrumare, a tezei de doctorat cu titlul \u201d<em><strong>Caracterizarea suprafe\u021belor tratate cu plasma desc\u0103rc\u0103rilor electrice \u00een gaze prin tehnicile microscopiei cu for\u021b\u0103 atomic\u0103<\/strong><\/em>\u201d \u00a0prezentat de studenta-doctorand\u0103 <strong>\u021aIFUI Gabriela<\/strong> sub \u00eendrumarea <strong>prof. univ. dr. habil. Lucel S\u00ceRGHI.<\/strong><\/p>\n","protected":false},"excerpt":{"rendered":"<p>La data de 14 IULIE 2023, \u00eencep\u00e2nd cu ora 11:00, \u00een Laboratorul de Plasm\u0103 1 va avea loc presus\u021binerea, \u00een fa\u021ba comisiei de \u00eendrumare, a tezei de doctorat cu titlul \u201dCaracterizarea suprafe\u021belor tratate cu plasma desc\u0103rc\u0103rilor electrice \u00een gaze prin tehnicile microscopiei cu for\u021b\u0103 atomic\u0103\u201d \u00a0prezentat de studenta-doctorand\u0103 \u021aIFUI Gabriela sub \u00eendrumarea prof. univ. dr. habil. Lucel S\u00ceRGHI.<\/p>\n","protected":false},"author":4,"featured_media":0,"parent":0,"menu_order":0,"comment_status":"closed","ping_status":"closed","template":"","meta":{"footnotes":""},"class_list":["post-19831","page","type-page","status-publish","hentry"],"_links":{"self":[{"href":"https:\/\/www.phys.uaic.ro\/index.php\/wp-json\/wp\/v2\/pages\/19831","targetHints":{"allow":["GET"]}}],"collection":[{"href":"https:\/\/www.phys.uaic.ro\/index.php\/wp-json\/wp\/v2\/pages"}],"about":[{"href":"https:\/\/www.phys.uaic.ro\/index.php\/wp-json\/wp\/v2\/types\/page"}],"author":[{"embeddable":true,"href":"https:\/\/www.phys.uaic.ro\/index.php\/wp-json\/wp\/v2\/users\/4"}],"replies":[{"embeddable":true,"href":"https:\/\/www.phys.uaic.ro\/index.php\/wp-json\/wp\/v2\/comments?post=19831"}],"version-history":[{"count":0,"href":"https:\/\/www.phys.uaic.ro\/index.php\/wp-json\/wp\/v2\/pages\/19831\/revisions"}],"wp:attachment":[{"href":"https:\/\/www.phys.uaic.ro\/index.php\/wp-json\/wp\/v2\/media?parent=19831"}],"curies":[{"name":"wp","href":"https:\/\/api.w.org\/{rel}","templated":true}]}}