{"id":19862,"date":"2023-07-14T10:29:38","date_gmt":"2023-07-14T07:29:38","guid":{"rendered":"https:\/\/www.phys.uaic.ro\/?page_id=19862"},"modified":"2023-07-14T10:29:38","modified_gmt":"2023-07-14T07:29:38","slug":"anunt-privind-pre-sustinerea-in-fata-comisiei-de-indrumare-a-tezei-de-doctorat-a-drd-birleanu-emma-roxana-pe-17-07-2023","status":"publish","type":"page","link":"https:\/\/www.phys.uaic.ro\/index.php\/anunt-privind-pre-sustinerea-in-fata-comisiei-de-indrumare-a-tezei-de-doctorat-a-drd-birleanu-emma-roxana-pe-17-07-2023\/","title":{"rendered":"Anun\u021b privind pre-sus\u021binerea, \u00een fa\u021ba comisiei de \u00eendrumare, a tezei de doctorat a drd. B\u00ceRLEANU Emma-Roxana pe 17.07.2023"},"content":{"rendered":"<p>La data de <strong>17 IULIE 2023<\/strong>, \u00eencep\u00e2nd cu ora <strong>10:00<\/strong>, \u00een Laboratorul de <strong>FAM <\/strong>(et.1) va avea loc presus\u021binerea, \u00een fa\u021ba comisiei de \u00eendrumare, a tezei de doctorat cu titlul \u201d<span style=\"color: #000000;\"><em><strong>Modificarea propriet\u0103\u021bilor de adeziune \u0219i stabilitatea polimerilor trata\u021bi \u00een plasm\u0103 la presiune atmosferic\u0103<\/strong><\/em><\/span>\u201d \u00a0prezentat de studenta-doctorand\u0103\u00a0<strong>B\u00ceRLEANU<\/strong> Emma-Roxana sub \u00eendrumarea <strong>prof. univ. dr. habil. Gabriela BORCIA.<\/strong><\/p>\n","protected":false},"excerpt":{"rendered":"<p>La data de 17 IULIE 2023, \u00eencep\u00e2nd cu ora 10:00, \u00een Laboratorul de FAM (et.1) va avea loc presus\u021binerea, \u00een fa\u021ba comisiei de \u00eendrumare, a tezei de doctorat cu titlul \u201dModificarea propriet\u0103\u021bilor de adeziune \u0219i stabilitatea polimerilor trata\u021bi \u00een plasm\u0103 la presiune atmosferic\u0103\u201d \u00a0prezentat de studenta-doctorand\u0103\u00a0B\u00ceRLEANU Emma-Roxana sub \u00eendrumarea prof. univ. dr. habil. Gabriela BORCIA.<\/p>\n","protected":false},"author":4,"featured_media":0,"parent":0,"menu_order":0,"comment_status":"closed","ping_status":"closed","template":"","meta":{"footnotes":""},"class_list":["post-19862","page","type-page","status-publish","hentry"],"_links":{"self":[{"href":"https:\/\/www.phys.uaic.ro\/index.php\/wp-json\/wp\/v2\/pages\/19862","targetHints":{"allow":["GET"]}}],"collection":[{"href":"https:\/\/www.phys.uaic.ro\/index.php\/wp-json\/wp\/v2\/pages"}],"about":[{"href":"https:\/\/www.phys.uaic.ro\/index.php\/wp-json\/wp\/v2\/types\/page"}],"author":[{"embeddable":true,"href":"https:\/\/www.phys.uaic.ro\/index.php\/wp-json\/wp\/v2\/users\/4"}],"replies":[{"embeddable":true,"href":"https:\/\/www.phys.uaic.ro\/index.php\/wp-json\/wp\/v2\/comments?post=19862"}],"version-history":[{"count":0,"href":"https:\/\/www.phys.uaic.ro\/index.php\/wp-json\/wp\/v2\/pages\/19862\/revisions"}],"wp:attachment":[{"href":"https:\/\/www.phys.uaic.ro\/index.php\/wp-json\/wp\/v2\/media?parent=19862"}],"curies":[{"name":"wp","href":"https:\/\/api.w.org\/{rel}","templated":true}]}}