{"id":19920,"date":"2023-07-21T15:31:16","date_gmt":"2023-07-21T12:31:16","guid":{"rendered":"https:\/\/www.phys.uaic.ro\/?page_id=19920"},"modified":"2023-07-26T08:00:08","modified_gmt":"2023-07-26T05:00:08","slug":"sustinerea-tezei-de-doctorat-a-drd-dulgheriu-cas-pavel-cristina-maria-pe-15-09-2023","status":"publish","type":"page","link":"https:\/\/www.phys.uaic.ro\/index.php\/sustinerea-tezei-de-doctorat-a-drd-dulgheriu-cas-pavel-cristina-maria-pe-15-09-2023\/","title":{"rendered":"Sus\u021binerea tezei de doctorat a drd. DULGHERIU (c\u0103s. PAVEL) CRISTINA-MARIA pe 15.09.2023"},"content":{"rendered":"<p><em>Anun\u021bul sus\u021binerii publice<\/em><\/p>\n<p>La data de 15.09.2023, ora 10.00, \u00een sala L1, doamna <strong>DULGHERIU (c\u0103s. PAVEL) CRISTINA-MARIA<\/strong> va sus\u0163ine, \u00een \u015fedin\u0163\u0103 public\u0103, teza de doctorat cu titlul \u201c<strong><em>CONTRIBU\u021aII LA STUDIUL SOLVATOCROMIC \u0218I CUANTO-MECANIC AL UNOR COMPU\u0218I DE INTERES BIOMEDICAL<\/em><\/strong>\u201d<strong>,<\/strong> \u00een vederea ob\u0163inerii titlului \u015ftiin\u0163ific de doctor \u00een domeniul \u0218TIIN\u021aE EXACTE &#8211; FIZIC\u0102.<\/p>\n<p>&nbsp;<\/p>\n<p><strong>DULGHERIU (c\u0103s. PAVEL) CRISTINA-MARIA<\/strong> [<a href=\"https:\/\/www.phys.uaic.ro\/wp-content\/uploads\/2023\/07\/CV_Cristina-Maria-Dulgheriu-cas.-Pavel.pdf\" target=\"_blank\" rel=\"noopener\">CV<\/a>]<\/p>\n<p>&nbsp;<\/p>\n<p>Comisia de doctorat are urm\u0103toarea componen\u0163\u0103:<\/p>\n<ul>\n<li><b>Pre\u015fedinte<\/b>:\n<ul>\n<li>Prof. univ. dr. Diana-Mihaela Mardare, Universitatea &#8222;Alexandru Ioan Cuza&#8221; din Ia\u0219i [<a href=\"https:\/\/www.phys.uaic.ro\/wp-content\/uploads\/2022\/05\/MARDARE_Diana_CV_RO.pdf\">CV<\/a> ]<\/li>\n<\/ul>\n<\/li>\n<\/ul>\n<p>&nbsp;<\/p>\n<ul>\n<li><b>Conduc\u0103tor \u015ftiin\u0163ific<\/b>:\n<ul>\n<li>P<span style=\"font-size: 12pt;\">rof. univ dr. habil. Dan-Gheorghe DIMITRIU, <\/span>Universitatea \u201dAlexandru Ioan Cuza\u201d din Ia\u0219i [<a href=\"https:\/\/www.phys.uaic.ro\/wp-content\/uploads\/2023\/07\/CV_Dimitriu-Dan-Gheorghe.pdf\" target=\"_blank\" rel=\"noopener\">CV<\/a> ]<\/li>\n<\/ul>\n<\/li>\n<\/ul>\n<ul>\n<li><b>Referen\u0163i<\/b>:\n<ul>\n<li>Prof.univ.dr. Simion A\u0218TILEAN, Universitatea Babe\u0219-Bolyai din Cluj-Napoca [<a href=\"https:\/\/www.phys.uaic.ro\/wp-content\/uploads\/2023\/07\/CV_Astilean-Simion.pdf\" target=\"_blank\" rel=\"noopener\">CV<\/a>]<\/li>\n<li>Prof. univ. dr. Mihaela BAICAN, Universitatea de Medicin\u0103 \u0219i Farmacie \u201eGrigoreT. Popa\u201d Ia\u0219i [<a href=\"https:\/\/www.phys.uaic.ro\/wp-content\/uploads\/2023\/07\/CV_Baican-Mihaela.pdf\" target=\"_blank\" rel=\"noopener\">CV<\/a>]<\/li>\n<li>Prof.univ.dr. Silviu-Octavian Gurlui,\u00a0 Universitatea &#8222;Alexandru Ioan Cuza&#8221; din Ia\u0219i [ <a href=\"https:\/\/www.phys.uaic.ro\/wp-content\/uploads\/2022\/05\/Gurlui_Silviu_CV_Ro.pdf\">CV<\/a> ]<\/li>\n<\/ul>\n<\/li>\n<\/ul>\n<p><strong>\u00a0<\/strong><\/p>\n<p>Teza poate fi consultat\u0103 la Biblioteca Facult\u0103\u0163ii de Fizic\u0103.<\/p>\n<ul>\n<li><a href=\"https:\/\/www.phys.uaic.ro\/wp-content\/uploads\/2023\/07\/Rezumat-teza-doctorat-Cristina-Maria-Dulgheriu-cas.-Pavel.pdf\" target=\"_blank\" rel=\"noopener\"><em>Rezumatul tezei de doctorat<\/em><\/a><\/li>\n<\/ul>\n","protected":false},"excerpt":{"rendered":"<p>Anun\u021bul sus\u021binerii publice La data de 15.09.2023, ora 10.00, \u00een sala L1, doamna DULGHERIU (c\u0103s. PAVEL) CRISTINA-MARIA va sus\u0163ine, \u00een \u015fedin\u0163\u0103 public\u0103, teza de doctorat cu titlul \u201cCONTRIBU\u021aII LA STUDIUL SOLVATOCROMIC \u0218I CUANTO-MECANIC AL UNOR COMPU\u0218I DE INTERES BIOMEDICAL\u201d, \u00een vederea ob\u0163inerii titlului \u015ftiin\u0163ific de doctor \u00een domeniul \u0218TIIN\u021aE EXACTE &#8211; FIZIC\u0102. &nbsp; DULGHERIU (c\u0103s. PAVEL) CRISTINA-MARIA [CV]\u2026 <span class=\"read-more\"><a href=\"https:\/\/www.phys.uaic.ro\/index.php\/sustinerea-tezei-de-doctorat-a-drd-dulgheriu-cas-pavel-cristina-maria-pe-15-09-2023\/\">Read More &raquo;<\/a><\/span><\/p>\n","protected":false},"author":4,"featured_media":0,"parent":0,"menu_order":0,"comment_status":"closed","ping_status":"closed","template":"","meta":{"footnotes":""},"class_list":["post-19920","page","type-page","status-publish","hentry"],"_links":{"self":[{"href":"https:\/\/www.phys.uaic.ro\/index.php\/wp-json\/wp\/v2\/pages\/19920","targetHints":{"allow":["GET"]}}],"collection":[{"href":"https:\/\/www.phys.uaic.ro\/index.php\/wp-json\/wp\/v2\/pages"}],"about":[{"href":"https:\/\/www.phys.uaic.ro\/index.php\/wp-json\/wp\/v2\/types\/page"}],"author":[{"embeddable":true,"href":"https:\/\/www.phys.uaic.ro\/index.php\/wp-json\/wp\/v2\/users\/4"}],"replies":[{"embeddable":true,"href":"https:\/\/www.phys.uaic.ro\/index.php\/wp-json\/wp\/v2\/comments?post=19920"}],"version-history":[{"count":0,"href":"https:\/\/www.phys.uaic.ro\/index.php\/wp-json\/wp\/v2\/pages\/19920\/revisions"}],"wp:attachment":[{"href":"https:\/\/www.phys.uaic.ro\/index.php\/wp-json\/wp\/v2\/media?parent=19920"}],"curies":[{"name":"wp","href":"https:\/\/api.w.org\/{rel}","templated":true}]}}