{"id":19987,"date":"2023-08-17T14:34:16","date_gmt":"2023-08-17T11:34:16","guid":{"rendered":"https:\/\/www.phys.uaic.ro\/?page_id=19987"},"modified":"2025-05-22T14:08:10","modified_gmt":"2025-05-22T11:08:10","slug":"anunt-privind-pre-sustinerea-in-fata-comisiei-de-indrumare-a-tezei-de-doctorat-a-drd-farcas-lidia-pe-12-03-2024","status":"publish","type":"page","link":"https:\/\/www.phys.uaic.ro\/index.php\/anunt-privind-pre-sustinerea-in-fata-comisiei-de-indrumare-a-tezei-de-doctorat-a-drd-farcas-lidia-pe-12-03-2024\/","title":{"rendered":"Anunt privind pre-sustinerea in fata comisiei de indrumare a tezei de doctorat a drd. Farcas Lidia pe 12.03.2024"},"content":{"rendered":"<p>La data de\u00a0<strong> 12 martie 2024<\/strong>, \u00eencep\u00e2nd cu ora\u00a0<strong>12:00<\/strong>, \u00een Laboratorul de Informatica va avea loc pre-sus\u021binerea, \u00een fa\u021ba comisiei de \u00eendrumare, a tezei de doctorat cu titlul \u201d<strong>CONTRIBU\u021aII LA DEZVOLTAREA DE CURRICULUM DEDICAT NANOTEHNOLOGIILOR, SENZORILOR \u0218I ACTUATORILOR<\/strong>\u201d \u00a0prezentat\u0103 de studenta-doctorand\u0103 <strong>CIUCIU<\/strong><strong> (cas. Farcas) Lidia- Cerasela <\/strong>sub \u00eendrumarea <strong>prof. univ. dr. habil. Cristian Enachescu.<\/strong><\/p>\n","protected":false},"excerpt":{"rendered":"<p>La data de\u00a0 12 martie 2024, \u00eencep\u00e2nd cu ora\u00a012:00, \u00een Laboratorul de Informatica va avea loc pre-sus\u021binerea, \u00een fa\u021ba comisiei de \u00eendrumare, a tezei de doctorat cu titlul \u201dCONTRIBU\u021aII LA DEZVOLTAREA DE CURRICULUM DEDICAT NANOTEHNOLOGIILOR, SENZORILOR \u0218I ACTUATORILOR\u201d \u00a0prezentat\u0103 de studenta-doctorand\u0103 CIUCIU (cas. Farcas) Lidia- Cerasela sub \u00eendrumarea prof. univ. dr. habil. Cristian Enachescu.<\/p>\n","protected":false},"author":3,"featured_media":0,"parent":0,"menu_order":0,"comment_status":"closed","ping_status":"closed","template":"","meta":{"footnotes":""},"class_list":["post-19987","page","type-page","status-publish","hentry"],"_links":{"self":[{"href":"https:\/\/www.phys.uaic.ro\/index.php\/wp-json\/wp\/v2\/pages\/19987","targetHints":{"allow":["GET"]}}],"collection":[{"href":"https:\/\/www.phys.uaic.ro\/index.php\/wp-json\/wp\/v2\/pages"}],"about":[{"href":"https:\/\/www.phys.uaic.ro\/index.php\/wp-json\/wp\/v2\/types\/page"}],"author":[{"embeddable":true,"href":"https:\/\/www.phys.uaic.ro\/index.php\/wp-json\/wp\/v2\/users\/3"}],"replies":[{"embeddable":true,"href":"https:\/\/www.phys.uaic.ro\/index.php\/wp-json\/wp\/v2\/comments?post=19987"}],"version-history":[{"count":0,"href":"https:\/\/www.phys.uaic.ro\/index.php\/wp-json\/wp\/v2\/pages\/19987\/revisions"}],"wp:attachment":[{"href":"https:\/\/www.phys.uaic.ro\/index.php\/wp-json\/wp\/v2\/media?parent=19987"}],"curies":[{"name":"wp","href":"https:\/\/api.w.org\/{rel}","templated":true}]}}