{"id":20038,"date":"2023-08-24T12:03:47","date_gmt":"2023-08-24T09:03:47","guid":{"rendered":"https:\/\/www.phys.uaic.ro\/?page_id=20038"},"modified":"2023-08-24T14:55:22","modified_gmt":"2023-08-24T11:55:22","slug":"examenul-de-licenta-diploma-sesiunea-septembrie-2023","status":"publish","type":"page","link":"https:\/\/www.phys.uaic.ro\/index.php\/examenul-de-licenta-diploma-sesiunea-septembrie-2023\/","title":{"rendered":"Examenul de licen\u021b\u0103\/diplom\u0103 \u2013 Sesiunea septembrie 2023"},"content":{"rendered":"<header><em><strong><a href=\"https:\/\/www.phys.uaic.ro\/wp-content\/uploads\/2022\/03\/Tematici_licenta.pdf\">Tematica pentru examenul de licen\u021b\u0103\/diplom\u0103 \u2013 sesiunea septembrie 2023<\/a><\/strong><\/em><\/header>\n<header><\/header>\n<header class=\"entry-header\"><a href=\"https:\/\/www.phys.uaic.ro\/wp-content\/uploads\/2022\/06\/Subiecte-licenta-2022_V1.pdf\"><strong><em>Subiecte Licenta 2023<\/em><\/strong><\/a><\/header>\n<p><strong>Sus\u0163inerea examenului de licen\u0163\u0103\/diplom\u0103:<\/strong><\/p>\n<ul>\n<li><span style=\"color: #ff0000;\"><strong>2 septembrie 2023, ora 10, Laboratorul de Fizica Plasmei, etaj 1.<\/strong><\/span><\/li>\n<\/ul>\n<h3><b>Pa\u0219i de parcurs<\/b> pentru \u00eenscrierea la examenul de licen\u021b\u0103:<\/h3>\n<p><strong>\u00a0\u00a0\u00a0\u00a0\u00a0\u00a0\u00a0\u00a0 etapa 1: <\/strong>candidatii vor transmite urm\u0103toarele documente (\u00eentr-un singur mesaj) la adresa de e-mail <em>fizica@uaic.ro<\/em>:<\/p>\n<ol>\n<li>cererea de \u00eenscriere semnat\u0103 cu albastru \u0219i scanat\u0103;<\/li>\n<li><strong>dovad\u0103 medical\u0103 pentru neprezentarea la sesiunea de examene din vara 2023<\/strong><\/li>\n<li>certificat de na\u0219tere scanat;<\/li>\n<li>carte de identitate scanat\u0103;<\/li>\n<li>declara\u021bia coordonatorului lucr\u0103rii de licen\u021b\u0103 care atest\u0103 faptul c\u0103 lucrarea este \u00een analiz\u0103 \u0219i va fi predat\u0103 \u00eenainte de \u00eenceperea examenului (format liber);<\/li>\n<li>chitan\u0163a de plat\u0103 a taxei (200 lei) \u00een cazul repet\u0103rii examenului.<\/li>\n<\/ol>\n<p><strong>\u00a0\u00a0\u00a0\u00a0\u00a0\u00a0\u00a0\u00a0 etapa 2: <\/strong>coordonatorul trimite dou\u0103 documente pe adresa secretarului de comisie, cu cel pu\u021bin dou\u0103 zile \u00eenainte de data programat\u0103 pentru sus\u021binere, folosind\u00a0 fisiere.uaic.ro:<\/p>\n<p>1. referatul de apreciere (care con\u021bine \u0219i informa\u021bii asupra procentului de similitudini, din platforma Turnitin);<\/p>\n<p>2. lucrarea de licen\u021b\u0103\/diplom\u0103 care con\u021bine \u0219i <a href=\"https:\/\/www.phys.uaic.ro\/wp-content\/uploads\/2022\/05\/Declaratie-autenticitate_disertatie_2021.pdf\" target=\"_blank\" rel=\"noopener\">declara\u021bia privind autenticitatea semnat\u0103 de <strong>candidat \u0219i coordonator<\/strong><\/a>, \u00een format <b>pdf<\/b> .<\/p>\n<p>&nbsp;<\/p>\n<h3><a href=\"https:\/\/www.phys.uaic.ro\/wp-content\/uploads\/2023\/05\/SS_Reg-finalizare-studii_2023_final_aprobat-Senat-febr2023.pdf\" target=\"_blank\" rel=\"noopener\"><b><em>Regulament privind organizarea \u0219i desf\u0103\u0219urarea Examenelor de Licen\u021b\u0103\/Diplom\u0103, Diserta\u021bie \u0219i Absolvire (Sesiunile: Iunie-Iulie 2023, Septembrie 2023 \u0219i Februarie 2024)<\/em><\/b><\/a><\/h3>\n","protected":false},"excerpt":{"rendered":"<p>Tematica pentru examenul de licen\u021b\u0103\/diplom\u0103 \u2013 sesiunea septembrie 2023 Subiecte Licenta 2023 Sus\u0163inerea examenului de licen\u0163\u0103\/diplom\u0103: 2 septembrie 2023, ora 10, Laboratorul de Fizica Plasmei, etaj 1. Pa\u0219i de parcurs pentru \u00eenscrierea la examenul de licen\u021b\u0103: \u00a0\u00a0\u00a0\u00a0\u00a0\u00a0\u00a0\u00a0 etapa 1: candidatii vor transmite urm\u0103toarele documente (\u00eentr-un singur mesaj) la adresa de e-mail fizica@uaic.ro: cererea de \u00eenscriere semnat\u0103 cu albastru\u2026 <span class=\"read-more\"><a href=\"https:\/\/www.phys.uaic.ro\/index.php\/examenul-de-licenta-diploma-sesiunea-septembrie-2023\/\">Read More &raquo;<\/a><\/span><\/p>\n","protected":false},"author":5,"featured_media":0,"parent":0,"menu_order":0,"comment_status":"closed","ping_status":"closed","template":"","meta":{"footnotes":""},"class_list":["post-20038","page","type-page","status-publish","hentry"],"_links":{"self":[{"href":"https:\/\/www.phys.uaic.ro\/index.php\/wp-json\/wp\/v2\/pages\/20038","targetHints":{"allow":["GET"]}}],"collection":[{"href":"https:\/\/www.phys.uaic.ro\/index.php\/wp-json\/wp\/v2\/pages"}],"about":[{"href":"https:\/\/www.phys.uaic.ro\/index.php\/wp-json\/wp\/v2\/types\/page"}],"author":[{"embeddable":true,"href":"https:\/\/www.phys.uaic.ro\/index.php\/wp-json\/wp\/v2\/users\/5"}],"replies":[{"embeddable":true,"href":"https:\/\/www.phys.uaic.ro\/index.php\/wp-json\/wp\/v2\/comments?post=20038"}],"version-history":[{"count":0,"href":"https:\/\/www.phys.uaic.ro\/index.php\/wp-json\/wp\/v2\/pages\/20038\/revisions"}],"wp:attachment":[{"href":"https:\/\/www.phys.uaic.ro\/index.php\/wp-json\/wp\/v2\/media?parent=20038"}],"curies":[{"name":"wp","href":"https:\/\/api.w.org\/{rel}","templated":true}]}}