{"id":20043,"date":"2023-08-24T12:09:09","date_gmt":"2023-08-24T09:09:09","guid":{"rendered":"https:\/\/www.phys.uaic.ro\/?page_id=20043"},"modified":"2023-09-05T12:33:57","modified_gmt":"2023-09-05T09:33:57","slug":"numarul-de-locuri-la-licenta-septembrie-2023","status":"publish","type":"page","link":"https:\/\/www.phys.uaic.ro\/index.php\/numarul-de-locuri-la-licenta-septembrie-2023\/","title":{"rendered":"Num\u0103rul de locuri la licen\u021b\u0103 septembrie 2023"},"content":{"rendered":"<div class=\"entry-content\">\n<p>&nbsp;<\/p>\n<table style=\"height: 212px; width: 40.0317%; border: 1px solid black; color: black; font-size: 10px;\" border=\"1px solid black\">\n<tbody>\n<tr style=\"height: 15px;\">\n<td style=\"border: 1px solid black; width: 1.50978%; height: 39px; text-align: center;\" rowspan=\"3\"><strong><span style=\"font-size: 10pt;\">Domeniul de licen\u0163\u0103<\/span><\/strong><\/td>\n<td style=\"border: 1px solid black; width: 3.46745%; height: 39px; text-align: center;\" rowspan=\"3\"><strong><span style=\"font-size: 10pt;\">Specializarea\/ Programul de studii universitare de licen\u0163\u0103<\/span><\/strong><\/td>\n<td style=\"border: 1px solid black; width: 3.97364%; height: 39px; text-align: center;\" rowspan=\"3\"><strong><span style=\"font-size: 10pt;\">Limba de predare<\/span><\/strong><\/td>\n<td style=\"border: 1px solid black; width: 1.78571%; height: 39px; text-align: center;\" rowspan=\"3\"><strong><span style=\"font-size: 10pt;\">Forma de \u00eenv\u0103\u021b\u0103m\u00e2nt<\/span><\/strong><\/td>\n<td style=\"border: 1px solid black; width: 2.00633%; height: 39px; text-align: center;\" rowspan=\"3\"><strong><span style=\"font-size: 10pt;\">Num\u0103r credite<\/span><\/strong><\/td>\n<td style=\"border: 1px solid black; height: 14px; width: 11.7488%; text-align: center;\" colspan=\"4\"><strong><span style=\"font-size: 10pt;\">Num\u0103r locuri<\/span><\/strong><\/td>\n<\/tr>\n<tr style=\"height: 15px;\">\n<td style=\"border: 1px solid black; width: 7.39509%; height: 15px; text-align: center;\" colspan=\"2\"><strong><span style=\"font-size: 10pt;\">Rom\u00e2ni, UE, SEE<\/span><\/strong><\/td>\n<td style=\"border: 1px solid black; height: 15px; width: 4.35375%; text-align: center;\" colspan=\"2\"><strong><span style=\"font-size: 10pt;\">Rom\u00e2ni de pretutindeni<\/span><\/strong><\/td>\n<\/tr>\n<tr style=\"height: 10px;\">\n<td style=\"border: 1px solid black; width: 3.20533%; height: 10px; text-align: center;\"><strong><span style=\"font-size: 10pt;\">Buget<\/span><\/strong><\/td>\n<td style=\"border: 1px solid black; width: 4.18976%; height: 10px; text-align: center;\"><strong><span style=\"font-size: 10pt;\">Tax\u0103<\/span><\/strong><\/td>\n<td style=\"border: 1px solid black; width: 3.38288%; height: 10px; text-align: center;\"><strong><span style=\"font-size: 10pt;\">Buget<\/span><\/strong><\/td>\n<td style=\"border: 1px solid black; width: 0.970874%; height: 10px; text-align: center;\"><strong><span style=\"font-size: 10pt;\">Tax\u0103<\/span><\/strong><\/td>\n<\/tr>\n<tr style=\"height: 21px;\">\n<td style=\"border: 1px solid black; font-size: 13px; width: 1.50978%; height: 21px; text-align: center;\"><span style=\"font-size: 10pt;\">Fizic\u0103<\/span><\/td>\n<td style=\"border: 1px solid black; font-size: 13px; width: 3.46745%; height: 21px; text-align: center;\"><span style=\"font-size: 10pt;\">Physics<\/span><\/td>\n<td style=\"border: 1px solid black; width: 3.97364%; height: 21px; text-align: center;\"><span style=\"font-size: 10pt;\">Englez\u0103<\/span><\/td>\n<td style=\"border: 1px solid black; width: 1.78571%; height: 21px; text-align: center;\"><span style=\"font-size: 10pt;\">IF<\/span><\/td>\n<td style=\"border: 1px solid black; width: 2.00633%; height: 21px; text-align: center;\"><span style=\"font-size: 10pt;\">180<\/span><\/td>\n<td style=\"border: 1px solid black; font-size: 14px; width: 3.20533%; height: 21px; text-align: center;\">&#8211;<\/td>\n<td style=\"border: 1px solid black; font-size: 14px; width: 4.18976%; height: 21px; text-align: center;\">30<\/td>\n<td style=\"border: 1px solid black; font-size: 14px; width: 3.38288%; height: 21px; text-align: center;\"><span style=\"font-size: 10pt;\">&#8211;<\/span><\/td>\n<td style=\"border: 1px solid black; font-size: 14px; width: 0.970874%; height: 21px; text-align: center;\">2<\/td>\n<\/tr>\n<\/tbody>\n<\/table>\n<p>&nbsp;<\/p>\n<table style=\"border: 1px solid black; color: black; font-size: 10px; width: 96.9046%; height: 120px;\">\n<tbody>\n<tr style=\"height: 15px;\">\n<td style=\"border: 1px solid black; height: 60px; width: 10.1733%; text-align: center;\" rowspan=\"3\"><strong><span style=\"font-size: 10pt;\">Domeniul de licen\u0163\u0103<\/span><\/strong><\/td>\n<td style=\"border: 1px solid black; height: 60px; width: 10.9749%; text-align: center;\" rowspan=\"3\"><strong><span style=\"font-size: 10pt;\">Specializarea\/Programul de studii universitare de licen\u0163\u0103<\/span><\/strong><\/td>\n<td style=\"border: 1px solid black; height: 60px; width: 8.73352%; text-align: center;\" rowspan=\"3\"><strong><span style=\"font-size: 10pt;\">Limba de predare<\/span><\/strong><\/td>\n<td style=\"border: 1px solid black; height: 60px; width: 6.8032%; text-align: center;\" rowspan=\"3\"><strong><span style=\"font-size: 10pt;\">Forma de \u00eenv\u0103\u021b\u0103m\u00e2nt<\/span><\/strong><\/td>\n<td style=\"border: 1px solid black; height: 60px; width: 7.93711%; text-align: center;\" rowspan=\"3\"><strong><span style=\"font-size: 10pt;\">Num\u0103r credite<\/span><\/strong><\/td>\n<td style=\"border: 1px solid black; height: 15px; width: 30.45036%; text-align: center;\" colspan=\"4\"><strong><span style=\"font-size: 10pt;\">Num\u0103r locuri<\/span><\/strong><\/td>\n<\/tr>\n<tr style=\"height: 30px;\">\n<td style=\"border: 1px solid black; height: 30px; width: 16.53642%; text-align: center;\" colspan=\"2\"><strong><span style=\"font-size: 10pt;\">Rom\u00e2ni, UE, SEE<\/span><\/strong><\/td>\n<td style=\"border: 1px solid black; height: 30px; width: 13.91394%; text-align: center;\" colspan=\"2\"><strong><span style=\"font-size: 10pt;\">Rom\u00e2ni de pretutindeni<\/span><\/strong><\/td>\n<\/tr>\n<tr style=\"height: 15px;\">\n<td style=\"border: 1px solid black; height: 15px; width: 8.71758%; text-align: center;\"><strong><span style=\"font-size: 10pt;\">Buget<\/span><\/strong><\/td>\n<td style=\"border: 1px solid black; height: 15px; width: 7.81884%; text-align: center;\"><strong><span style=\"font-size: 10pt;\">Tax\u0103<\/span><\/strong><\/td>\n<td style=\"border: 1px solid black; height: 15px; width: 7.0421%; text-align: center;\"><strong><span style=\"font-size: 10pt;\">Buget<\/span><\/strong><\/td>\n<td style=\"border: 1px solid black; height: 15px; width: 6.87184%; text-align: center;\"><strong><span style=\"font-size: 10pt;\">Tax\u0103<\/span><\/strong><\/td>\n<\/tr>\n<tr style=\"height: 19px;\">\n<td style=\"border: 1px solid black; font-size: 13px; height: 60px; width: 10.1733%; text-align: center;\" rowspan=\"3\"><span style=\"font-size: 10pt;\">Fizic\u0103<\/span><\/td>\n<td style=\"border: 1px solid black; font-size: 13px; height: 19px; width: 10.9749%; text-align: center;\"><span style=\"font-size: 10pt;\">Fizic\u0103<\/span><\/td>\n<td style=\"border: 1px solid black; height: 19px; width: 8.73352%; text-align: center;\"><span style=\"font-size: 10pt;\">Rom\u00e2n\u0103<\/span><\/td>\n<td style=\"border: 1px solid black; height: 19px; width: 6.8032%; text-align: center;\"><span style=\"font-size: 10pt;\">IF<\/span><\/td>\n<td style=\"border: 1px solid black; height: 19px; width: 7.93711%; text-align: center;\"><span style=\"font-size: 10pt;\">180<\/span><\/td>\n<td style=\"border: 1px solid black; font-size: 14px; height: 60px; width: 8.71758%; text-align: center;\" rowspan=\"3\"><span style=\"color: #ff0000;\"><strong>6 <\/strong><\/span><\/p>\n<p><span style=\"color: #ff0000;\"><strong>+<br \/>\n<\/strong><\/span><\/p>\n<p>6 suplimentare, dintre care:<\/p>\n<p>+ 2 pentru candida\u021bi proveni\u021bi din sistemul de protec\u021bie social\u0103;<\/p>\n<p>+1 pentru un candidat cu cerin\u021be educa\u021bionale speciale\/dizabilit\u0103\u021bi;<\/p>\n<p>+1 pentru un absolvent de licee situate \u00een mediul rural;<\/p>\n<p>+ 2 pentru etnici romi.<\/td>\n<td style=\"border: 1px solid black; font-size: 14px; height: 60px; width: 7.81884%; text-align: center;\" rowspan=\"3\">102<\/td>\n<td style=\"border: 1px solid black; font-size: 14px; height: 60px; width: 7.0421%; text-align: center;\" rowspan=\"3\"><span style=\"color: #ff0000;\"><strong>5<\/strong><\/span><\/td>\n<td style=\"border: 1px solid black; font-size: 14px; height: 60px; width: 6.87184%; text-align: center;\" rowspan=\"3\">6<\/td>\n<\/tr>\n<tr style=\"height: 19px;\">\n<td style=\"border: 1px solid black; font-size: 13px; height: 22px; width: 10.9749%; text-align: center;\"><span style=\"font-size: 10pt;\">Fizic\u0103 informatic\u0103<\/span><\/td>\n<td style=\"border: 1px solid black; height: 22px; width: 8.73352%; text-align: center;\"><span style=\"font-size: 10pt;\">Rom\u00e2n\u0103<\/span><\/td>\n<td style=\"border: 1px solid black; height: 22px; width: 6.8032%; text-align: center;\"><span style=\"font-size: 10pt;\">IF<\/span><\/td>\n<td style=\"border: 1px solid black; height: 22px; width: 7.93711%; text-align: center;\"><span style=\"font-size: 10pt;\">180<\/span><\/td>\n<\/tr>\n<tr style=\"height: 19px;\">\n<td style=\"border: 1px solid black; font-size: 13px; height: 19px; width: 10.9749%; text-align: center;\"><span style=\"font-size: 10pt;\">Fizic\u0103 medical\u0103<\/span><\/td>\n<td style=\"border: 1px solid black; height: 19px; width: 8.73352%; text-align: center;\"><span style=\"font-size: 10pt;\">Rom\u00e2n\u0103<\/span><\/td>\n<td style=\"border: 1px solid black; height: 19px; width: 6.8032%; text-align: center;\"><span style=\"font-size: 10pt;\">IF<\/span><\/td>\n<td style=\"border: 1px solid black; height: 19px; width: 7.93711%; text-align: center;\"><span style=\"font-size: 10pt;\">180<\/span><\/td>\n<\/tr>\n<\/tbody>\n<\/table>\n<p>&nbsp;<\/p>\n<table style=\"border: 1px solid black; color: black; font-size: 10px; width: 97.8256%; height: 264px;\">\n<tbody>\n<tr style=\"height: 25px;\">\n<td style=\"border: 1px solid black; width: 10.8828%; height: 94px; text-align: center;\" rowspan=\"3\"><strong><span style=\"font-size: 10pt;\">Domeniul de licen\u0163\u0103<\/span><\/strong><\/td>\n<td style=\"border: 1px solid black; width: 11.3276%; height: 94px; text-align: center;\" rowspan=\"3\"><strong><span style=\"font-size: 10pt;\">Specializarea\/Programul de studii universitare de licen\u0163\u0103<\/span><\/strong><\/td>\n<td style=\"border: 1px solid black; width: 9.66117%; height: 94px; text-align: center;\" rowspan=\"3\"><strong><span style=\"font-size: 10pt;\">Limba de predare<\/span><\/strong><\/td>\n<td style=\"border: 1px solid black; width: 5.04357%; height: 94px; text-align: center;\" rowspan=\"3\"><strong><span style=\"font-size: 10pt;\">Forma de \u00eenv\u0103\u021b\u0103m\u00e2nt<\/span><\/strong><\/td>\n<td style=\"border: 1px solid black; width: 7.35566%; height: 94px; text-align: center;\" rowspan=\"3\"><strong><span style=\"font-size: 10pt;\">Num\u0103r credite<\/span><\/strong><\/td>\n<td style=\"border: 1px solid black; width: 32.2866%; height: 25px; text-align: center;\" colspan=\"4\"><strong><span style=\"font-size: 10pt;\">Num\u0103r locuri<\/span><\/strong><\/td>\n<\/tr>\n<tr style=\"height: 44px;\">\n<td style=\"border: 1px solid black; width: 17.1984%; height: 44px; text-align: center;\" colspan=\"2\"><strong><span style=\"font-size: 10pt;\">Rom\u00e2ni, UE, SEE<\/span><\/strong><\/td>\n<td style=\"border: 1px solid black; width: 15.0882%; height: 44px; text-align: center;\" colspan=\"2\"><strong><span style=\"font-size: 10pt;\">Rom\u00e2ni de pretutindeni<\/span><\/strong><\/td>\n<\/tr>\n<tr style=\"height: 25px;\">\n<td style=\"border: 1px solid black; width: 9.37434%; height: 25px; text-align: center;\"><strong><span style=\"font-size: 10pt;\">Buget<\/span><\/strong><\/td>\n<td style=\"border: 1px solid black; width: 7.82404%; height: 25px; text-align: center;\"><strong><span style=\"font-size: 10pt;\">Tax\u0103<\/span><\/strong><\/td>\n<td style=\"border: 1px solid black; width: 7.37041%; height: 25px; text-align: center;\"><strong><span style=\"font-size: 10pt;\">Buget<\/span><\/strong><\/td>\n<td style=\"border: 1px solid black; width: 7.71778%; height: 25px; text-align: center;\"><strong><span style=\"font-size: 10pt;\">Tax\u0103<\/span><\/strong><\/td>\n<\/tr>\n<tr style=\"height: 27px;\">\n<td style=\"border: 1px solid black; font-size: 13px; width: 10.8828%; height: 54px; text-align: center;\" rowspan=\"2\"><span style=\"font-size: 10pt;\">\u015etiin\u0163e inginere\u015fti aplicate<\/span><\/td>\n<td style=\"border: 1px solid black; font-size: 13px; width: 11.3276%; height: 27px; text-align: center;\"><span style=\"font-size: 10pt;\">Fizic\u0103 tehnologic\u0103 (Ia\u0219i)<\/span><\/td>\n<td style=\"border: 1px solid black; width: 9.66117%; height: 27px; text-align: center;\"><span style=\"font-size: 10pt;\">Rom\u00e2n\u0103<\/span><\/td>\n<td style=\"border: 1px solid black; width: 5.04357%; height: 27px; text-align: center;\"><span style=\"font-size: 10pt;\">IF<\/span><\/td>\n<td style=\"border: 1px solid black; width: 7.35566%; height: 27px; text-align: center;\"><span style=\"font-size: 10pt;\">240<\/span><\/td>\n<td style=\"border: 1px solid black; font-size: 14px; width: 9.37434%; height: 27px; text-align: center;\">1 (candidat cu cerin\u021be educa\u021bionale speciale\/dizabilit\u0103\u021bi)<\/td>\n<td style=\"border: 1px solid black; font-size: 14px; width: 7.82404%; height: 27px; text-align: center;\">25<\/td>\n<td style=\"border: 1px solid black; font-size: 14px; width: 7.37041%; height: 27px; text-align: center;\">&#8211;<\/td>\n<td style=\"border: 1px solid black; font-size: 14px; width: 7.71778%; height: 27px; text-align: center;\">2<\/td>\n<\/tr>\n<tr style=\"height: 27px;\">\n<td style=\"border: 1px solid black; font-size: 13px; width: 11.3276%; height: 27px; text-align: center;\"><span style=\"font-size: 10pt;\">Fizic\u0103 tehnologic\u0103 (B\u0103l\u021bi)<\/span><\/td>\n<td style=\"border: 1px solid black; width: 9.66117%; height: 27px; text-align: center;\"><span style=\"font-size: 10pt;\">Rom\u00e2n\u0103<\/span><\/td>\n<td style=\"border: 1px solid black; width: 5.04357%; height: 27px; text-align: center;\"><span style=\"font-size: 10pt;\">IF<\/span><\/td>\n<td style=\"border: 1px solid black; width: 7.35566%; height: 27px; text-align: center;\"><span style=\"font-size: 10pt;\">240<\/span><\/td>\n<td style=\"border: 1px solid black; font-size: 14px; width: 9.37434%; height: 27px; text-align: center;\">&#8211;<\/td>\n<td style=\"border: 1px solid black; font-size: 14px; width: 7.82404%; height: 27px; text-align: center;\">&#8211;<\/td>\n<td style=\"border: 1px solid black; font-size: 14px; width: 7.37041%; height: 27px; text-align: center;\"><span style=\"color: #ff0000;\"><strong>11<\/strong><\/span><\/td>\n<td style=\"border: 1px solid black; font-size: 14px; width: 7.71778%; height: 27px; text-align: center;\">5<\/td>\n<\/tr>\n<\/tbody>\n<\/table>\n<\/div>\n","protected":false},"excerpt":{"rendered":"<p>&nbsp; Domeniul de licen\u0163\u0103 Specializarea\/ Programul de studii universitare de licen\u0163\u0103 Limba de predare Forma de \u00eenv\u0103\u021b\u0103m\u00e2nt Num\u0103r credite Num\u0103r locuri Rom\u00e2ni, UE, SEE Rom\u00e2ni de pretutindeni Buget Tax\u0103 Buget Tax\u0103 Fizic\u0103 Physics Englez\u0103 IF 180 &#8211; 30 &#8211; 2 &nbsp; Domeniul de licen\u0163\u0103 Specializarea\/Programul de studii universitare de licen\u0163\u0103 Limba de predare Forma de \u00eenv\u0103\u021b\u0103m\u00e2nt Num\u0103r credite\u2026 <span class=\"read-more\"><a href=\"https:\/\/www.phys.uaic.ro\/index.php\/numarul-de-locuri-la-licenta-septembrie-2023\/\">Read More &raquo;<\/a><\/span><\/p>\n","protected":false},"author":3,"featured_media":0,"parent":0,"menu_order":0,"comment_status":"closed","ping_status":"closed","template":"","meta":{"footnotes":""},"class_list":["post-20043","page","type-page","status-publish","hentry"],"_links":{"self":[{"href":"https:\/\/www.phys.uaic.ro\/index.php\/wp-json\/wp\/v2\/pages\/20043","targetHints":{"allow":["GET"]}}],"collection":[{"href":"https:\/\/www.phys.uaic.ro\/index.php\/wp-json\/wp\/v2\/pages"}],"about":[{"href":"https:\/\/www.phys.uaic.ro\/index.php\/wp-json\/wp\/v2\/types\/page"}],"author":[{"embeddable":true,"href":"https:\/\/www.phys.uaic.ro\/index.php\/wp-json\/wp\/v2\/users\/3"}],"replies":[{"embeddable":true,"href":"https:\/\/www.phys.uaic.ro\/index.php\/wp-json\/wp\/v2\/comments?post=20043"}],"version-history":[{"count":0,"href":"https:\/\/www.phys.uaic.ro\/index.php\/wp-json\/wp\/v2\/pages\/20043\/revisions"}],"wp:attachment":[{"href":"https:\/\/www.phys.uaic.ro\/index.php\/wp-json\/wp\/v2\/media?parent=20043"}],"curies":[{"name":"wp","href":"https:\/\/api.w.org\/{rel}","templated":true}]}}