{"id":20142,"date":"2023-09-05T11:25:45","date_gmt":"2023-09-05T08:25:45","guid":{"rendered":"https:\/\/www.phys.uaic.ro\/?page_id=20142"},"modified":"2023-09-06T10:44:02","modified_gmt":"2023-09-06T07:44:02","slug":"sustinerea-tezei-de-doctorat-a-drd-frasila-t-mihail-pe-25-09-2023","status":"publish","type":"page","link":"https:\/\/www.phys.uaic.ro\/index.php\/sustinerea-tezei-de-doctorat-a-drd-frasila-t-mihail-pe-25-09-2023\/","title":{"rendered":"Sus\u021binerea tezei de doctorat a drd. FR\u0102SIL\u0102 T. MIHAIL pe 25.09.2023"},"content":{"rendered":"<p><a href=\"https:\/\/www.phys.uaic.ro\/wp-content\/uploads\/2023\/09\/anunt-frasila.pdf\" target=\"_blank\" rel=\"noopener\"><em>Anun\u021bul sus\u021binerii publice<\/em><\/a><\/p>\n<p>La data de 25.09.2023, ora11:00, \u00een sala L1, dl FR\u0102SIL\u0102 T. MIHAIL va sus\u0163ine, \u00een \u015fedin\u0163\u0103 public\u0103, teza de doctorat cu titlul<\/p>\n<p><strong><em>ANALIZA DINAMICILOR UNOR SISTEME COMPLEXE DINTR-O PERSPECTIV\u0102 FRACTAL\u0102<\/em><\/strong><\/p>\n<p>\u00een vederea ob\u0163inerii titlului \u015ftiin\u0163ific de doctor \u00een domeniul Fizic\u0103.<\/p>\n<p>FR\u0102SIL\u0102 T. MIHAIL [<a href=\"https:\/\/www.phys.uaic.ro\/wp-content\/uploads\/2023\/09\/CV_Frasila_Mihail_actualizat.pdf\">CV<\/a>]<\/p>\n<p>&nbsp;<\/p>\n<p>Comisia de doctorat are urm\u0103toarea componen\u0163\u0103:<\/p>\n<ul>\n<li><b>Pre\u015fedinte<\/b>:\n<ul>\n<li>Prof. univ. dr. Diana-Mihaela Mardare, Universitatea &#8222;Alexandru Ioan Cuza&#8221; din Ia\u0219i [<a href=\"https:\/\/www.phys.uaic.ro\/wp-content\/uploads\/2022\/05\/MARDARE_Diana_CV_RO.pdf\">CV<\/a> ]<\/li>\n<\/ul>\n<\/li>\n<\/ul>\n<ul>\n<li><b>Conduc\u0103tor \u015ftiin\u0163ific<\/b>:\n<ul>\n<li>Prof. univ. dr. Maricel AGOP, Universitatea \u201dAlexandru Ioan Cuza\u201d din Ia\u0219i [<a href=\"https:\/\/www.phys.uaic.ro\/wp-content\/uploads\/2022\/03\/CV-2021-AGOP-engl.pdf\">CV<\/a> ]<\/li>\n<\/ul>\n<\/li>\n<\/ul>\n<ul>\n<li><b>Referen\u0163i<\/b>:\n<ul>\n<li>Prof.univ.dr. Dumitru VULCANOV,\u00a0 Universitatea de Vest din Timi\u015foara [ <a href=\"https:\/\/www.phys.uaic.ro\/wp-content\/uploads\/2022\/09\/CV_Vulcanov-Dumitru.pdf\" target=\"_blank\" rel=\"noopener\">CV<\/a> ]<\/li>\n<li>Prof.univ.dr. Emil PETRESCU, Universitatea &#8222;Politehnica&#8221; din Bucure\u015fti [<a href=\"https:\/\/www.phys.uaic.ro\/wp-content\/uploads\/2022\/09\/CV_Petrescu-Emil.pdf\" target=\"_blank\" rel=\"noopener\">CV<\/a>]<\/li>\n<li>Prof.univ.dr. Aura-Marina DARIESCU, Universitatea &#8222;Alexandru Ioan Cuza&#8221; din Ia\u0219i [<a href=\"https:\/\/www.phys.uaic.ro\/wp-content\/uploads\/2022\/05\/Dariescu_MA_CV_RO.pdf\" target=\"_blank\" rel=\"noopener\"> CV<\/a> ]<\/li>\n<\/ul>\n<\/li>\n<\/ul>\n<p>&nbsp;<\/p>\n<p>Teza poate fi consultat\u0103 la Biblioteca Facult\u0103\u0163ii de Fizic\u0103.<\/p>\n<ul>\n<li><a href=\"https:\/\/www.phys.uaic.ro\/wp-content\/uploads\/2023\/09\/Rezumat_Frasila.pdf\" target=\"_blank\" rel=\"noopener\"><em>Rezumatul tezei de doctorat<\/em><\/a><\/li>\n<\/ul>\n","protected":false},"excerpt":{"rendered":"<p>Anun\u021bul sus\u021binerii publice La data de 25.09.2023, ora11:00, \u00een sala L1, dl FR\u0102SIL\u0102 T. MIHAIL va sus\u0163ine, \u00een \u015fedin\u0163\u0103 public\u0103, teza de doctorat cu titlul ANALIZA DINAMICILOR UNOR SISTEME COMPLEXE DINTR-O PERSPECTIV\u0102 FRACTAL\u0102 \u00een vederea ob\u0163inerii titlului \u015ftiin\u0163ific de doctor \u00een domeniul Fizic\u0103. FR\u0102SIL\u0102 T. MIHAIL [CV] &nbsp; Comisia de doctorat are urm\u0103toarea componen\u0163\u0103: Pre\u015fedinte: Prof. univ. dr.\u2026 <span class=\"read-more\"><a href=\"https:\/\/www.phys.uaic.ro\/index.php\/sustinerea-tezei-de-doctorat-a-drd-frasila-t-mihail-pe-25-09-2023\/\">Read More &raquo;<\/a><\/span><\/p>\n","protected":false},"author":4,"featured_media":0,"parent":0,"menu_order":0,"comment_status":"closed","ping_status":"closed","template":"","meta":{"footnotes":""},"class_list":["post-20142","page","type-page","status-publish","hentry"],"_links":{"self":[{"href":"https:\/\/www.phys.uaic.ro\/index.php\/wp-json\/wp\/v2\/pages\/20142","targetHints":{"allow":["GET"]}}],"collection":[{"href":"https:\/\/www.phys.uaic.ro\/index.php\/wp-json\/wp\/v2\/pages"}],"about":[{"href":"https:\/\/www.phys.uaic.ro\/index.php\/wp-json\/wp\/v2\/types\/page"}],"author":[{"embeddable":true,"href":"https:\/\/www.phys.uaic.ro\/index.php\/wp-json\/wp\/v2\/users\/4"}],"replies":[{"embeddable":true,"href":"https:\/\/www.phys.uaic.ro\/index.php\/wp-json\/wp\/v2\/comments?post=20142"}],"version-history":[{"count":0,"href":"https:\/\/www.phys.uaic.ro\/index.php\/wp-json\/wp\/v2\/pages\/20142\/revisions"}],"wp:attachment":[{"href":"https:\/\/www.phys.uaic.ro\/index.php\/wp-json\/wp\/v2\/media?parent=20142"}],"curies":[{"name":"wp","href":"https:\/\/api.w.org\/{rel}","templated":true}]}}