{"id":20188,"date":"2023-09-07T14:00:48","date_gmt":"2023-09-07T11:00:48","guid":{"rendered":"https:\/\/www.phys.uaic.ro\/?page_id=20188"},"modified":"2025-05-22T14:09:00","modified_gmt":"2025-05-22T11:09:00","slug":"anunt-privind-pre-sustinerea-in-fata-comisiei-de-indrumare-a-tezei-de-doctorat-a-drd-hutusoru-luminita-pe-06-09-2023","status":"publish","type":"page","link":"https:\/\/www.phys.uaic.ro\/index.php\/anunt-privind-pre-sustinerea-in-fata-comisiei-de-indrumare-a-tezei-de-doctorat-a-drd-hutusoru-luminita-pe-06-09-2023\/","title":{"rendered":"Anunt privind pre-sustinerea in fata comisiei de indrumare a tezei de doctorat a drd. HU\u0162U\u015eORU Lumini\u0163a pe 06.09.2023"},"content":{"rendered":"<p>La data de\u00a0<strong>06 SEPTEMBRIE 2023<\/strong>, \u00een Laboratorul de Biofizic\u0103 &#8211; parter va avea loc pre-sus\u021binerea, \u00een fa\u021ba comisiei de \u00eendrumare, a tezei de doctorat cu titlul \u201d<strong><em>Studiul unor straturi sub\u021biri \u0219i nanostructuri pentru aplica\u021bii orientate spre electronic\u0103 (Study of thin films and nanostructures for electronics oriented applications)<\/em><\/strong>\u201d \u00a0prezentat\u0103 de studenta-doctorand\u0103 <strong>HU\u0162U\u015eORU<\/strong> <strong>Lumini\u0163a <\/strong>sub \u00eendrumarea\u00a0<strong>prof. univ. dr. Felicia IACOMI.<\/strong><\/p>\n","protected":false},"excerpt":{"rendered":"<p>La data de\u00a006 SEPTEMBRIE 2023, \u00een Laboratorul de Biofizic\u0103 &#8211; parter va avea loc pre-sus\u021binerea, \u00een fa\u021ba comisiei de \u00eendrumare, a tezei de doctorat cu titlul \u201dStudiul unor straturi sub\u021biri \u0219i nanostructuri pentru aplica\u021bii orientate spre electronic\u0103 (Study of thin films and nanostructures for electronics oriented applications)\u201d \u00a0prezentat\u0103 de studenta-doctorand\u0103 HU\u0162U\u015eORU Lumini\u0163a sub \u00eendrumarea\u00a0prof. univ. dr. Felicia IACOMI.<\/p>\n","protected":false},"author":4,"featured_media":0,"parent":0,"menu_order":0,"comment_status":"closed","ping_status":"closed","template":"","meta":{"footnotes":""},"class_list":["post-20188","page","type-page","status-publish","hentry"],"_links":{"self":[{"href":"https:\/\/www.phys.uaic.ro\/index.php\/wp-json\/wp\/v2\/pages\/20188","targetHints":{"allow":["GET"]}}],"collection":[{"href":"https:\/\/www.phys.uaic.ro\/index.php\/wp-json\/wp\/v2\/pages"}],"about":[{"href":"https:\/\/www.phys.uaic.ro\/index.php\/wp-json\/wp\/v2\/types\/page"}],"author":[{"embeddable":true,"href":"https:\/\/www.phys.uaic.ro\/index.php\/wp-json\/wp\/v2\/users\/4"}],"replies":[{"embeddable":true,"href":"https:\/\/www.phys.uaic.ro\/index.php\/wp-json\/wp\/v2\/comments?post=20188"}],"version-history":[{"count":0,"href":"https:\/\/www.phys.uaic.ro\/index.php\/wp-json\/wp\/v2\/pages\/20188\/revisions"}],"wp:attachment":[{"href":"https:\/\/www.phys.uaic.ro\/index.php\/wp-json\/wp\/v2\/media?parent=20188"}],"curies":[{"name":"wp","href":"https:\/\/api.w.org\/{rel}","templated":true}]}}