{"id":202,"date":"2018-02-14T13:38:38","date_gmt":"2018-02-14T13:38:38","guid":{"rendered":"http:\/\/www.phys.uaic.ro\/?page_id=202"},"modified":"2026-02-20T11:03:31","modified_gmt":"2026-02-20T09:03:31","slug":"https-www-phys-uaic-ro-index-php-studenti-concurs-hurmuzescu-concurs-hurmuzescu-xii","status":"publish","type":"page","link":"https:\/\/www.phys.uaic.ro\/index.php\/studenti\/https-www-phys-uaic-ro-index-php-studenti-concurs-hurmuzescu-concurs-hurmuzescu-xii\/","title":{"rendered":"Concursul Dragomir Hurmuzescu"},"content":{"rendered":"<p>\u00cen anul s\u0103rb\u0103toririi a 50 de ani de la \u00eenfiin\u021bare, Facultatea de Fizic\u0103 a Universit\u0103\u021bii &#8222;Alexandru Ioan Cuza&#8221; din Ia\u0219i \u0219i SOPHYS (Societatea Absolven\u021bilor Facult\u0103\u021bii de Fizic\u0103 din Ia\u0219i) au organizat prima edi\u021bie a Concursului Na\u021bional Studen\u021besc de Fizic\u0103 &#8222;Dragomir Hurmuzescu&#8221;.<\/p>\n<p>Ini\u021biind aceast\u0103 olimpiad\u0103, Facultatea de Fizic\u0103 re\u00eennoad\u0103 tradi\u021bia concursurilor dedicate \u0219i studen\u021bilor fizicieni (\u00centre 1957 \u0219i 1988 a avut loc Concursul &#8222;Traian Lalescu&#8221; pentru studen\u021bi, av\u00e2nd ca sec\u021biuni Matematica \u0219i Fizica. \u00cen 2008, concursul &#8222;Traian Lalescu&#8221; a fost reluat, dar cu sec\u021biunile de Matematic\u0103 \u0219i Informatic\u0103).<\/p>\n<p><a href=\"https:\/\/www.phys.uaic.ro\/index.php\/concursul-hurmuzescu-editia-2026\/\" target=\"_blank\" rel=\"noopener\"><span style=\"font-size: 14pt;\"><strong>Concursul Dragomir Hurmuzescu Editia a XIV-a 2026<\/strong><\/span><\/a><\/p>\n<p><a href=\"https:\/\/www.phys.uaic.ro\/index.php\/concursul-hurmuzescu-editia-2025\/\" target=\"_blank\" rel=\"noopener\"><span style=\"font-size: 14pt;\"><strong>Concursul Dragomir Hurmuzescu Editia a XIII-a 2025<\/strong><\/span><\/a><\/p>\n<p><span style=\"font-size: 14pt;\"><a href=\"https:\/\/www.phys.uaic.ro\/index.php\/index-php-studenti-concurs-hurmuzescu-concurs-hurmuzescu-xii\/\"><strong>Concursul Dragomir Hurmuzescu Editia a XII-a 2024<\/strong><\/a><\/span><\/p>\n<p><a href=\"https:\/\/www.phys.uaic.ro\/index.php\/studenti-concurs-hurmuzescu-concurs-hurmuzescu-xi\/\"><span style=\"font-size: 14pt;\"><strong>Concursul Dragomir Hurmuzescu Editia a XI-a 2023<\/strong><\/span><\/a><\/p>\n<h3><a href=\"https:\/\/www.phys.uaic.ro\/index.php\/studenti-concurs-hurmuzescu-concurs-hurmuzescu-x\/\">Concursul Dragomir Hurmuzescu Edi\u021bia a X-a 2022<\/a><\/h3>\n<h3><a href=\"concurs-hurmuzescu-ix\">Concursul Dragomir Hurmuzescu Edi\u021bia a IX-a 2021<\/a><\/h3>\n<p><!--\n\n\n<h3><a href=\"concurs-hurmuzescu-ix\">Concursul Dragomir Hurmuzescu Edi\u021bia a IX-a 2020<\/a><\/h3>\n\n\n--><\/p>\n<h3><a href=\"concurs-hurmuzescu-viii\">Concursul Dragomir Hurmuzescu Edi\u021bia a VIII-a 2019<\/a><\/h3>\n<h3><a href=\"concurs-hurmuzescu-vii\">Concursul Dragomir Hurmuzescu Edi\u021bia a VII-a 2018<\/a><\/h3>\n<h3><a href=\"concurs-hurmuzescu-vi\">Concursul Dragomir Hurmuzescu Edi\u021bia a VI-a 2017<\/a><\/h3>\n<h3><a href=\"concurs-hurmuzescu-v\">Concursul Dragomir Hurmuzescu Edi\u021bia a V-a 2016<\/a><\/h3>\n<h3><a href=\"concurs-hurmuzescu-iv\">Concursul Dragomir Hurmuzescu Edi\u021bia a IV-a 2015<\/a><\/h3>\n<h3><a href=\"concurs-hurmuzescu-iii\">Concursul Dragomir Hurmuzescu Edi\u021bia a III-a 2014<\/a><\/h3>\n<h3><a href=\"concurs-hurmuzescu-ii\">Concursul Dragomir Hurmuzescu Edi\u021bia a II-a 2013<\/a><\/h3>\n<h3><a href=\"concurs-hurmuzescu-i\">Concursul Dragomir Hurmuzescu Edi\u021bia I 2012<\/a><\/h3>\n","protected":false},"excerpt":{"rendered":"<p>\u00cen anul s\u0103rb\u0103toririi a 50 de ani de la \u00eenfiin\u021bare, Facultatea de Fizic\u0103 a Universit\u0103\u021bii &#8222;Alexandru Ioan Cuza&#8221; din Ia\u0219i \u0219i SOPHYS (Societatea Absolven\u021bilor Facult\u0103\u021bii de Fizic\u0103 din Ia\u0219i) au organizat prima edi\u021bie a Concursului Na\u021bional Studen\u021besc de Fizic\u0103 &#8222;Dragomir Hurmuzescu&#8221;. Ini\u021biind aceast\u0103 olimpiad\u0103, Facultatea de Fizic\u0103 re\u00eennoad\u0103 tradi\u021bia concursurilor dedicate \u0219i studen\u021bilor fizicieni (\u00centre 1957 \u0219i 1988\u2026 <span class=\"read-more\"><a href=\"https:\/\/www.phys.uaic.ro\/index.php\/studenti\/https-www-phys-uaic-ro-index-php-studenti-concurs-hurmuzescu-concurs-hurmuzescu-xii\/\">Read More &raquo;<\/a><\/span><\/p>\n","protected":false},"author":3,"featured_media":0,"parent":31,"menu_order":0,"comment_status":"closed","ping_status":"closed","template":"","meta":{"_crdt_document":"","footnotes":""},"class_list":["post-202","page","type-page","status-publish","hentry"],"_links":{"self":[{"href":"https:\/\/www.phys.uaic.ro\/index.php\/wp-json\/wp\/v2\/pages\/202","targetHints":{"allow":["GET"]}}],"collection":[{"href":"https:\/\/www.phys.uaic.ro\/index.php\/wp-json\/wp\/v2\/pages"}],"about":[{"href":"https:\/\/www.phys.uaic.ro\/index.php\/wp-json\/wp\/v2\/types\/page"}],"author":[{"embeddable":true,"href":"https:\/\/www.phys.uaic.ro\/index.php\/wp-json\/wp\/v2\/users\/3"}],"replies":[{"embeddable":true,"href":"https:\/\/www.phys.uaic.ro\/index.php\/wp-json\/wp\/v2\/comments?post=202"}],"version-history":[{"count":0,"href":"https:\/\/www.phys.uaic.ro\/index.php\/wp-json\/wp\/v2\/pages\/202\/revisions"}],"up":[{"embeddable":true,"href":"https:\/\/www.phys.uaic.ro\/index.php\/wp-json\/wp\/v2\/pages\/31"}],"wp:attachment":[{"href":"https:\/\/www.phys.uaic.ro\/index.php\/wp-json\/wp\/v2\/media?parent=202"}],"curies":[{"name":"wp","href":"https:\/\/api.w.org\/{rel}","templated":true}]}}