{"id":20255,"date":"2023-09-11T14:44:43","date_gmt":"2023-09-11T11:44:43","guid":{"rendered":"https:\/\/www.phys.uaic.ro\/?page_id=20255"},"modified":"2023-09-12T10:34:29","modified_gmt":"2023-09-12T07:34:29","slug":"sustinerea-tezei-de-doctorat-a-drd-minuti-n-anca-emanuela-pe-27-09-2023","status":"publish","type":"page","link":"https:\/\/www.phys.uaic.ro\/index.php\/sustinerea-tezei-de-doctorat-a-drd-minuti-n-anca-emanuela-pe-27-09-2023\/","title":{"rendered":"Sus\u021binerea tezei de doctorat a drd. MINU\u0162I N. ANCA &#8211; EMANUELA pe 27.09.2023"},"content":{"rendered":"<p><a href=\"https:\/\/www.phys.uaic.ro\/wp-content\/uploads\/2023\/09\/anunt_Minuti.pdf\" target=\"_blank\" rel=\"noopener\"><em>Anun\u021bul sus\u021binerii publice<\/em><\/a><\/p>\n<p>La data de 27.09.2023, ora 11:00, \u00een sala L1, dna <strong>MINU\u0162I N. ANCA &#8211; EMANUELA<\/strong> va sus\u0163ine, \u00een \u015fedin\u0163\u0103 public\u0103, teza de doctorat cu titlul<\/p>\n<p><strong><em>ACTUAREA MAGNETO-MECANIC\u0102 A PARTICULELOR MAGNETICE \u00ceN PROCESUL DE DISTRUGERE A CELULELOR CANCEROASE<\/em><\/strong><\/p>\n<p>\u00een vederea ob\u0163inerii titlului \u015ftiin\u0163ific de doctor \u00een domeniul Fizic\u0103.<\/p>\n<p><strong>MINU\u0162I N. ANCA &#8211; EMANUELA<\/strong> [<a href=\"https:\/\/www.phys.uaic.ro\/wp-content\/uploads\/2023\/09\/CV-Anca-Minuti.pdf\" target=\"_blank\" rel=\"noopener\">CV<\/a>]<\/p>\n<p>&nbsp;<\/p>\n<p>Comisia de doctorat are urm\u0103toarea componen\u0163\u0103:<\/p>\n<ul>\n<li><b>Pre\u015fedinte<\/b>:\n<ul>\n<li>Prof. univ. dr. Diana-Mihaela MARDARE, Universitatea &#8222;Alexandru Ioan Cuza&#8221; din Ia\u0219i [<a href=\"https:\/\/www.phys.uaic.ro\/wp-content\/uploads\/2022\/05\/MARDARE_Diana_CV_RO.pdf\">CV<\/a> ]<\/li>\n<\/ul>\n<\/li>\n<\/ul>\n<ul>\n<li><b>Conduc\u0103tor \u015ftiin\u0163ific<\/b>:\n<ul>\n<li>Prof. univ. dr. habil. Dorina-Emilia CREANG\u0102, Universitatea \u201dAlexandru Ioan Cuza\u201d din Ia\u0219i [<a href=\"https:\/\/www.phys.uaic.ro\/wp-content\/uploads\/2023\/09\/CV-D.CREANGA-ENGL.pdf\" target=\"_blank\" rel=\"noopener\">CV<\/a>]<\/li>\n<\/ul>\n<\/li>\n<\/ul>\n<ul>\n<li><b>Referen\u0163i<\/b>:\n<ul>\n<li>Prof univ. dr. habil. Cristina STAN, Universitatea &#8222;Politehnica&#8221; din Bucure\u015fti [<a href=\"https:\/\/www.phys.uaic.ro\/wp-content\/uploads\/2022\/09\/CV_C.Stan_.pdf\" target=\"_blank\" rel=\"noopener\">CV<\/a>]<\/li>\n<li>CS I Horia CHIRIAC, INCD pentru Fizic\u0103 Tehnic\u0103 din Ia\u0219i [<a href=\"https:\/\/www.phys.uaic.ro\/wp-content\/uploads\/2023\/09\/CV-Horia-Chiriac.pdf\" target=\"_blank\" rel=\"noopener\">CV<\/a>]<\/li>\n<li>Prof. univ. dr. Liliana VERE\u015eTIUC, Universitatea de Medicin\u0103 \u015fi Farmacie &#8222;Gr.T.Popa&#8221; din Ia\u0219i [CV ]<\/li>\n<\/ul>\n<\/li>\n<\/ul>\n<p>&nbsp;<\/p>\n<p>Teza poate fi consultat\u0103 la Biblioteca Facult\u0103\u0163ii de Fizic\u0103.<\/p>\n<ul>\n<li><a href=\"https:\/\/www.phys.uaic.ro\/wp-content\/uploads\/2023\/09\/Rezumat-teza-doctorat-Anca-Minuti.pdf\" target=\"_blank\" rel=\"noopener\"><em>Rezumatul tezei de doctorat<\/em><\/a><\/li>\n<\/ul>\n","protected":false},"excerpt":{"rendered":"<p>Anun\u021bul sus\u021binerii publice La data de 27.09.2023, ora 11:00, \u00een sala L1, dna MINU\u0162I N. ANCA &#8211; EMANUELA va sus\u0163ine, \u00een \u015fedin\u0163\u0103 public\u0103, teza de doctorat cu titlul ACTUAREA MAGNETO-MECANIC\u0102 A PARTICULELOR MAGNETICE \u00ceN PROCESUL DE DISTRUGERE A CELULELOR CANCEROASE \u00een vederea ob\u0163inerii titlului \u015ftiin\u0163ific de doctor \u00een domeniul Fizic\u0103. MINU\u0162I N. ANCA &#8211; EMANUELA [CV] &nbsp; Comisia\u2026 <span class=\"read-more\"><a href=\"https:\/\/www.phys.uaic.ro\/index.php\/sustinerea-tezei-de-doctorat-a-drd-minuti-n-anca-emanuela-pe-27-09-2023\/\">Read More &raquo;<\/a><\/span><\/p>\n","protected":false},"author":4,"featured_media":0,"parent":0,"menu_order":0,"comment_status":"closed","ping_status":"closed","template":"","meta":{"footnotes":""},"class_list":["post-20255","page","type-page","status-publish","hentry"],"_links":{"self":[{"href":"https:\/\/www.phys.uaic.ro\/index.php\/wp-json\/wp\/v2\/pages\/20255","targetHints":{"allow":["GET"]}}],"collection":[{"href":"https:\/\/www.phys.uaic.ro\/index.php\/wp-json\/wp\/v2\/pages"}],"about":[{"href":"https:\/\/www.phys.uaic.ro\/index.php\/wp-json\/wp\/v2\/types\/page"}],"author":[{"embeddable":true,"href":"https:\/\/www.phys.uaic.ro\/index.php\/wp-json\/wp\/v2\/users\/4"}],"replies":[{"embeddable":true,"href":"https:\/\/www.phys.uaic.ro\/index.php\/wp-json\/wp\/v2\/comments?post=20255"}],"version-history":[{"count":0,"href":"https:\/\/www.phys.uaic.ro\/index.php\/wp-json\/wp\/v2\/pages\/20255\/revisions"}],"wp:attachment":[{"href":"https:\/\/www.phys.uaic.ro\/index.php\/wp-json\/wp\/v2\/media?parent=20255"}],"curies":[{"name":"wp","href":"https:\/\/api.w.org\/{rel}","templated":true}]}}