{"id":204,"date":"2018-02-14T13:39:35","date_gmt":"2018-02-14T13:39:35","guid":{"rendered":"http:\/\/www.phys.uaic.ro\/?page_id=204"},"modified":"2026-03-23T08:05:58","modified_gmt":"2026-03-23T06:05:58","slug":"burse","status":"publish","type":"page","link":"https:\/\/www.phys.uaic.ro\/index.php\/studenti\/burse-tabere\/burse\/","title":{"rendered":"Burse"},"content":{"rendered":"<div class=\"x1e56ztr\" data-block=\"true\" data-editor=\"9lbc\" data-offset-key=\"b5427-0-0\">\n<div data-offset-key=\"b5427-0-0\">\n<div class=\"fusion-text\">\n<h1>2025-2026<\/h1>\n<p><span style=\"font-size: 14pt;\"><strong><span style=\"color: #ff0000;\">NOU!<\/span> <a href=\"https:\/\/www.phys.uaic.ro\/wp-content\/uploads\/2026\/03\/PEO-Echitate_A6_ghid-de-utilizare-platforma-burse-sociale_studenti.pdf\" target=\"_blank\" rel=\"noopener\"><em>PEO &#8211; GHID de utilizare platforma burse sociale<\/em><\/a><\/strong><\/span><\/p>\n<p><em><a href=\"https:\/\/www.phys.uaic.ro\/wp-content\/uploads\/2026\/03\/Intrebari-frecvente_Platforma-burse-sociale_UEFISCDI_2026.pdf\" target=\"_blank\" rel=\"noopener\"><strong>Intrebari frecvente &#8211; PEO &#8211; burse sociale UEFISCDI 2026<\/strong><\/a><\/em><\/p>\n<p><span style=\"font-size: 12pt;\"><strong><span style=\"color: #ff0000;\">NOU!<\/span> <\/strong>Dosarele pentru bursele de perfoman\u021b\u0103, <strong>MASTER<\/strong>, vor fi trimise pe email la <strong>fizica@uaic.ro, <\/strong>pana la data de 27.03.2026.<\/span><br \/>\n<span style=\"font-size: 12pt;\"><a href=\"https:\/\/www.phys.uaic.ro\/wp-content\/uploads\/2024\/03\/Criterii-de-acordare-a-burselor-masterat_2020.pdf\" target=\"_blank\" rel=\"noopener\"><em><span style=\"font-size: 14pt;\"><span style=\"font-size: 12pt;\">Criterii de acordare a burselor la MASTER<\/span><\/span><\/em><\/a><\/span><\/p>\n<p><span style=\"font-size: 14pt;\"><strong><span style=\"color: #ff0000;\">NOU!<\/span> Bursele sociale oferite prin proiectul na\u021bional \u201eInterven\u021bii pentru \u00eenv\u0103\u021b\u0103m\u00e2ntul ter\u021biar \u2013 m\u0103suri sistemice pentru prevenirea \u0219i reducerea abandonului universitar\u201d<\/strong><\/span><\/p>\n<p>In <strong>prima etapa<\/strong> au primit email <strong>studentii beneficiari de bursa sociala din sem 1<\/strong>.<\/p>\n<p><strong> Responsabilitatea studen\u021bilor:<\/strong><\/p>\n<ul>\n<li>acceseaz\u0103 contul creat \u00een platform\u0103;<\/li>\n<li>completeaz\u0103 datele solicitate;<\/li>\n<li>verific\u0103 \u0219i salveaz\u0103 informa\u021biile introduse.<\/li>\n<\/ul>\n<p>Pentru studentii eligibili (doar studen\u021bii rom\u00e2ni, inmatriculati la buget) care nu au primit bursa din cauza lipsei fondului urmeaza etapa a 2-a.<\/p>\n<p><em><span style=\"font-size: 10pt;\">Grupul \u021bint\u0103 al proiectului este format din studen\u021bii \u00eenmatricula\u021bi la un program de studii universitare de licen\u021b\u0103 \u0219i masterat (ISCED 6-7) din cadrul institu\u021biilor de \u00eenv\u0103\u021b\u0103m\u00e2nt superior de stat civile, <strong>finan\u021barea studiilor de la bugetul de stat<\/strong>, forma de \u00eenv\u0103\u021b\u0103m\u00e2nt <strong>cu frecven\u021b\u0103<\/strong>, cu<strong> v\u00e2rsta de p\u00e2n\u0103 la 29 ani<\/strong> \u00eemplini\u021bi la data lu\u0103rii \u00een eviden\u021b\u0103,<strong> care \u00eendeplinesc condi\u021biile de acordare a burselor sociale<\/strong> conform prevederilor art. 10 alin. (9) lit. a) \u2013 c) din <strong>OME nr. 6.463\/2023<\/strong>, cu modific\u0103rile \u0219i complet\u0103rile ulterioare.<\/span><\/em><\/p>\n<\/div>\n<blockquote class=\"wp-embedded-content\" data-secret=\"8DEbZOffdt\"><p><a href=\"https:\/\/360.uaic.ro\/blog\/2026\/03\/18\/precizari-legate-de-bursele-sociale-oferite-prin-proiectul-national-interventii-pentru-invatamantul-tertiar-masuri-sistemice-pentru-prevenirea-si-reducerea-abandonului-universitar\/\">Preciz\u0103ri legate de bursele sociale oferite prin proiectul na\u021bional \u201eInterven\u021bii pentru \u00eenv\u0103\u021b\u0103m\u00e2ntul ter\u021biar \u2013 m\u0103suri sistemice pentru prevenirea \u0219i reducerea abandonului universitar\u201d<\/a><\/p><\/blockquote>\n<p><iframe loading=\"lazy\" class=\"wp-embedded-content\" sandbox=\"allow-scripts\" security=\"restricted\" style=\"position: absolute; visibility: hidden;\" title=\"&#8222;Preciz\u0103ri legate de bursele sociale oferite prin proiectul na\u021bional \u201eInterven\u021bii pentru \u00eenv\u0103\u021b\u0103m\u00e2ntul ter\u021biar \u2013 m\u0103suri sistemice pentru prevenirea \u0219i reducerea abandonului universitar\u201d&#8221; &#8212; 360 UAIC\" src=\"https:\/\/360.uaic.ro\/blog\/2026\/03\/18\/precizari-legate-de-bursele-sociale-oferite-prin-proiectul-national-interventii-pentru-invatamantul-tertiar-masuri-sistemice-pentru-prevenirea-si-reducerea-abandonului-universitar\/embed\/#?secret=8DEbZOffdt\" data-secret=\"8DEbZOffdt\" width=\"600\" height=\"338\" frameborder=\"0\" marginwidth=\"0\" marginheight=\"0\" scrolling=\"no\"><\/iframe><\/p>\n<p>&nbsp;<\/p>\n<p><span style=\"color: #0000ff;\"><strong><a style=\"color: #0000ff;\" href=\"https:\/\/www.phys.uaic.ro\/wp-content\/uploads\/2025\/11\/burse-licenta-dupa-contestatii.pdf\" target=\"_blank\" rel=\"noopener\"><span style=\"font-size: 14pt;\">Lista final\u0103 cu studen\u021bii bursieri, LICEN\u021a\u0102 &#8211; sem.1<\/span><\/a><\/strong><\/span><\/p>\n<p><span style=\"font-size: 14pt;\"><a href=\"https:\/\/www.phys.uaic.ro\/wp-content\/uploads\/2025\/11\/burse-master-dupa-contestatii.pdf\" target=\"_blank\" rel=\"noopener\"><span style=\"font-size: 18pt;\"><span style=\"font-size: 14pt;\"><strong><span style=\"color: #0000ff;\">Lista final\u0103 cu studentii bursieri, MASTER &#8211; sem.1<\/span><\/strong><\/span><\/span><\/a><\/span><\/p>\n<p>&nbsp;<\/p>\n<p><span style=\"font-size: 12pt;\"><strong><em><span style=\"color: #ff0000;\"><a style=\"color: #ff0000;\" href=\"https:\/\/www.phys.uaic.ro\/wp-content\/uploads\/2025\/11\/propuneri-burse-licenta.pdf\" target=\"_blank\" rel=\"noopener\">Propuneri burse LICENTA &#8211; sem.1<\/a><\/span><\/em><\/strong><\/span><\/p>\n<p><span style=\"color: #ff0000; font-size: 12pt;\"><strong><em><a style=\"color: #ff0000;\" href=\"https:\/\/www.phys.uaic.ro\/wp-content\/uploads\/2025\/11\/propuneri-burse-MASTER.pdf\" target=\"_blank\" rel=\"noopener\">Propuneri burse MASTER &#8211; sem.1<\/a><\/em><\/strong><\/span><\/p>\n<p>Conform Art. 11, alin 1, din Regulamentul privind acordarea burselor <em>&#8222;Studen\u021bii pot contesta, \u00een scris, modalitatea de atribuire a burselor, listele preliminare afi\u0219ate, \u00een termen de dou\u0103 zile lucr\u0103toare de la data afis\u0103rii acestor liste, prin modalit\u0103\u021bile f\u0103cute public la momentul afi\u0219\u0103rii listelor preliminare&#8221;<\/em>.<\/p>\n<p>\u00cen consecin\u021b\u0103, contesta\u021biile se vor depune \u00een scris la secretariatul facult\u0103\u021bii p\u00e2n\u0103 mar\u021bi, 18.11.2025, orele 16:00.<\/p>\n<div class=\"fusion-text\">\n<div data-offset-key=\"b5427-0-0\">\n<h2><\/h2>\n<h2><a href=\"https:\/\/www.phys.uaic.ro\/wp-content\/uploads\/2024\/03\/Criterii-de-acordare-a-burselor-masterat_2020.pdf\" target=\"_blank\" rel=\"noopener\"><em>Criterii de acordare a burselor la MASTER<\/em><\/a><\/h2>\n<p>Dosarele vor fi trimise pe email la <strong>fizica@uaic.ro, <\/strong>pana la data de 04.11.2025.<\/p>\n<\/div>\n<p>&nbsp;<\/p>\n<p><strong>Bursele pentru performan\u021b\u0103<\/strong><\/p>\n<p>Bursele atribuite pentru stimularea performan\u0163ei se pot acorda studen\u0163ilor care au ob\u0163inut rezultate deosebite la \u00eenv\u0103\u0163\u0103tur\u0103, respectiv au cele mai mari medii din acela\u015fi an de studiu al unui program de studii \u2013 burs\u0103 de performan\u021b\u0103 categoria I (BP1) \u0219i burs\u0103 de performan\u021b\u0103 categoria II (BP2). Aceste burse se acord\u0103 \u00eencep\u00e2nd cu semestrul I al fiec\u0103rui ciclu de studii <strong>licen\u021b\u0103\/master<\/strong>, domenii \/specializ\u0103ri, \u00een limita fondului disponibil alocat.<\/p>\n<div data-offset-key=\"b5427-0-0\">\n<div class=\"x1e56ztr\" data-block=\"true\" data-editor=\"9lbc\" data-offset-key=\"9crtf-0-0\">\n<div class=\"_1mf _1mj\" data-offset-key=\"9crtf-0-0\"><strong>Studentii cu activitate stiintifica (articole, participari cu lucrari la conferinte, brevete) trebuie sa trimita in format electronic pe adresa fizica@uaic.ro pana marti, 4 noiembrie 2025, urm\u0103toarele documente:<\/strong><\/div>\n<\/div>\n<ol class=\"xdj266r x11i5rnm xat24cr x1mh8g0r xexx8yu x4uap5 x18d9i69 xkhd6sd\" data-offset-key=\"bo9ah-0-0\">\n<li class=\"x1e56ztr x1xmf6yo xzj9hkj _3kp_ _3kq0 _3kq1 _3kq6\" data-block=\"true\" data-editor=\"9lbc\" data-offset-key=\"bo9ah-0-0\">\n<div class=\"_1mf _1mj\" data-offset-key=\"bo9ah-0-0\"><span data-offset-key=\"bo9ah-0-0\">cerere tip<\/span><\/div>\n<\/li>\n<li class=\"x1e56ztr x1xmf6yo xzj9hkj _3kp_ _3kq1 _3kq6\" data-block=\"true\" data-editor=\"9lbc\" data-offset-key=\"1c773-0-0\">\n<div class=\"_1mf _1mj\" data-offset-key=\"1c773-0-0\"><span data-offset-key=\"1c773-0-0\">CV \u00een format Europass<\/span><\/div>\n<\/li>\n<li class=\"x1e56ztr x1xmf6yo xzj9hkj _3kp_ _3kq1 _3kq6\" data-block=\"true\" data-editor=\"9lbc\" data-offset-key=\"9ef9i-0-0\">\n<div class=\"_1mf _1mj\" data-offset-key=\"9ef9i-0-0\"><span data-offset-key=\"9ef9i-0-0\">copii dup\u0103 documentele care atesta activitatea de cercetare (articole, program conferin\u021ba, rezumat)<\/span><\/div>\n<\/li>\n<li class=\"x1e56ztr x1xmf6yo xzj9hkj _3kp_ _3kq1 _3kq6\" data-block=\"true\" data-editor=\"9lbc\" data-offset-key=\"dh8ea-0-0\">\n<div class=\"_1mf _1mj\" data-offset-key=\"dh8ea-0-0\"><span data-offset-key=\"dh8ea-0-0\">scrisoare de recomandare a profesorului sub \u00eendrumarea c\u0103ruia s-a desf\u0103\u0219urat activitatea<\/span><\/div>\n<\/li>\n<li class=\"x1e56ztr x1xmf6yo xzj9hkj _3kp_ _3kq1 _3kq6\" data-block=\"true\" data-editor=\"9lbc\" data-offset-key=\"d2n5g-0-0\">\n<div class=\"_1mf _1mj\" data-offset-key=\"d2n5g-0-0\"><span data-offset-key=\"d2n5g-0-0\">Anexa 2 din regulament cu calculul punctajului.<\/span><\/div>\n<\/li>\n<li class=\"x1e56ztr x1xmf6yo xzj9hkj _3kp_ _3kq1 _3kq6\" data-block=\"true\" data-editor=\"9lbc\" data-offset-key=\"8jaa7-0-0\">\n<div class=\"_1mf _1mj\" data-offset-key=\"8jaa7-0-0\"><span data-offset-key=\"8jaa7-0-0\">opisul semnat al documentelor depuse.<\/span><\/div>\n<\/li>\n<\/ol>\n<\/div>\n<p><span style=\"color: #0000ff;\"><em><strong><span style=\"font-size: 14pt;\"><a style=\"color: #0000ff;\" href=\"https:\/\/www.uaic.ro\/wp-content\/uploads\/2025\/10\/2025.09.18_regulament_burse_anexe_scan_fara-semnaturi.pdf\"><span style=\"font-size: 12pt;\">Regulamentul privind acordarea burselor \u0219i a altor forme de sprijin material pentru studen\u021bii din ciclurile de studii universitare de licen\u021b\u0103 \u0219i master \u00eenmatricula\u021bi la Universitatea \u201eAlexandru Ioan Cuza\u201d din Ia\u0219i<\/span><\/a><\/span><\/strong><\/em><\/span>(aprobat \u00een \u0218edin\u021ba Senatului din data de 18.09.2025)<\/p>\n<\/div>\n<h1 class=\"entry-title\">Burse sociale sem. I, an univ. 2025\/2026<\/h1>\n<p><span style=\"font-size: 14pt;\">Dosarele se depun la secretariatele facult\u0103\u021bilor \u00een perioada<span style=\"color: #ff0000;\"> <strong>20 octombrie &#8211; 4 noiembrie 2025.<\/strong><\/span><\/span><\/p>\n<p><em><span style=\"font-size: 14pt;\"><span style=\"color: #ff0000;\"><strong><a href=\"https:\/\/www.phys.uaic.ro\/wp-content\/uploads\/2025\/10\/documente-bursa-sociala-sem-1.pdf\">Documente bursa sociala sem 1<\/a><\/strong><\/span><\/span><\/em><\/p>\n<\/div>\n<ul>\n<li>Actele doveditoare privind <b>veniturile membrilor familiei<\/b> trebuie s\u0103 specifice veniturile <b>NETE<\/b> realizate \u00een cele <b>12 LUNI<\/b>\u00a0care se iau \u00een calcul:\u00a0<b>octombrie 2024 \u2013 septembrie 2025.<\/b><\/li>\n<li><strong>Salariul minim net pe economie<\/strong> care se ia \u00een calcul, pentru stabilirea venitului minim net pe membru de familie, \u00een vederea acord\u0103rii burselor sociale pentru semestrul I al anului universitar 2025-2026 este de<strong> 2.574 lei\/lun\u0103<\/strong>.<\/li>\n<li><b>ANCHETA SOCIAL\u0102<\/b><strong> este obligatorie<\/strong> \u00een cazul \u00een care nimeni din familia studentului, incluzandu-l \u00a0\u0219i pe acesta, nu realizeaz\u0103 venituri sau cel pu\u021bin un p\u0103rinte al studentului lucreaz\u0103 sau domiciliaz\u0103 \u00een str\u0103in\u0103tate.<\/li>\n<\/ul>\n<p>Anexe pentru dosarele sociale:<\/p>\n<ul>\n<li><a href=\"https:\/\/www.geo.uaic.ro\/images\/geodocs\/Studenti\/Burse\/2025-2026\/ANEXA_4_Norme_evaluare_dosare_bursa_sociala_include_DOCUMENTE_necesare.pdf\" target=\"_blank\" rel=\"noopener\">Anexa 4 &#8211; documente necesare<\/a><\/li>\n<li><a href=\"https:\/\/www.geo.uaic.ro\/images\/geodocs\/Studenti\/Burse\/2025-2026\/ANEXA_5_Cerere_dosar_bursa_sociala.pdf\" target=\"_blank\" rel=\"noopener\">Anexa 5 &#8211; cerere dosar burs\u0103 social\u0103<\/a><\/li>\n<li><a href=\"https:\/\/www.geo.uaic.ro\/images\/geodocs\/Studenti\/Burse\/2025-2026\/ANEXA_6_Acord_prelucrare_date_-_pentru_studentul_solicitant.pdf\" target=\"_blank\" rel=\"noopener\">Anexa 6 &#8211; acord prelucrare date pentru student<\/a><\/li>\n<li><a href=\"https:\/\/www.geo.uaic.ro\/images\/geodocs\/Studenti\/Burse\/2025-2026\/ANEXA_7_Acord_prelucrare_date_-_pentru_membrii_familiei.pdf\" target=\"_blank\" rel=\"noopener\">Anexa 7 &#8211; acord prelucrare date pentru membrii familiei<\/a><\/li>\n<li><a href=\"https:\/\/www.geo.uaic.ro\/images\/geodocs\/Studenti\/Burse\/2025-2026\/ANEXA_8_Declaratie_pe_propria_raspundere.pdf\" target=\"_blank\" rel=\"noopener\">Anexa 8 &#8211; declara\u021bie pe propria r\u0103spundere<\/a><\/li>\n<li><a href=\"https:\/\/www.geo.uaic.ro\/images\/geodocs\/Studenti\/Burse\/2025-2026\/ANEXA_9_Cerere_dosar_bursa_sociala_pe_CRITERII_MEDICALE.pdf\" target=\"_blank\" rel=\"noopener\">Anexa 9 &#8211; cerere dosar burs\u0103 social\u0103 pe criterii medicale<\/a><\/li>\n<\/ul>\n<div data-offset-key=\"b5427-0-0\">\n<p>&nbsp;<\/p>\n<p><span style=\"font-size: 18pt;\"><strong><em>Premiul \u201eFF60\u201d<\/em><\/strong><\/span><\/p>\n<p>Premiul \u201eFF60\u201d se acorda studen\u021bilor ca urmare a recunoa\u0219terii performan\u021belor \u00een plan academic, \u00een cadrul concursurilor \u0219tiin\u021bifice studen\u021be\u0219ti \u0219i a implic\u0103rii \u00een proiectele Facult\u0103\u021bii de Fizic\u0103 sau \u00een alte proiecte cu caracter \u0219tiin\u021bific sau social.<\/p>\n<p><a href=\"https:\/\/www.phys.uaic.ro\/wp-content\/uploads\/2024\/10\/FF60_regulament_bursa.pdf\"><strong>Regulament premiul FF60<\/strong><\/a><\/p>\n<p><strong><a href=\"https:\/\/www.phys.uaic.ro\/wp-content\/uploads\/2024\/10\/foaie-de-calcul-FF60.xlsx\">Foaie de calcul pentru autoevaluare<\/a><\/strong><\/p>\n<p>Studen\u021bii \u00eenscri\u0219i la concursul de ob\u021binere al premiului \u201eFF60\u201d 2025\/2026:<\/p>\n<ul>\n<li>Baerle Adrian<\/li>\n<li>Robciuc Alexandra-Elena<\/li>\n<li>Precob Luca-Andrei<\/li>\n<li>B\u00eesc\u0103 Georgian<\/li>\n<li>Ro\u0219u Miruna Maria<\/li>\n<li>Aneculaesei D\u0103aria<\/li>\n<\/ul>\n<p>C\u00e2\u0219tig\u0103torii premiului \u201eFF60\u201d 2025\/2026:<\/p>\n<ul>\n<li>Baerle Adrian<\/li>\n<li>Aneculaesei D\u0103aria<\/li>\n<\/ul>\n<p>Studen\u021bii \u00eenscri\u0219i la concursul de ob\u021binere al premiului \u201eFF60\u201d 2024\/2025:<\/p>\n<ul>\n<li>Rare\u0219 S\u0103ndulache<\/li>\n<li>Adela Toni\u021b\u0103<\/li>\n<li>Alexandru Dorneanu<\/li>\n<li>Loredana Nedelcu<\/li>\n<li>Alexandra Hriscu<\/li>\n<li>Drago\u0219 Vasila\u0219<\/li>\n<\/ul>\n<p>C\u00e2\u0219tig\u0103torii premiului \u201eFF60\u201d 2024\/2025:<\/p>\n<ul>\n<li>Loredana Nedelcu<\/li>\n<li>Rare\u0219 S\u0103ndulache<\/li>\n<li>Drago\u0219 Vasila\u0219<\/li>\n<\/ul>\n<h1><\/h1>\n<p><em><span style=\"font-size: 18pt;\"><strong>TABLETE<\/strong><\/span><\/em><\/p>\n<p><strong>Studen\u021bii care primesc bursa social\u0103, pot primi, \u00een regim de comodat, un echipament mobil IT de tip tablet\u0103 Vonino Magnet G50 cu acces la internet.<\/strong><\/p>\n<p>Perioada \u00een care studen\u021bii vor beneficia de echipamentul IT se \u00eencheie \u00een momentul \u00eencet\u0103rii calit\u0103\u021bii de student (la absolvire, \u00eentrerupere de studii sau retragere de la studii) sau student bursier social, iar condi\u021bia esen\u021bial\u0103 este cea de a nu fi beneficiat \u00een ultimii 5 ani de echipament similar achizi\u021bionat din fonduri publice, inclusiv fonduri UE, pentru acelea\u0219i activit\u0103\u021bi.<\/p>\n<p>Tableta este oferit\u0103 \u00een cadrul proiectului \u201eAcces la \u00eenv\u0103\u021b\u0103m\u00e2ntul universitar on-line pentru to\u021bi. E-educa\u021bie pentru to\u021bi!\u201d \u0219i poate fi preluat\u0103 de la Secretariatul facult\u0103\u021bii. (Anun\u021b actualizat).<\/p>\n<h1><\/h1>\n<h1>2024-2025<\/h1>\n<\/div>\n<div data-offset-key=\"b5427-0-0\">\n<blockquote class=\"wp-embedded-content\" data-secret=\"RuIK9sLkeX\"><p><a href=\"https:\/\/www.phys.uaic.ro\/index.php\/burse-sem-1-an-univ-2024-2025\/\">Burse sem.1, an univ. 2024\/2025<\/a><\/p><\/blockquote>\n<p><iframe loading=\"lazy\" class=\"wp-embedded-content\" sandbox=\"allow-scripts\" security=\"restricted\" style=\"position: absolute; visibility: hidden;\" title=\"&#8222;Burse sem.1, an univ. 2024\/2025&#8221; &#8211; Facultatea de Fizic\u0103\" src=\"https:\/\/www.phys.uaic.ro\/index.php\/burse-sem-1-an-univ-2024-2025\/embed\/#?secret=1ao6krS5Q0#?secret=RuIK9sLkeX\" data-secret=\"RuIK9sLkeX\" width=\"600\" height=\"338\" frameborder=\"0\" marginwidth=\"0\" marginheight=\"0\" scrolling=\"no\"><\/iframe><\/p>\n<\/div>\n<div data-offset-key=\"b5427-0-0\">\n<p>&nbsp;<\/p>\n<p>&nbsp;<\/p>\n<h1><\/h1>\n<h1>2023-2024<\/h1>\n<\/div>\n<\/div>\n<blockquote class=\"wp-embedded-content\" data-secret=\"UvH1TLFra8\"><p><a href=\"https:\/\/www.phys.uaic.ro\/index.php\/burse-sem-2-2023-2024\/\">Burse sem 2 &#8211; 2023\/2024<\/a><\/p><\/blockquote>\n<p><iframe loading=\"lazy\" class=\"wp-embedded-content\" sandbox=\"allow-scripts\" security=\"restricted\" style=\"position: absolute; visibility: hidden;\" title=\"&#8222;Burse sem 2 &#8211; 2023\/2024&#8221; &#8211; Facultatea de Fizic\u0103\" src=\"https:\/\/www.phys.uaic.ro\/index.php\/burse-sem-2-2023-2024\/embed\/#?secret=3sdfn5fifP#?secret=UvH1TLFra8\" data-secret=\"UvH1TLFra8\" width=\"600\" height=\"338\" frameborder=\"0\" marginwidth=\"0\" marginheight=\"0\" scrolling=\"no\"><\/iframe><\/p>\n<blockquote class=\"wp-embedded-content\" data-secret=\"wVbStjVje1\"><p><a href=\"https:\/\/www.phys.uaic.ro\/index.php\/burse-sem-1-2023-2024\/\">Burse sem 1 &#8211; 2023\/2024<\/a><\/p><\/blockquote>\n<p><iframe loading=\"lazy\" class=\"wp-embedded-content\" sandbox=\"allow-scripts\" security=\"restricted\" style=\"position: absolute; visibility: hidden;\" title=\"&#8222;Burse sem 1 &#8211; 2023\/2024&#8221; &#8211; Facultatea de Fizic\u0103\" src=\"https:\/\/www.phys.uaic.ro\/index.php\/burse-sem-1-2023-2024\/embed\/#?secret=hYFvrb519B#?secret=wVbStjVje1\" data-secret=\"wVbStjVje1\" width=\"600\" height=\"338\" frameborder=\"0\" marginwidth=\"0\" marginheight=\"0\" scrolling=\"no\"><\/iframe><\/p>\n<p>&nbsp;<\/p>\n<h1>2022-2023<\/h1>\n<blockquote class=\"wp-embedded-content\" data-secret=\"jXUX2Tah5q\"><p><a href=\"https:\/\/www.phys.uaic.ro\/index.php\/propuneri-burse-sem-2-an-univ-2022-2023\/\">Propuneri burse, sem.2, an univ. 2022\/2023<\/a><\/p><\/blockquote>\n<p><iframe loading=\"lazy\" class=\"wp-embedded-content\" sandbox=\"allow-scripts\" security=\"restricted\" style=\"position: absolute; visibility: hidden;\" title=\"&#8222;Propuneri burse, sem.2, an univ. 2022\/2023&#8221; &#8211; Facultatea de Fizic\u0103\" src=\"https:\/\/www.phys.uaic.ro\/index.php\/propuneri-burse-sem-2-an-univ-2022-2023\/embed\/#?secret=1HdaHG8pos#?secret=jXUX2Tah5q\" data-secret=\"jXUX2Tah5q\" width=\"600\" height=\"338\" frameborder=\"0\" marginwidth=\"0\" marginheight=\"0\" scrolling=\"no\"><\/iframe><\/p>\n<blockquote class=\"wp-embedded-content\" data-secret=\"33GSFHCLBm\"><p><a href=\"https:\/\/www.phys.uaic.ro\/index.php\/burse-sociale-sem-ii-an-univ-2022-2023\/\">Burse sociale sem. al II-lea, an univ. 2022-2023<\/a><\/p><\/blockquote>\n<p><iframe loading=\"lazy\" class=\"wp-embedded-content\" sandbox=\"allow-scripts\" security=\"restricted\" style=\"position: absolute; visibility: hidden;\" title=\"&#8222;Burse sociale sem. al II-lea, an univ. 2022-2023&#8221; &#8211; Facultatea de Fizic\u0103\" src=\"https:\/\/www.phys.uaic.ro\/index.php\/burse-sociale-sem-ii-an-univ-2022-2023\/embed\/#?secret=z9Fqjv15um#?secret=33GSFHCLBm\" data-secret=\"33GSFHCLBm\" width=\"600\" height=\"338\" frameborder=\"0\" marginwidth=\"0\" marginheight=\"0\" scrolling=\"no\"><\/iframe><\/p>\n<blockquote class=\"wp-embedded-content\" data-secret=\"og0FL0nSdC\"><p><a href=\"https:\/\/www.phys.uaic.ro\/index.php\/propuneri-burse-sem-1-an-univ-2022-2023\/\">Propuneri burse, sem.1, an univ. 2022\/2023<\/a><\/p><\/blockquote>\n<p><iframe loading=\"lazy\" class=\"wp-embedded-content\" sandbox=\"allow-scripts\" security=\"restricted\" style=\"position: absolute; visibility: hidden;\" title=\"&#8222;Propuneri burse, sem.1, an univ. 2022\/2023&#8221; &#8211; Facultatea de Fizic\u0103\" src=\"https:\/\/www.phys.uaic.ro\/index.php\/propuneri-burse-sem-1-an-univ-2022-2023\/embed\/#?secret=JjfHsXvDAk#?secret=og0FL0nSdC\" data-secret=\"og0FL0nSdC\" width=\"600\" height=\"338\" frameborder=\"0\" marginwidth=\"0\" marginheight=\"0\" scrolling=\"no\"><\/iframe><\/p>\n<blockquote class=\"wp-embedded-content\" data-secret=\"2z24kCrvUZ\"><p><a href=\"https:\/\/www.phys.uaic.ro\/index.php\/burse-sociale-sem-i-an-univ-2022-2023\/\">Burse sociale sem. I, an univ. 2022-2023<\/a><\/p><\/blockquote>\n<p><iframe loading=\"lazy\" class=\"wp-embedded-content\" sandbox=\"allow-scripts\" security=\"restricted\" style=\"position: absolute; visibility: hidden;\" title=\"&#8222;Burse sociale sem. I, an univ. 2022-2023&#8221; &#8211; Facultatea de Fizic\u0103\" src=\"https:\/\/www.phys.uaic.ro\/index.php\/burse-sociale-sem-i-an-univ-2022-2023\/embed\/#?secret=QcSX9zDeRb#?secret=2z24kCrvUZ\" data-secret=\"2z24kCrvUZ\" width=\"600\" height=\"338\" frameborder=\"0\" marginwidth=\"0\" marginheight=\"0\" scrolling=\"no\"><\/iframe><\/p>\n<h1><\/h1>\n<h1>2021-2022<\/h1>\n<blockquote class=\"wp-embedded-content\" data-secret=\"2n4zRibDp3\"><p><a href=\"https:\/\/www.phys.uaic.ro\/index.php\/burse-sem-2-an-univ-2021-2022\/\">Burse sem.2, an univ. 2021\/2022<\/a><\/p><\/blockquote>\n<p><iframe loading=\"lazy\" class=\"wp-embedded-content\" sandbox=\"allow-scripts\" security=\"restricted\" style=\"position: absolute; visibility: hidden;\" title=\"&#8222;Burse sem.2, an univ. 2021\/2022&#8221; &#8211; Facultatea de Fizic\u0103\" src=\"https:\/\/www.phys.uaic.ro\/index.php\/burse-sem-2-an-univ-2021-2022\/embed\/#?secret=bd3VvKVxa3#?secret=2n4zRibDp3\" data-secret=\"2n4zRibDp3\" width=\"600\" height=\"338\" frameborder=\"0\" marginwidth=\"0\" marginheight=\"0\" scrolling=\"no\"><\/iframe><\/p>\n<p>&nbsp;<\/p>\n<blockquote class=\"wp-embedded-content\" data-secret=\"Ua0ZlvYEbr\"><p><a href=\"https:\/\/www.phys.uaic.ro\/index.php\/burse-sem-1-an-univ-2021-2022\/\">Burse sem.1, an univ. 2021\/2022<\/a><\/p><\/blockquote>\n<p><iframe loading=\"lazy\" class=\"wp-embedded-content\" sandbox=\"allow-scripts\" security=\"restricted\" style=\"position: absolute; visibility: hidden;\" title=\"&#8222;Burse sem.1, an univ. 2021\/2022&#8221; &#8211; Facultatea de Fizic\u0103\" src=\"https:\/\/www.phys.uaic.ro\/index.php\/burse-sem-1-an-univ-2021-2022\/embed\/#?secret=EfdxKISo2F#?secret=Ua0ZlvYEbr\" data-secret=\"Ua0ZlvYEbr\" width=\"600\" height=\"338\" frameborder=\"0\" marginwidth=\"0\" marginheight=\"0\" scrolling=\"no\"><\/iframe><\/p>\n<p><!-- ++++++++++++++++++++++++++++++++++++++++++++++++++++++++++++++++++++++++++++++++++++ --><\/p>\n<p><!-- ++++++++++++++++++++++++++++++++++++++++++++++++++++++++++++++++++++++++++++++++++++ --><\/p>\n<div id=\"sprijin-social\" class=\"colorbox\" style=\"background-color: #e6e6e6;\">\n<h3>Sprijin social pentru studen\u021bi<\/h3>\n<p><a href=\"http:\/\/www.phys.uaic.ro\/wp\/studenti\/burse\/componente-sprijin-social-studenti-poster-2020.pdf\">Componente de sprijin social pentru studen\u021bi &#8211; afis<\/a> <img decoding=\"async\" style=\"vertical-align: top; width: 20px; height: 20px;\" src=\"http:\/\/www.phys.uaic.ro\/wp\/imagini\/pdf-icon.png\" alt=\"pdf\" \/><\/p>\n<p><a href=\"http:\/\/www.phys.uaic.ro\/wp\/studenti\/burse\/componente-sprijin-social-studenti-2020.pdf\">Componente de sprijin social pentru studen\u021bi &#8211; text<\/a> <img decoding=\"async\" style=\"vertical-align: top; width: 20px; height: 20px;\" src=\"http:\/\/www.phys.uaic.ro\/wp\/imagini\/pdf-icon.png\" alt=\"pdf\" \/><\/p>\n<\/div>\n<p>&nbsp;<\/p>\n","protected":false},"excerpt":{"rendered":"<p>2025-2026 NOU! PEO &#8211; GHID de utilizare platforma burse sociale Intrebari frecvente &#8211; PEO &#8211; burse sociale UEFISCDI 2026 NOU! Dosarele pentru bursele de perfoman\u021b\u0103, MASTER, vor fi trimise pe email la fizica@uaic.ro, pana la data de 27.03.2026. Criterii de acordare a burselor la MASTER NOU! Bursele sociale oferite prin proiectul na\u021bional \u201eInterven\u021bii pentru \u00eenv\u0103\u021b\u0103m\u00e2ntul ter\u021biar \u2013 m\u0103suri\u2026 <span class=\"read-more\"><a href=\"https:\/\/www.phys.uaic.ro\/index.php\/studenti\/burse-tabere\/burse\/\">Read More &raquo;<\/a><\/span><\/p>\n","protected":false},"author":3,"featured_media":0,"parent":11617,"menu_order":0,"comment_status":"closed","ping_status":"closed","template":"","meta":{"footnotes":""},"class_list":["post-204","page","type-page","status-publish","hentry"],"_links":{"self":[{"href":"https:\/\/www.phys.uaic.ro\/index.php\/wp-json\/wp\/v2\/pages\/204","targetHints":{"allow":["GET"]}}],"collection":[{"href":"https:\/\/www.phys.uaic.ro\/index.php\/wp-json\/wp\/v2\/pages"}],"about":[{"href":"https:\/\/www.phys.uaic.ro\/index.php\/wp-json\/wp\/v2\/types\/page"}],"author":[{"embeddable":true,"href":"https:\/\/www.phys.uaic.ro\/index.php\/wp-json\/wp\/v2\/users\/3"}],"replies":[{"embeddable":true,"href":"https:\/\/www.phys.uaic.ro\/index.php\/wp-json\/wp\/v2\/comments?post=204"}],"version-history":[{"count":10,"href":"https:\/\/www.phys.uaic.ro\/index.php\/wp-json\/wp\/v2\/pages\/204\/revisions"}],"predecessor-version":[{"id":26486,"href":"https:\/\/www.phys.uaic.ro\/index.php\/wp-json\/wp\/v2\/pages\/204\/revisions\/26486"}],"up":[{"embeddable":true,"href":"https:\/\/www.phys.uaic.ro\/index.php\/wp-json\/wp\/v2\/pages\/11617"}],"wp:attachment":[{"href":"https:\/\/www.phys.uaic.ro\/index.php\/wp-json\/wp\/v2\/media?parent=204"}],"curies":[{"name":"wp","href":"https:\/\/api.w.org\/{rel}","templated":true}]}}