{"id":20727,"date":"2024-01-08T09:24:10","date_gmt":"2024-01-08T07:24:10","guid":{"rendered":"https:\/\/www.phys.uaic.ro\/?page_id=20727"},"modified":"2025-07-22T10:40:19","modified_gmt":"2025-07-22T07:40:19","slug":"cs-ii-dr-habil-vasile-tiron-tematica-admitere-doctorat","status":"publish","type":"page","link":"https:\/\/www.phys.uaic.ro\/index.php\/cs-ii-dr-habil-vasile-tiron-tematica-admitere-doctorat\/","title":{"rendered":"CS II Dr. Habil. Vasile TIRON &#8211; Tematica admitere doctorat"},"content":{"rendered":"<p><strong>Tematica admiterii la doctorat:<\/strong><\/p>\n<ol>\n<li>Diagnoza plasmelor de temperatur\u0103 joas\u0103 prin metode electrice, optice \u0219i spectrale.<\/li>\n<li>Pulverizarea magnetron. Caracteristici generale, moduri de operare, aplica\u021bii.<\/li>\n<li>Arcul termoionic in vid. Caracteristici generale. Aplica\u021bii.<\/li>\n<li>Fenomene de volum \u0219i suprafa\u021b\u0103 \u00een plasme de temperatur\u0103 joas\u0103.<\/li>\n<li>Sinteza de materiale catalitice prin tehnici asistate de plasm\u0103.<br \/>\n\u200b\u200b\u200b\u200b\u200b\u200b<\/li>\n<\/ol>\n<p>&nbsp;<\/p>\n<p><strong>Bibliografie:<\/strong><\/p>\n<ol>\n<li>Popa, L. S\u00eerghi, Bazele fizicii plasmei, Editura Universit\u0103\u021bii Alexandru Ioan Cuza, Ia\u0219i, 2000<\/li>\n<li>I. I. Popescu, I. Iova, E. Toader,\u00a0<em>Fizica plasmei \u0219i aplica\u021bii<\/em>, Editura \u0218tiin\u021bific\u0103 \u0219i Enciclopedic\u0103, Bucure\u0219ti, 1981<\/li>\n<li>D. Lundin, T.Minea, J.T. Gudmundsson, <em>High Power Impulse Magnetron Sputtering: Fundamentals, Technologies, Challenges and Applications<\/em>, Elsevier, 2019.<\/li>\n<li>I. Musta\u021b\u0103, C.P. Lungu, C.C. Poro\u0219nicu, I. Jepu, V. Zaroschi,\u00a0 <em>Descarcari electrice \u00een gaze \u0219i vapori<\/em>, Editura Universitar\u0103, Bucure\u0219ti, 2012.<\/li>\n<\/ol>\n<p><strong>\u00a0<\/strong><\/p>\n","protected":false},"excerpt":{"rendered":"<p>Tematica admiterii la doctorat: Diagnoza plasmelor de temperatur\u0103 joas\u0103 prin metode electrice, optice \u0219i spectrale. Pulverizarea magnetron. Caracteristici generale, moduri de operare, aplica\u021bii. Arcul termoionic in vid. Caracteristici generale. Aplica\u021bii. Fenomene de volum \u0219i suprafa\u021b\u0103 \u00een plasme de temperatur\u0103 joas\u0103. Sinteza de materiale catalitice prin tehnici asistate de plasm\u0103. \u200b\u200b\u200b\u200b\u200b\u200b &nbsp; Bibliografie: Popa, L. S\u00eerghi, Bazele fizicii plasmei,\u2026 <span class=\"read-more\"><a href=\"https:\/\/www.phys.uaic.ro\/index.php\/cs-ii-dr-habil-vasile-tiron-tematica-admitere-doctorat\/\">Read More &raquo;<\/a><\/span><\/p>\n","protected":false},"author":4,"featured_media":0,"parent":0,"menu_order":0,"comment_status":"closed","ping_status":"closed","template":"","meta":{"footnotes":""},"class_list":["post-20727","page","type-page","status-publish","hentry"],"_links":{"self":[{"href":"https:\/\/www.phys.uaic.ro\/index.php\/wp-json\/wp\/v2\/pages\/20727","targetHints":{"allow":["GET"]}}],"collection":[{"href":"https:\/\/www.phys.uaic.ro\/index.php\/wp-json\/wp\/v2\/pages"}],"about":[{"href":"https:\/\/www.phys.uaic.ro\/index.php\/wp-json\/wp\/v2\/types\/page"}],"author":[{"embeddable":true,"href":"https:\/\/www.phys.uaic.ro\/index.php\/wp-json\/wp\/v2\/users\/4"}],"replies":[{"embeddable":true,"href":"https:\/\/www.phys.uaic.ro\/index.php\/wp-json\/wp\/v2\/comments?post=20727"}],"version-history":[{"count":0,"href":"https:\/\/www.phys.uaic.ro\/index.php\/wp-json\/wp\/v2\/pages\/20727\/revisions"}],"wp:attachment":[{"href":"https:\/\/www.phys.uaic.ro\/index.php\/wp-json\/wp\/v2\/media?parent=20727"}],"curies":[{"name":"wp","href":"https:\/\/api.w.org\/{rel}","templated":true}]}}