{"id":20848,"date":"2024-01-16T15:09:30","date_gmt":"2024-01-16T13:09:30","guid":{"rendered":"https:\/\/www.phys.uaic.ro\/?page_id=20848"},"modified":"2024-01-17T08:18:30","modified_gmt":"2024-01-17T06:18:30","slug":"candidaturi-pentru-consiliul-facultatii-de-fizica-2024","status":"publish","type":"page","link":"https:\/\/www.phys.uaic.ro\/index.php\/candidaturi-pentru-consiliul-facultatii-de-fizica-2024\/","title":{"rendered":"Candidaturi pentru Consiliul Facult\u0103\u0163ii de Fizic\u0103 &#8211; 2024"},"content":{"rendered":"<table style=\"width: 97.3897%;\" width=\"747\">\n<tbody>\n<tr>\n<td style=\"width: 6.69344%;\" width=\"47\">1.<\/td>\n<td style=\"width: 35.5353%;\" width=\"284\">AGHEORGHIESEI CATALIN<\/td>\n<td style=\"width: 29.187%;\" width=\"217\">FACULTATEA DE FIZICA<\/td>\n<td style=\"width: 55.1964%;\" width=\"198\">DEPARTAMENT DE FIZICA<\/td>\n<\/tr>\n<tr>\n<td style=\"width: 6.69344%;\" width=\"47\">2.<\/td>\n<td style=\"width: 35.5353%;\" width=\"284\">ASTEFANOAEI IORDANA<\/td>\n<td style=\"width: 29.187%;\" width=\"217\">FACULTATEA DE FIZICA<\/td>\n<td style=\"width: 55.1964%;\" width=\"198\">DEPARTAMENT DE FIZICA<\/td>\n<\/tr>\n<tr>\n<td style=\"width: 6.69344%;\" width=\"47\">3.<\/td>\n<td style=\"width: 35.5353%;\" width=\"284\">CHIPER SILVIA ALINA<\/td>\n<td style=\"width: 29.187%;\" width=\"217\">FACULTATEA DE FIZICA<\/td>\n<td style=\"width: 55.1964%;\" width=\"198\">DEPARTAMENT DE FIZICA<\/td>\n<\/tr>\n<tr>\n<td style=\"width: 6.69344%;\" width=\"47\">4.<\/td>\n<td style=\"width: 35.5353%;\" width=\"284\">COSTIN CLAUDIU<\/td>\n<td style=\"width: 29.187%;\" width=\"217\">FACULTATEA DE FIZICA<\/td>\n<td style=\"width: 55.1964%;\" width=\"198\">DEPARTAMENT DE FIZICA<\/td>\n<\/tr>\n<tr>\n<td style=\"width: 6.69344%;\" width=\"47\">5.<\/td>\n<td style=\"width: 35.5353%;\" width=\"284\">CURECHERIU LAVINIA PETRONELA<\/td>\n<td style=\"width: 29.187%;\" width=\"217\">FACULTATEA DE FIZICA<\/td>\n<td style=\"width: 55.1964%;\" width=\"198\">DEPARTAMENT DE FIZICA<\/td>\n<\/tr>\n<tr>\n<td style=\"width: 6.69344%;\" width=\"47\">6.<\/td>\n<td style=\"width: 35.5353%;\" width=\"284\">DIMITRIU DAN GHEORGHE<\/td>\n<td style=\"width: 29.187%;\" width=\"217\">FACULTATEA DE FIZICA<\/td>\n<td style=\"width: 55.1964%;\" width=\"198\">DEPARTAMENT DE FIZICA<\/td>\n<\/tr>\n<tr>\n<td style=\"width: 6.69344%;\" width=\"47\">7.<\/td>\n<td style=\"width: 35.5353%;\" width=\"284\">ENACHESCU CRISTIAN<\/td>\n<td style=\"width: 29.187%;\" width=\"217\">FACULTATEA DE FIZICA<\/td>\n<td style=\"width: 55.1964%;\" width=\"198\">DEPARTAMENT DE FIZICA<\/td>\n<\/tr>\n<tr>\n<td style=\"width: 6.69344%;\" width=\"47\">8.<\/td>\n<td style=\"width: 35.5353%;\" width=\"284\">GASNER PAUL<\/td>\n<td style=\"width: 29.187%;\" width=\"217\">FACULTATEA DE FIZICA<\/td>\n<td style=\"width: 55.1964%;\" width=\"198\">DEPARTAMENT DE FIZICA<\/td>\n<\/tr>\n<tr>\n<td style=\"width: 6.69344%;\" width=\"47\">9.<\/td>\n<td style=\"width: 35.5353%;\" width=\"284\">GURLUI SILVIU OCTAVIAN<\/td>\n<td style=\"width: 29.187%;\" width=\"217\">FACULTATEA DE FIZICA<\/td>\n<td style=\"width: 55.1964%;\" width=\"198\">DEPARTAMENT DE FIZICA<\/td>\n<\/tr>\n<tr>\n<td style=\"width: 6.69344%;\" width=\"47\">10.<\/td>\n<td style=\"width: 35.5353%;\" width=\"284\">MARDARE DIANA MIHAELA<\/td>\n<td style=\"width: 29.187%;\" width=\"217\">FACULTATEA DE FIZICA<\/td>\n<td style=\"width: 55.1964%;\" width=\"198\">DEPARTAMENT DE FIZICA<\/td>\n<\/tr>\n<tr>\n<td style=\"width: 6.69344%;\" width=\"47\">11.<\/td>\n<td style=\"width: 35.5353%;\" width=\"284\">PADURARIU LEONTIN<\/td>\n<td style=\"width: 29.187%;\" width=\"217\">FACULTATEA DE FIZICA<\/td>\n<td style=\"width: 55.1964%;\" width=\"198\">DEPARTAMENT DE FIZICA<\/td>\n<\/tr>\n<tr>\n<td style=\"width: 6.69344%;\" width=\"47\">12.<\/td>\n<td style=\"width: 35.5353%;\" width=\"284\">POHOATA VALENTIN<\/td>\n<td style=\"width: 29.187%;\" width=\"217\">FACULTATEA DE FIZICA<\/td>\n<td style=\"width: 55.1964%;\" width=\"198\">DEPARTAMENT DE FIZICA<\/td>\n<\/tr>\n<tr>\n<td style=\"width: 6.69344%;\" width=\"47\">13.<\/td>\n<td style=\"width: 35.5353%;\" width=\"284\">POPESCU SEBASTIAN DUMITRU<\/td>\n<td style=\"width: 29.187%;\" width=\"217\">FACULTATEA DE FIZICA<\/td>\n<td style=\"width: 55.1964%;\" width=\"198\">DEPARTAMENT DE FIZICA<\/td>\n<\/tr>\n<tr>\n<td style=\"width: 6.69344%;\" width=\"47\">14.<\/td>\n<td style=\"width: 35.5353%;\" width=\"284\">POSTOLACHE PETRONEL<\/td>\n<td style=\"width: 29.187%;\" width=\"217\">FACULTATEA DE FIZICA<\/td>\n<td style=\"width: 55.1964%;\" width=\"198\">DEPARTAMENT DE FIZICA<\/td>\n<\/tr>\n<tr>\n<td style=\"width: 6.69344%;\" width=\"47\">15.<\/td>\n<td style=\"width: 35.5353%;\" width=\"284\">STOLERIU LAURENTIU<\/td>\n<td style=\"width: 29.187%;\" width=\"217\">FACULTATEA DE FIZICA<\/td>\n<td style=\"width: 55.1964%;\" width=\"198\">DEPARTAMENT DE FIZICA<\/td>\n<\/tr>\n<tr>\n<td style=\"width: 6.69344%;\" width=\"47\">16.<\/td>\n<td style=\"width: 35.5353%;\" width=\"284\">TANASA RADU ANDREI<\/td>\n<td style=\"width: 29.187%;\" width=\"217\">FACULTATEA DE FIZICA<\/td>\n<td style=\"width: 55.1964%;\" width=\"198\">DEPARTAMENT DE FIZICA<\/td>\n<\/tr>\n<tr>\n<td style=\"width: 6.69344%;\" width=\"47\">17.<\/td>\n<td style=\"width: 35.5353%;\" width=\"284\">TOPALA IONUT CRISTIAN<\/td>\n<td style=\"width: 29.187%;\" width=\"217\">FACULTATEA DE FIZICA<\/td>\n<td style=\"width: 55.1964%;\" width=\"198\">DEPARTAMENT DE FIZICA<\/td>\n<\/tr>\n<\/tbody>\n<\/table>\n","protected":false},"excerpt":{"rendered":"<p>1. AGHEORGHIESEI CATALIN FACULTATEA DE FIZICA DEPARTAMENT DE FIZICA 2. ASTEFANOAEI IORDANA FACULTATEA DE FIZICA DEPARTAMENT DE FIZICA 3. CHIPER SILVIA ALINA FACULTATEA DE FIZICA DEPARTAMENT DE FIZICA 4. COSTIN CLAUDIU FACULTATEA DE FIZICA DEPARTAMENT DE FIZICA 5. CURECHERIU LAVINIA PETRONELA FACULTATEA DE FIZICA DEPARTAMENT DE FIZICA 6. DIMITRIU DAN GHEORGHE FACULTATEA DE FIZICA DEPARTAMENT DE FIZICA 7.\u2026 <span class=\"read-more\"><a href=\"https:\/\/www.phys.uaic.ro\/index.php\/candidaturi-pentru-consiliul-facultatii-de-fizica-2024\/\">Read More &raquo;<\/a><\/span><\/p>\n","protected":false},"author":4,"featured_media":0,"parent":0,"menu_order":0,"comment_status":"closed","ping_status":"closed","template":"","meta":{"footnotes":""},"class_list":["post-20848","page","type-page","status-publish","hentry"],"_links":{"self":[{"href":"https:\/\/www.phys.uaic.ro\/index.php\/wp-json\/wp\/v2\/pages\/20848","targetHints":{"allow":["GET"]}}],"collection":[{"href":"https:\/\/www.phys.uaic.ro\/index.php\/wp-json\/wp\/v2\/pages"}],"about":[{"href":"https:\/\/www.phys.uaic.ro\/index.php\/wp-json\/wp\/v2\/types\/page"}],"author":[{"embeddable":true,"href":"https:\/\/www.phys.uaic.ro\/index.php\/wp-json\/wp\/v2\/users\/4"}],"replies":[{"embeddable":true,"href":"https:\/\/www.phys.uaic.ro\/index.php\/wp-json\/wp\/v2\/comments?post=20848"}],"version-history":[{"count":0,"href":"https:\/\/www.phys.uaic.ro\/index.php\/wp-json\/wp\/v2\/pages\/20848\/revisions"}],"wp:attachment":[{"href":"https:\/\/www.phys.uaic.ro\/index.php\/wp-json\/wp\/v2\/media?parent=20848"}],"curies":[{"name":"wp","href":"https:\/\/api.w.org\/{rel}","templated":true}]}}