{"id":20938,"date":"2024-01-31T10:48:57","date_gmt":"2024-01-31T08:48:57","guid":{"rendered":"https:\/\/www.phys.uaic.ro\/?page_id=20938"},"modified":"2024-09-20T15:29:52","modified_gmt":"2024-09-20T12:29:52","slug":"sesiunea-iulie-2024","status":"publish","type":"page","link":"https:\/\/www.phys.uaic.ro\/index.php\/sesiunea-iulie-2024\/","title":{"rendered":"Sesiunea iulie\/septembrie 2024"},"content":{"rendered":"<p>&nbsp;<\/p>\n<p><span style=\"color: #ff0000; font-size: 14pt;\"><em><a style=\"color: #ff0000;\" href=\"https:\/\/www.phys.uaic.ro\/wp-content\/uploads\/2024\/09\/candidati-admisi-sept-2024.pdf\" target=\"_blank\" rel=\"noopener\"><strong>REZULTATE ADMITERE DOCTORAT &#8211; septembrie 2024<\/strong><\/a><\/em><\/span><\/p>\n<p>&nbsp;<\/p>\n<p>SESIUNEA<span style=\"font-size: 14pt;\"><em><strong> SEPTEMBRIE<\/strong><\/em><\/span><\/p>\n<ul>\n<li>\u00eenscrierea candida\u021bilor: 09 \u2013 13 septembrie;<\/li>\n<li>selec\u021bia candida\u021bilor: 16 \u2013 19 septembrie; <strong><br \/>\n<\/strong><\/li>\n<li>afi\u0219area rezultatelor: 20 septembrie;<\/li>\n<li>contesta\u021bii (doar pentru proba scris\u0103): 23 septembrie;<\/li>\n<li>afi\u0219area rezultatelor: 24 septembrie;<\/li>\n<li>afi\u0219area listei finale cu candida\u021bii declara\u021bi admi\u0219i: 24 septembrie;<\/li>\n<li>confirmarea ocup\u0103rii locului: 25 \u2013 26 septembrie.<\/li>\n<\/ul>\n<p><span style=\"color: #ff0000;\"><b>Programarea probelor:<\/b><\/span><\/p>\n<ul>\n<li><span style=\"color: #ff0000;\">Proba scris\u0103: 17.09.2024, ora 10, \u00een Lab. Fizica plasmei (et 1);<\/span><\/li>\n<li><span style=\"color: #ff0000;\">Proba oral\u0103: 17.09.2024, \u00eencep\u00e2nd cu ora 14, \u00een Lab. Fizica plasmei (et 1).<\/span><\/li>\n<\/ul>\n<p>&nbsp;<\/p>\n<table style=\"border-collapse: collapse; width: 73.5663%;\">\n<tbody>\n<tr>\n<td style=\"width: 32.3871%;\">\u0218coala doctoral\u0103<\/td>\n<td style=\"width: 58.3529%; text-align: center;\">Locuri BUGET (f\u0103r\u0103 burs\u0103 MEN)<\/td>\n<td style=\"width: 41.8212%; text-align: center;\">TAX\u0102<\/td>\n<\/tr>\n<tr>\n<td style=\"width: 32.3871%;\">Fizic\u0103<\/td>\n<td style=\"width: 58.3529%; text-align: center;\">2<\/td>\n<td style=\"width: 41.8212%; text-align: center;\">5<\/td>\n<\/tr>\n<\/tbody>\n<\/table>\n<p>Cuantumul taxei de admitere:<strong> 200 RON<\/strong>.<\/p>\n<p>&nbsp;<\/p>\n<p>Taxa de admitere se poate achita la BRD (specificand codurile 2546 si 28) , dar si pe site-ul UAIC:<\/p>\n<p><a href=\"https:\/\/plati-taxe.uaic.ro\/stud\/index.php\" target=\"_blank\" rel=\"noopener noreferrer\">https:\/\/plati-taxe.uaic.ro\/stud\/index.php<\/a><\/p>\n<p>Aveti grija ca:<br \/>\n&#8211; s\u0103 nu folosi\u0163i diacritice \u00een formular (nu utiliza\u0163i \u0103, \u00e2, \u00ee, \u015f, \u0163)<\/p>\n<p>&#8211; nu folosi\u021bi caractere speciale in formular (nu utiliza\u021bi !&#8221;#$%&amp;'()*+,-.\/:;&lt;=&gt;?@[\\]^_`{|}~), <strong>in special la c\u00e2mpurile nume, prenume \u0219i descriere tranzac\u021bie.<\/strong><\/p>\n<p>Nu se completeaza nimic la nr.matricol.<\/p>\n<p>&nbsp;<\/p>\n<p><b>Tematica de admitere<\/b> la doctorat cuprinde:<\/p>\n<ul>\n<li>5 subiecte de specialitate propuse de c\u0103tre fiecare conduc\u0103tor de doctorat (link-uri la acestea g\u0103si\u021bi \u00een pagina conduc\u0103torilor de doctorat care pot primi doctoranzi \u00een anul universitar 2024-2025);<\/li>\n<li><a href=\"https:\/\/www.phys.uaic.ro\/index.php\/scoala-doctorala\/admitere-doctorat\/sesiunea-septembrie-2021\/subiecte-doctorat-fizica-generala-2021\" target=\"_blank\" rel=\"noopener\">5 subiecte de fizic\u0103 general\u0103<\/a>.<\/li>\n<\/ul>\n<p><b>Examenul de admitere<\/b> const\u0103 din dou\u0103 probe:<\/p>\n<ul>\n<li><b><i>Proba scris\u0103<\/i><\/b> (50%) se va desfa\u0219ura pe parcursul a 3 ore \u0219i const\u0103 din doua subiecte (extrase \u00een prezen\u021ba candida\u021bilor) din tematica de admitere la doctorat: 1 subiect de specialitate \u0219i 1 subiect de fizic\u0103 general\u0103. Fiecare din cele dou\u0103 subiecte va primi o not\u0103 de la 1 la 10, nota minim\u0103 la fiecare subiect fiind nota 5. Nota final\u0103 la proba scris\u0103 va fi calculat\u0103 ca media aritmetic\u0103 a celor dou\u0103 note;<\/li>\n<li><b><i>Proba oral\u0103<\/i><\/b> (50%) se va desf\u0103\u0219ura sub forma unei discu\u021bii libere (aprox. 10 min) urm\u0103rind:\n<ul>\n<li>prezentarea stadiului actual al cercetarilor \u00een domeniul ales;<\/li>\n<li>motivatie referitoare la alegerea temei pe care \u0219i-o propune pentru teza de doctorat;<\/li>\n<li>prezentarea \u00een rezumat a rezultatelor \u0219tiin\u021bifice anterioare.<\/li>\n<\/ul>\n<\/li>\n<\/ul>\n<p>La fiecare prob\u0103 de concurs, candida\u021bii trebuie s\u0103 ob\u021bin\u0103 cel pu\u021bin media 7 (\u0219apte).<\/p>\n<p>Media minima de admitere la doctorat este 8.<\/p>\n<p>&nbsp;<\/p>\n<p>Dup\u0103 aflarea subiectelor, comisia de admitere va face baremul de corectare care va fi afi\u0219at.<\/p>\n<p>Nota final\u0103 va fi calculat\u0103 ca media aritmetic\u0103 a probelor scris\u0103 \u0219i oral\u0103.<\/p>\n<p>Conform regulamentului \u0218colii Doctorale de Fizic\u0103, media minim\u0103 de admitere este 8.<\/p>\n<p>&nbsp;<\/p>\n<p><b>Criterii de departajare<\/b> (\u00een ordine):<\/p>\n<ol>\n<li>Notele de la examenul de licen\u021b\u0103<\/li>\n<li>Notele de la examenul de diserta\u021bie<\/li>\n<\/ol>\n<p>&nbsp;<\/p>\n<p>&nbsp;<\/p>\n<p><a href=\"https:\/\/www.phys.uaic.ro\/wp-content\/uploads\/2024\/07\/candidati-admisi-la-BUGET-iulie-2024.pdf\" target=\"_blank\" rel=\"noopener\"><span style=\"font-size: 14pt;\"><strong><span style=\"color: #ff0000;\">REZULTATE ADMITERE DOCTORAT &#8211; iulie 2024<\/span><\/strong><\/span><\/a><\/p>\n<p><b>Calendarul admiterii<\/b> la studiile universitare de doctorat pentru anul universitar 2024-2025:<\/p>\n<p>SESIUNEA <span style=\"color: #000000; font-size: 14pt;\"><em><strong>IULIE<\/strong><\/em><\/span><\/p>\n<ul>\n<li>\u00eenscrierea candida\u021bilor: 18 \u2013 19 iulie;<\/li>\n<li>selec\u021bia candida\u021bilor: 22 \u2013 23 iulie; <strong><br \/>\n<\/strong><\/li>\n<li>afi\u0219area rezultatelor: 24 iulie;<\/li>\n<li>contesta\u021bii (doar pentru proba scris\u0103): 25 iulie;<\/li>\n<li>afi\u0219area rezultatelor: 26 iulie;<\/li>\n<li>afi\u0219area listei finale cu candida\u021bii declara\u021bi admi\u0219i: 29 iulie;<\/li>\n<li>confirmarea ocup\u0103rii locului: 30 \u2013 31 iulie.<\/li>\n<\/ul>\n<p><span style=\"color: #ff0000;\"><b>Programarea probelor:<\/b><\/span><\/p>\n<ul>\n<li><span style=\"color: #ff0000;\">Proba scris\u0103: 22 iulie 2024, orele 09-12, \u00een sala L1;<\/span><\/li>\n<li><span style=\"color: #ff0000;\">Proba oral\u0103: 22 iulie 2024, \u00eencep\u00e2nd cu ora 13, \u00een sala L1.<\/span><\/li>\n<\/ul>\n<p>&nbsp;<\/p>\n<p>&nbsp;<\/p>\n<p><b>Num\u0103rul de locuri<\/b> pentru anul universitar 2024-2025:<\/p>\n<table style=\"width: 93.4934%;\">\n<thead>\n<tr>\n<td style=\"width: 14.8699%;\">\u0218coala doctoral\u0103<\/td>\n<td style=\"width: 32.5898%;\">LOCURI REPARTIZATE STATISTIC<\/td>\n<td style=\"width: 14.5647%;\">PRIORITARE<\/td>\n<td style=\"width: 15.5729%;\">TOTAL BUGET<\/td>\n<td style=\"width: 35.0801%;\">DIN CARE CU BURS\u0102 ME<\/td>\n<\/tr>\n<\/thead>\n<tbody>\n<tr>\n<td style=\"width: 14.8699%;\">Fizic\u0103<\/td>\n<td style=\"width: 32.5898%;\">7<\/td>\n<td style=\"width: 14.5647%;\">1<\/td>\n<td style=\"width: 15.5729%;\">8<\/td>\n<td style=\"width: 35.0801%;\">4<\/td>\n<\/tr>\n<\/tbody>\n<\/table>\n<p>&nbsp;<\/p>\n<p><span style=\"color: #ff0000;\"><a style=\"color: #ff0000;\" href=\"https:\/\/www.phys.uaic.ro\/wp-content\/uploads\/2024\/01\/Regulament-admitere-doctorat-2024-UAIC.pdf\" target=\"_blank\" rel=\"noopener\"><strong><em>Metodologie UAIC privind organizarea \u0219i desf\u0103\u0219urarea admiterii \u00een ciclul de studii universitare de doctorat pentru anul universitar 2024-2025<\/em><\/strong><\/a><\/span><\/p>\n<div dir=\"ltr\" data-setdir=\"false\"><span style=\"color: #ff0000;\"><a style=\"color: #ff0000;\" href=\"https:\/\/www.phys.uaic.ro\/wp-content\/uploads\/2024\/02\/Monitorul-Oficial-Partea-I-nr.-111.pdf\" target=\"_blank\" rel=\"noopener\">Monitorul Oficial al Rom\u00e2niei, partea I, nr. 111<\/a><\/span><\/div>\n<div dir=\"ltr\" data-setdir=\"false\"><a href=\"https:\/\/www.phys.uaic.ro\/wp-content\/uploads\/2024\/02\/Monitorul-Oficial-Partea-I-nr.-112.pdf\" target=\"_blank\" rel=\"noopener\"><span style=\"color: #ff0000;\">Monitorul Oficial al Rom\u00e2niei, partea I, nr. 112<\/span><\/a><\/div>\n<div dir=\"ltr\" data-setdir=\"false\"><\/div>\n<p>&nbsp;<\/p>\n<div dir=\"ltr\" data-setdir=\"false\">Pentru ob\u021binerea certificatelor de limba englez\u0103 pute\u021bi s\u0103 programa\u021bi \u00een timpul verii acces\u00e2nd linkul<\/div>\n<div dir=\"ltr\" data-setdir=\"false\"><a tabindex=\"-1\" href=\"https:\/\/litere.uaic.ro\/testari-lingvistice-2\/\" target=\"_blank\" rel=\"external nofollow noopener noreferrer\">https:\/\/litere.uaic.ro\/testari-lingvistice-2\/<\/a><\/div>\n<div dir=\"ltr\" data-setdir=\"false\"><\/div>\n<div dir=\"ltr\" data-setdir=\"false\"><\/div>\n<p>&nbsp;<\/p>\n","protected":false},"excerpt":{"rendered":"<p>&nbsp; REZULTATE ADMITERE DOCTORAT &#8211; septembrie 2024 &nbsp; SESIUNEA SEPTEMBRIE \u00eenscrierea candida\u021bilor: 09 \u2013 13 septembrie; selec\u021bia candida\u021bilor: 16 \u2013 19 septembrie; afi\u0219area rezultatelor: 20 septembrie; contesta\u021bii (doar pentru proba scris\u0103): 23 septembrie; afi\u0219area rezultatelor: 24 septembrie; afi\u0219area listei finale cu candida\u021bii declara\u021bi admi\u0219i: 24 septembrie; confirmarea ocup\u0103rii locului: 25 \u2013 26 septembrie. Programarea probelor: Proba scris\u0103: 17.09.2024,\u2026 <span class=\"read-more\"><a href=\"https:\/\/www.phys.uaic.ro\/index.php\/sesiunea-iulie-2024\/\">Read More &raquo;<\/a><\/span><\/p>\n","protected":false},"author":4,"featured_media":0,"parent":0,"menu_order":0,"comment_status":"closed","ping_status":"closed","template":"","meta":{"footnotes":""},"class_list":["post-20938","page","type-page","status-publish","hentry"],"_links":{"self":[{"href":"https:\/\/www.phys.uaic.ro\/index.php\/wp-json\/wp\/v2\/pages\/20938","targetHints":{"allow":["GET"]}}],"collection":[{"href":"https:\/\/www.phys.uaic.ro\/index.php\/wp-json\/wp\/v2\/pages"}],"about":[{"href":"https:\/\/www.phys.uaic.ro\/index.php\/wp-json\/wp\/v2\/types\/page"}],"author":[{"embeddable":true,"href":"https:\/\/www.phys.uaic.ro\/index.php\/wp-json\/wp\/v2\/users\/4"}],"replies":[{"embeddable":true,"href":"https:\/\/www.phys.uaic.ro\/index.php\/wp-json\/wp\/v2\/comments?post=20938"}],"version-history":[{"count":0,"href":"https:\/\/www.phys.uaic.ro\/index.php\/wp-json\/wp\/v2\/pages\/20938\/revisions"}],"wp:attachment":[{"href":"https:\/\/www.phys.uaic.ro\/index.php\/wp-json\/wp\/v2\/media?parent=20938"}],"curies":[{"name":"wp","href":"https:\/\/api.w.org\/{rel}","templated":true}]}}