{"id":21302,"date":"2024-03-14T13:33:49","date_gmt":"2024-03-14T11:33:49","guid":{"rendered":"https:\/\/www.phys.uaic.ro\/?page_id=21302"},"modified":"2024-03-14T13:33:49","modified_gmt":"2024-03-14T11:33:49","slug":"anunt-privind-sustinerea-raportului-de-cercetare-a-drd-vartic-g-raluca-pe-data-de-22-03-2024","status":"publish","type":"page","link":"https:\/\/www.phys.uaic.ro\/index.php\/anunt-privind-sustinerea-raportului-de-cercetare-a-drd-vartic-g-raluca-pe-data-de-22-03-2024\/","title":{"rendered":"Anun\u021b privind sus\u021binerea raportului de cercetare a drd. VARTIC G. RALUCA pe data de 22.03.2024"},"content":{"rendered":"<p>La data de\u00a0<strong>22 martie 2024<\/strong>, \u00eencep\u00e2nd cu ora\u00a0<strong>14<sup>00<\/sup><\/strong>\u00a0\u00een\u00a0<strong>laboratorul de Spectroscopie (LOASL)<\/strong>\u00a0va avea loc sus\u021binerea raportului de cercetare cu titlul\u00a0<strong><em>\u201d<\/em><\/strong><strong><em>Monitorizarea \u0219i caracterizarea unor poluan\u021bi specifici \u00een aglomerarea urban\u0103 Ia\u0219i utiliz\u00e2nd tehnologii bazate pe spectroscopia Raman\u201d<\/em><\/strong>, prezentat de\u00a0<strong>studenta-doctorand\u0103\u00a0Vartic (c\u0103s. Gr\u0103dinaru) Raluca<\/strong>, sub \u00eendrumarea\u00a0<strong>prof. univ. dr. habil<\/strong><strong>. Liviu LEONTIE<\/strong>.<\/p>\n","protected":false},"excerpt":{"rendered":"<p>La data de\u00a022 martie 2024, \u00eencep\u00e2nd cu ora\u00a01400\u00a0\u00een\u00a0laboratorul de Spectroscopie (LOASL)\u00a0va avea loc sus\u021binerea raportului de cercetare cu titlul\u00a0\u201dMonitorizarea \u0219i caracterizarea unor poluan\u021bi specifici \u00een aglomerarea urban\u0103 Ia\u0219i utiliz\u00e2nd tehnologii bazate pe spectroscopia Raman\u201d, prezentat de\u00a0studenta-doctorand\u0103\u00a0Vartic (c\u0103s. Gr\u0103dinaru) Raluca, sub \u00eendrumarea\u00a0prof. univ. dr. habil. Liviu LEONTIE.<\/p>\n","protected":false},"author":4,"featured_media":0,"parent":0,"menu_order":0,"comment_status":"closed","ping_status":"closed","template":"","meta":{"footnotes":""},"class_list":["post-21302","page","type-page","status-publish","hentry"],"_links":{"self":[{"href":"https:\/\/www.phys.uaic.ro\/index.php\/wp-json\/wp\/v2\/pages\/21302","targetHints":{"allow":["GET"]}}],"collection":[{"href":"https:\/\/www.phys.uaic.ro\/index.php\/wp-json\/wp\/v2\/pages"}],"about":[{"href":"https:\/\/www.phys.uaic.ro\/index.php\/wp-json\/wp\/v2\/types\/page"}],"author":[{"embeddable":true,"href":"https:\/\/www.phys.uaic.ro\/index.php\/wp-json\/wp\/v2\/users\/4"}],"replies":[{"embeddable":true,"href":"https:\/\/www.phys.uaic.ro\/index.php\/wp-json\/wp\/v2\/comments?post=21302"}],"version-history":[{"count":0,"href":"https:\/\/www.phys.uaic.ro\/index.php\/wp-json\/wp\/v2\/pages\/21302\/revisions"}],"wp:attachment":[{"href":"https:\/\/www.phys.uaic.ro\/index.php\/wp-json\/wp\/v2\/media?parent=21302"}],"curies":[{"name":"wp","href":"https:\/\/api.w.org\/{rel}","templated":true}]}}