{"id":21789,"date":"2024-05-15T18:29:00","date_gmt":"2024-05-15T15:29:00","guid":{"rendered":"https:\/\/www.phys.uaic.ro\/?page_id=21789"},"modified":"2024-05-22T16:28:06","modified_gmt":"2024-05-22T13:28:06","slug":"concurs-pentru-ocuparea-functiei-de-decan-2024-2029","status":"publish","type":"page","link":"https:\/\/www.phys.uaic.ro\/index.php\/concurs-pentru-ocuparea-functiei-de-decan-2024-2029\/","title":{"rendered":"Concurs pentru ocuparea func\u021biei de decan 2024-2029"},"content":{"rendered":"<h2><a href=\"https:\/\/www.uaic.ro\/wp-content\/uploads\/2024\/04\/Anex%C4%83-HS5_15.04.2024-2.pdf\" target=\"_blank\" rel=\"noopener\">Metodologia pentru de concurs pentru ocuparea func\u021biei de Decan \u00een Universitatea &#8222;Alexandru Ioan Cuza&#8221; din Ia\u0219i\u00a0<\/a><\/h2>\n<h2>Candidaturi pentru func\u021bia de Decan al Facult\u0103\u0163ii de Fizic\u0103 &#8211; mai 2024 (22 mai 2024)<\/h2>\n<h3>Prof. Univ. Dr.\u00a0 Habil. Ionu\u021b-Cristian TOPAL\u0102<\/h3>\n<ul>\n<li><a href=\"https:\/\/www.phys.uaic.ro\/wp-content\/uploads\/2024\/05\/declaratie-candidatura-pt-functia-DECAN-Ionut-Topala-2024.pdf\" target=\"_blank\" rel=\"noopener\">Declara\u021bia de candidatur\u0103<\/a><\/li>\n<li><a href=\"https:\/\/www.phys.uaic.ro\/wp-content\/uploads\/2024\/05\/CV_Topala.pdf\" target=\"_blank\" rel=\"noopener\">Curriculum Vitae<\/a><\/li>\n<li><a href=\"https:\/\/www.phys.uaic.ro\/wp-content\/uploads\/2024\/05\/program-managerial-Topala_2024.pdf\" target=\"_blank\" rel=\"noopener\">Programul managerial<\/a><\/li>\n<\/ul>\n<h3>Lect. Univ. Dr. C\u0103t\u0103lin AGHEORGHIESEI<\/h3>\n<ul>\n<li><a href=\"https:\/\/www.phys.uaic.ro\/wp-content\/uploads\/2024\/05\/declaratie-candidatura-pt-functia-de-DECAN-Catalin-Agheorghiesei-2024.pdf\" target=\"_blank\" rel=\"noopener\">Declara\u021bia de candidatur\u0103<\/a><\/li>\n<li><a href=\"https:\/\/www.phys.uaic.ro\/wp-content\/uploads\/2024\/05\/CV_22mai2024_RO_C.-Agheorghiesei.pdf\" target=\"_blank\" rel=\"noopener\">Curriculum Vitae<\/a><\/li>\n<li><a href=\"https:\/\/www.phys.uaic.ro\/wp-content\/uploads\/2024\/05\/Program-managerial_C_Agheorghiesei.pdf\" target=\"_blank\" rel=\"noopener\">Programul managerial<\/a><\/li>\n<\/ul>\n<h2>Candidaturi pentru func\u021bia de Decan al Facult\u0103\u0163ii de Fizic\u0103 &#8211; mai 2024 (16 mai 2024)<\/h2>\n<h3>Conf. Univ. Dr. Habil. Lavinia-Petronela CURECHERIU<\/h3>\n<ul>\n<li><a href=\"https:\/\/www.phys.uaic.ro\/wp-content\/uploads\/2024\/05\/Declaratie_Candidatura_Lavinia_Curecheriu.pdf\" target=\"_blank\" rel=\"noopener\">Declara\u021bia de candidatur\u0103\u00a0<\/a><\/li>\n<li><a href=\"https:\/\/www.phys.uaic.ro\/wp-content\/uploads\/2024\/05\/CV_Lavinia_Curecheriu.pdf\" target=\"_blank\" rel=\"noopener\">Curriculum Vitae<\/a><\/li>\n<li><a href=\"https:\/\/www.phys.uaic.ro\/wp-content\/uploads\/2024\/05\/Program_managerial_Lavinia_Curecheriu.pdf\" target=\"_blank\" rel=\"noopener\">Programul managerial\u00a0<\/a><\/li>\n<\/ul>\n<h3>Prof. Univ. Dr.\u00a0 Habil. Ionu\u021b-Cristian TOPAL\u0102<\/h3>\n<ul>\n<li><a href=\"https:\/\/www.phys.uaic.ro\/wp-content\/uploads\/2024\/05\/Declaratie_Candidatura_Ionut_Topala.pdf\" target=\"_blank\" rel=\"noopener\">Declara\u021bia de candidatur\u0103\u00a0<\/a><\/li>\n<li><a href=\"https:\/\/www.phys.uaic.ro\/wp-content\/uploads\/2024\/05\/CV_Ionut_Topala.pdf\" target=\"_blank\" rel=\"noopener\">Curriculum Vitae<\/a><\/li>\n<li><a href=\"https:\/\/www.phys.uaic.ro\/wp-content\/uploads\/2024\/05\/Program_managerial_Ionut_Topala.pdf\" target=\"_blank\" rel=\"noopener\">Programul managerial\u00a0<\/a><\/li>\n<\/ul>\n<p><a href=\"https:\/\/www.phys.uaic.ro\/index.php\/alegeri-2024\/\">ALEGERI 2024<\/a><\/p>\n","protected":false},"excerpt":{"rendered":"<p>Metodologia pentru de concurs pentru ocuparea func\u021biei de Decan \u00een Universitatea &#8222;Alexandru Ioan Cuza&#8221; din Ia\u0219i\u00a0 Candidaturi pentru func\u021bia de Decan al Facult\u0103\u0163ii de Fizic\u0103 &#8211; mai 2024 (22 mai 2024) Prof. Univ. Dr.\u00a0 Habil. Ionu\u021b-Cristian TOPAL\u0102 Declara\u021bia de candidatur\u0103 Curriculum Vitae Programul managerial Lect. Univ. Dr. C\u0103t\u0103lin AGHEORGHIESEI Declara\u021bia de candidatur\u0103 Curriculum Vitae Programul managerial Candidaturi pentru\u2026 <span class=\"read-more\"><a href=\"https:\/\/www.phys.uaic.ro\/index.php\/concurs-pentru-ocuparea-functiei-de-decan-2024-2029\/\">Read More &raquo;<\/a><\/span><\/p>\n","protected":false},"author":3,"featured_media":0,"parent":0,"menu_order":0,"comment_status":"closed","ping_status":"closed","template":"","meta":{"footnotes":""},"class_list":["post-21789","page","type-page","status-publish","hentry"],"_links":{"self":[{"href":"https:\/\/www.phys.uaic.ro\/index.php\/wp-json\/wp\/v2\/pages\/21789","targetHints":{"allow":["GET"]}}],"collection":[{"href":"https:\/\/www.phys.uaic.ro\/index.php\/wp-json\/wp\/v2\/pages"}],"about":[{"href":"https:\/\/www.phys.uaic.ro\/index.php\/wp-json\/wp\/v2\/types\/page"}],"author":[{"embeddable":true,"href":"https:\/\/www.phys.uaic.ro\/index.php\/wp-json\/wp\/v2\/users\/3"}],"replies":[{"embeddable":true,"href":"https:\/\/www.phys.uaic.ro\/index.php\/wp-json\/wp\/v2\/comments?post=21789"}],"version-history":[{"count":0,"href":"https:\/\/www.phys.uaic.ro\/index.php\/wp-json\/wp\/v2\/pages\/21789\/revisions"}],"wp:attachment":[{"href":"https:\/\/www.phys.uaic.ro\/index.php\/wp-json\/wp\/v2\/media?parent=21789"}],"curies":[{"name":"wp","href":"https:\/\/api.w.org\/{rel}","templated":true}]}}