{"id":21821,"date":"2024-05-17T16:37:47","date_gmt":"2024-05-17T13:37:47","guid":{"rendered":"https:\/\/www.phys.uaic.ro\/?page_id=21821"},"modified":"2024-05-17T16:37:47","modified_gmt":"2024-05-17T13:37:47","slug":"anunt-privind-sustinerea-raportului-de-cercetare-a-drd-lungu-vitalie-pe-27-05-2024","status":"publish","type":"page","link":"https:\/\/www.phys.uaic.ro\/index.php\/anunt-privind-sustinerea-raportului-de-cercetare-a-drd-lungu-vitalie-pe-27-05-2024\/","title":{"rendered":"Anun\u021b privind sus\u021binerea raportului de cercetare a drd. LUNGU Vitalie pe 27.05.2024"},"content":{"rendered":"<p>La data de 27 mai 2024, \u00eencep\u00e2nd cu ora 13:00, \u00een Laboratorul de cercetare Astrofizic\u0103 (sala 372) va avea loc sus\u021binerea raportului de cercetare cu titlul \u201e<em>Generalizarea solu\u021biei Kiselev pentru g\u0103uri negre cu simetrie sferic\u0103<\/em>\u201d, prezentat de studentul-doctarand LUNGU Vitalie, sub \u00eendrumarea prof. univ. dr. Marina-Aura DARIESCU.<\/p>\n","protected":false},"excerpt":{"rendered":"<p>La data de 27 mai 2024, \u00eencep\u00e2nd cu ora 13:00, \u00een Laboratorul de cercetare Astrofizic\u0103 (sala 372) va avea loc sus\u021binerea raportului de cercetare cu titlul \u201eGeneralizarea solu\u021biei Kiselev pentru g\u0103uri negre cu simetrie sferic\u0103\u201d, prezentat de studentul-doctarand LUNGU Vitalie, sub \u00eendrumarea prof. univ. dr. Marina-Aura DARIESCU.<\/p>\n","protected":false},"author":4,"featured_media":0,"parent":0,"menu_order":0,"comment_status":"closed","ping_status":"closed","template":"","meta":{"footnotes":""},"class_list":["post-21821","page","type-page","status-publish","hentry"],"_links":{"self":[{"href":"https:\/\/www.phys.uaic.ro\/index.php\/wp-json\/wp\/v2\/pages\/21821","targetHints":{"allow":["GET"]}}],"collection":[{"href":"https:\/\/www.phys.uaic.ro\/index.php\/wp-json\/wp\/v2\/pages"}],"about":[{"href":"https:\/\/www.phys.uaic.ro\/index.php\/wp-json\/wp\/v2\/types\/page"}],"author":[{"embeddable":true,"href":"https:\/\/www.phys.uaic.ro\/index.php\/wp-json\/wp\/v2\/users\/4"}],"replies":[{"embeddable":true,"href":"https:\/\/www.phys.uaic.ro\/index.php\/wp-json\/wp\/v2\/comments?post=21821"}],"version-history":[{"count":0,"href":"https:\/\/www.phys.uaic.ro\/index.php\/wp-json\/wp\/v2\/pages\/21821\/revisions"}],"wp:attachment":[{"href":"https:\/\/www.phys.uaic.ro\/index.php\/wp-json\/wp\/v2\/media?parent=21821"}],"curies":[{"name":"wp","href":"https:\/\/api.w.org\/{rel}","templated":true}]}}